{"id":10154,"date":"2024-08-22T14:41:04","date_gmt":"2024-08-22T13:41:04","guid":{"rendered":"https:\/\/tremunpiercing.com\/?post_type=product&#038;p=10154"},"modified":"2026-04-14T11:14:29","modified_gmt":"2026-04-14T10:14:29","slug":"firenze","status":"publish","type":"product","link":"https:\/\/tremunpiercing.com\/hr\/product\/firenze\/","title":{"rendered":"Firenca"},"content":{"rendered":"<p>Otkrijte bezvremenski luksuz za svoju kolekciju piercinga u Firenze navojnom vrhu iz Shanga Jewellery. Izra\u0111en u potpunosti od 18-karatnog \u017eutog zlata, Firenze vrh ima dimenzije 6,7 mm x 4,1 mm i krasi ga izvrsni kubni cirkonij za izniman sjaj. Vrh ima navojnu konstrukciju od 14G, \u0161to omogu\u0107uje sigurno i pouzdano pristajanje i za piercere i za klijente. Firenze navojni vrh kompatibilan je s 14G labret stupi\u0107ima i iznimno je prikladan za piercing hrskavice, usne i druge kompatibilne i izdr\u017eljive piercinge.<\/p>\n<p>Kombinacija zlata i briljantnog cirkonija \u010dini ovaj dizajn nakita jednostavnim za ve\u0107inu no\u0161enja - dovoljno suptilan za svakodnevno no\u0161enje, a opet blistav kada se uklopi u ve\u0107e izlo\u017ebe. Dizajniran za profesionalnu upotrebu, Firenze navojni vrh je hipoalergen i izra\u0111en za osjetljivu ko\u017eu za dodatnu udobnost i sigurnost. Bez obzira jeste li studio za piercing ili prodava\u010d nakita, Firenze vrh je neophodan za prisutnost visokokvalitetnih zlatnih vrhova za piercing koji izdr\u017eavaju test vremena.<\/p>","protected":false},"excerpt":{"rendered":"<ul>\n<li>Navojni vrh<\/li>\n<li>Materijal: \u017duto zlato 18k<\/li>\n<li>Mjera\u010d: 14G<\/li>\n<li>Veli\u010dina: 6,7 mm x 4,1 mm<\/li>\n<li>Dragulj: Kubni cirkonij<\/li>\n<li>Kompatibilno s 14G labret stupovima<\/li>\n<li>Marka: Shanga Jewellery<\/li>\n<\/ul>","protected":false},"featured_media":12808,"comment_status":"closed","ping_status":"closed","template":"","meta":{"_acf_changed":false},"product_brand":[],"product_cat":[337,398],"product_tag":[187,188,189,205,206,212,190,183,213,184,207],"class_list":{"0":"post-10154","1":"product","2":"type-product","3":"status-publish","4":"has-post-thumbnail","6":"product_cat-gold-jewelry","7":"product_cat-shanga","8":"product_tag-conch","9":"product_tag-ear","10":"product_tag-helix","11":"product_tag-lobe","12":"product_tag-lobulo","13":"product_tag-medusa","14":"product_tag-oreja","15":"product_tag-perforacion","16":"product_tag-philtrum","17":"product_tag-piercing","18":"product_tag-tragus","20":"first","21":"instock","22":"featured","23":"taxable","24":"shipping-taxable","25":"purchasable","26":"product-type-simple"},"acf":[],"gallery_images":[29619,29618],"_links":{"self":[{"href":"https:\/\/tremunpiercing.com\/hr\/wp-json\/wp\/v2\/product\/10154","targetHints":{"allow":["GET"]}}],"collection":[{"href":"https:\/\/tremunpiercing.com\/hr\/wp-json\/wp\/v2\/product"}],"about":[{"href":"https:\/\/tremunpiercing.com\/hr\/wp-json\/wp\/v2\/types\/product"}],"replies":[{"embeddable":true,"href":"https:\/\/tremunpiercing.com\/hr\/wp-json\/wp\/v2\/comments?post=10154"}],"version-history":[{"count":1,"href":"https:\/\/tremunpiercing.com\/hr\/wp-json\/wp\/v2\/product\/10154\/revisions"}],"predecessor-version":[{"id":29620,"href":"https:\/\/tremunpiercing.com\/hr\/wp-json\/wp\/v2\/product\/10154\/revisions\/29620"}],"wp:featuredmedia":[{"embeddable":true,"href":"https:\/\/tremunpiercing.com\/hr\/wp-json\/wp\/v2\/media\/12808"}],"wp:attachment":[{"href":"https:\/\/tremunpiercing.com\/hr\/wp-json\/wp\/v2\/media?parent=10154"}],"wp:term":[{"taxonomy":"product_brand","embeddable":true,"href":"https:\/\/tremunpiercing.com\/hr\/wp-json\/wp\/v2\/product_brand?post=10154"},{"taxonomy":"product_cat","embeddable":true,"href":"https:\/\/tremunpiercing.com\/hr\/wp-json\/wp\/v2\/product_cat?post=10154"},{"taxonomy":"product_tag","embeddable":true,"href":"https:\/\/tremunpiercing.com\/hr\/wp-json\/wp\/v2\/product_tag?post=10154"}],"curies":[{"name":"radni list","href":"https:\/\/api.w.org\/{rel}","templated":true}]}}