{"id":10157,"date":"2024-08-22T15:05:05","date_gmt":"2024-08-22T14:05:05","guid":{"rendered":"https:\/\/tremunpiercing.com\/?post_type=product&#038;p=10157"},"modified":"2025-12-04T16:10:04","modified_gmt":"2025-12-04T15:10:04","slug":"venezia","status":"publish","type":"product","link":"https:\/\/tremunpiercing.com\/hr\/product\/venezia\/","title":{"rendered":"Venecija"},"content":{"rendered":"<p>Venezia nastavak bez navoja iz Shanga Jewelleryja prekrasan je dodatak svakom piercingu i zasigurno \u0107e unijeti eleganciju inspiriranu talijanskom kuhinjom u va\u0161u kutiju za nakit. Venezia pribada\u010da izra\u0111ena je od 18-karatnog \u017eutog zlata i ukra\u0161ena je blistavim kubnim cirkonima. Venezia je dostupna u dvije veli\u010dine: velikoj (5,4 mm x 4 mm) i maloj (3,9 mm x 2,9 mm), \u0161to omogu\u0107uje pristajanje prema va\u0161em osobnom ukusu ili \u017eeljenom polo\u017eaju nakita. Sigurna navojna klauzula stvara sigurno i udobno pristajanje i za osobu koja se piercira i za klijenta, a istovremeno omogu\u0107uje jednostavnu promjenu nakita. Venezia nastavak bez navoja kompatibilan je s 16G i 14G navojnim labretom i odgovarat \u0107e \u0161irokom rasponu piercinga, uklju\u010duju\u0107i usne, u\u0161i i nosnice.<\/p>\n<p>Klasi\u010dna kombinacija zlata i kamenja \u010dini ovaj komad odli\u010dnim za studije koji \u017eele imati vrhunski, hipoalergeni nakit koji zadovoljava profesionalne standarde. Luksuzna zavr\u0161na obrada i dobro izra\u0111en dizajn Venezije \u010dine ga prekrasnim proizvodom za trgovce piercingom i profesionalce koji tra\u017ee fine zlatne vrhove koje \u0107e klijenti cijeniti.<\/p>","protected":false},"excerpt":{"rendered":"<ul>\n<li>Bez navoja \u2013 Gornji dio s pritisnom iglom<\/li>\n<li>Materijal: Gornji dio od 18-karatnog \u017eutog zlata, igla od nehr\u0111aju\u0107eg \u010delika<\/li>\n<li>Dragulj: Kubni cirkonij<\/li>\n<li>Kompatibilno s 16G i 14G labret stupi\u0107ima bez navoja<\/li>\n<li>Veli\u010dina: Velika 5,4 mm x 4 mm \u2013 Mala 3,9 mm x 2,9 mm<\/li>\n<li>Marka: Shanga Jewellery<\/li>\n<\/ul>","protected":false},"featured_media":10160,"comment_status":"closed","ping_status":"closed","template":"","meta":{"_acf_changed":false},"product_brand":[],"product_cat":[337,398],"product_tag":[187,188,189,205,206,212,190,183,213,184,207],"class_list":{"0":"post-10157","1":"product","2":"type-product","3":"status-publish","4":"has-post-thumbnail","6":"product_cat-gold-jewelry","7":"product_cat-shanga","8":"product_tag-conch","9":"product_tag-ear","10":"product_tag-helix","11":"product_tag-lobe","12":"product_tag-lobulo","13":"product_tag-medusa","14":"product_tag-oreja","15":"product_tag-perforacion","16":"product_tag-philtrum","17":"product_tag-piercing","18":"product_tag-tragus","20":"first","21":"instock","22":"taxable","23":"shipping-taxable","24":"product-type-variable"},"acf":[],"gallery_images":[],"_links":{"self":[{"href":"https:\/\/tremunpiercing.com\/hr\/wp-json\/wp\/v2\/product\/10157","targetHints":{"allow":["GET"]}}],"collection":[{"href":"https:\/\/tremunpiercing.com\/hr\/wp-json\/wp\/v2\/product"}],"about":[{"href":"https:\/\/tremunpiercing.com\/hr\/wp-json\/wp\/v2\/types\/product"}],"replies":[{"embeddable":true,"href":"https:\/\/tremunpiercing.com\/hr\/wp-json\/wp\/v2\/comments?post=10157"}],"version-history":[{"count":0,"href":"https:\/\/tremunpiercing.com\/hr\/wp-json\/wp\/v2\/product\/10157\/revisions"}],"wp:featuredmedia":[{"embeddable":true,"href":"https:\/\/tremunpiercing.com\/hr\/wp-json\/wp\/v2\/media\/10160"}],"wp:attachment":[{"href":"https:\/\/tremunpiercing.com\/hr\/wp-json\/wp\/v2\/media?parent=10157"}],"wp:term":[{"taxonomy":"product_brand","embeddable":true,"href":"https:\/\/tremunpiercing.com\/hr\/wp-json\/wp\/v2\/product_brand?post=10157"},{"taxonomy":"product_cat","embeddable":true,"href":"https:\/\/tremunpiercing.com\/hr\/wp-json\/wp\/v2\/product_cat?post=10157"},{"taxonomy":"product_tag","embeddable":true,"href":"https:\/\/tremunpiercing.com\/hr\/wp-json\/wp\/v2\/product_tag?post=10157"}],"curies":[{"name":"radni list","href":"https:\/\/api.w.org\/{rel}","templated":true}]}}