{"id":10177,"date":"2024-08-22T20:26:05","date_gmt":"2024-08-22T19:26:05","guid":{"rendered":"https:\/\/tremunpiercing.com\/?post_type=product&#038;p=10177"},"modified":"2026-04-14T10:59:52","modified_gmt":"2026-04-14T09:59:52","slug":"baguette-with-bullets","status":"publish","type":"product","link":"https:\/\/tremunpiercing.com\/hr\/product\/baguette-with-bullets\/","title":{"rendered":"Baguette s metacima"},"content":{"rendered":"<p>Shanga Jewellery&#039;s Baguette With Bullets predstavlja elegantan i smion dizajn vrhunskog nakita za tijelo. Izra\u0111en od 18-karatnog \u017eutog zlata, vrh bez navoja veli\u010dine je 2,9 mm x 6,9 mm i u sredini ima kristal kubnog cirkonija u obliku bageta. Svaka strana nakita ima detalje u obliku metaka za malo o\u0161trine, a istovremeno je luksuzan komad nakita za tijelo. Vrh odgovara labret stupi\u0107ima s pribada\u010dama od 16G ili 14G i ostaje profesionalne kvalitete. Namijenjen je za nakit za helix, tragus, lobus ili nosnicu te ispunjava \u017eelju klijenata za nakitom koji se isti\u010de stilom i sofisticirano\u0161\u0107u.<\/p>\n<p>Kupci koji \u017eele kupovati na veliko odu\u0161evit \u0107e se kvalitetom izrade ovog nakita za tijelo, kao i njegovim modernim stilom, koji upotpunjuje kolekcije svakog dizajnera. Baguette s mecima ima preciznost, izdr\u017eljivost i napredan modni dizajn, \u0161to ga \u010dini idealnim izborom za studije i trgovce.<\/p>","protected":false},"excerpt":{"rendered":"<ul>\n<li>Vrh bez navoja \u2013 igla od nehr\u0111aju\u0107eg \u010delika 25ga<\/li>\n<li>Materijal: \u017duto zlato 18k<\/li>\n<li>Veli\u010dina: 2,9 mm x 6,9 mm<\/li>\n<li>Dragulj: Kubni cirkonij<\/li>\n<li>Kompatibilno s labretima bez navoja 16G i 14G<\/li>\n<li>Marka: Shanga Jewellery<\/li>\n<\/ul>","protected":false},"featured_media":10178,"comment_status":"closed","ping_status":"closed","template":"","meta":{"_acf_changed":false},"product_brand":[],"product_cat":[337,398],"product_tag":[187,188,189,205,206,212,190,183,213,184,207],"class_list":{"0":"post-10177","1":"product","2":"type-product","3":"status-publish","4":"has-post-thumbnail","6":"product_cat-gold-jewelry","7":"product_cat-shanga","8":"product_tag-conch","9":"product_tag-ear","10":"product_tag-helix","11":"product_tag-lobe","12":"product_tag-lobulo","13":"product_tag-medusa","14":"product_tag-oreja","15":"product_tag-perforacion","16":"product_tag-philtrum","17":"product_tag-piercing","18":"product_tag-tragus","20":"first","21":"instock","22":"taxable","23":"shipping-taxable","24":"purchasable","25":"product-type-simple"},"acf":[],"gallery_images":[29617,29616],"_links":{"self":[{"href":"https:\/\/tremunpiercing.com\/hr\/wp-json\/wp\/v2\/product\/10177","targetHints":{"allow":["GET"]}}],"collection":[{"href":"https:\/\/tremunpiercing.com\/hr\/wp-json\/wp\/v2\/product"}],"about":[{"href":"https:\/\/tremunpiercing.com\/hr\/wp-json\/wp\/v2\/types\/product"}],"replies":[{"embeddable":true,"href":"https:\/\/tremunpiercing.com\/hr\/wp-json\/wp\/v2\/comments?post=10177"}],"version-history":[{"count":1,"href":"https:\/\/tremunpiercing.com\/hr\/wp-json\/wp\/v2\/product\/10177\/revisions"}],"predecessor-version":[{"id":28961,"href":"https:\/\/tremunpiercing.com\/hr\/wp-json\/wp\/v2\/product\/10177\/revisions\/28961"}],"wp:featuredmedia":[{"embeddable":true,"href":"https:\/\/tremunpiercing.com\/hr\/wp-json\/wp\/v2\/media\/10178"}],"wp:attachment":[{"href":"https:\/\/tremunpiercing.com\/hr\/wp-json\/wp\/v2\/media?parent=10177"}],"wp:term":[{"taxonomy":"product_brand","embeddable":true,"href":"https:\/\/tremunpiercing.com\/hr\/wp-json\/wp\/v2\/product_brand?post=10177"},{"taxonomy":"product_cat","embeddable":true,"href":"https:\/\/tremunpiercing.com\/hr\/wp-json\/wp\/v2\/product_cat?post=10177"},{"taxonomy":"product_tag","embeddable":true,"href":"https:\/\/tremunpiercing.com\/hr\/wp-json\/wp\/v2\/product_tag?post=10177"}],"curies":[{"name":"radni list","href":"https:\/\/api.w.org\/{rel}","templated":true}]}}