{"id":10179,"date":"2024-08-22T20:38:18","date_gmt":"2024-08-22T19:38:18","guid":{"rendered":"https:\/\/tremunpiercing.com\/?post_type=product&#038;p=10179"},"modified":"2026-04-14T10:55:03","modified_gmt":"2026-04-14T09:55:03","slug":"baguette-double-point","status":"publish","type":"product","link":"https:\/\/tremunpiercing.com\/hr\/product\/baguette-double-point\/","title":{"rendered":"Baguette Double Point"},"content":{"rendered":"<p>Shanga Jewelry&#039;s Baguette Double Point je elegantan vrh za nakit bez navoja, dizajniran za va\u0161eg piercera ili piercera va\u0161eg klijenta! Vrh od 18-karatnog \u017eutog zlata je vrh u obliku igle dimenzija 2,9 mm x 5,5 mm i ima prekrasan kubni cirkon u obliku bageta postavljen u okvir s dvostrukim vrhom. Preciznost modernog dizajna podi\u0107i \u0107e svaki piercing na vi\u0161u razinu zahvaljuju\u0107i o\u0161trom stilu.<\/p>\n<p>Minimalisti\u010dki i luksuzni, baguette double point jedan je od najpopularnijih stilova me\u0111u klijentima koji preferiraju \u010dist i suvremen izgled. Gornji dio je prikladan za labret stupi\u0107e bez navoja 16G i 14G te se mo\u017ee nositi na mjestima koja uklju\u010duju nosnicu, tragus, heliks i re\u017enjeve s udobno\u0161\u0107u i lako\u0107om. Za veleprodajne i studio kupce, baguette double point je vrhunski proizvod koji je funkcionalan, pove\u0107ava zalihe i vrhunski je izbor me\u0111u piercerima i klijentima.<\/p>","protected":false},"excerpt":{"rendered":"<ul>\n<li>Vrh bez navoja<\/li>\n<li>Materijal: \u017duto zlato 18k<\/li>\n<li>Veli\u010dina: 2,9 mm x 5,5 mm<\/li>\n<li>Dragulj: Kubni cirkonij<\/li>\n<li>Kompatibilno s 16G i 14G labret stupi\u0107ima bez navoja<\/li>\n<li>Marka: Shanga Jewellery<\/li>\n<\/ul>","protected":false},"featured_media":12792,"comment_status":"closed","ping_status":"closed","template":"","meta":{"_acf_changed":false},"product_brand":[],"product_cat":[337,398],"product_tag":[187,188,189,205,206,212,190,183,213,184,207],"class_list":{"0":"post-10179","1":"product","2":"type-product","3":"status-publish","4":"has-post-thumbnail","6":"product_cat-gold-jewelry","7":"product_cat-shanga","8":"product_tag-conch","9":"product_tag-ear","10":"product_tag-helix","11":"product_tag-lobe","12":"product_tag-lobulo","13":"product_tag-medusa","14":"product_tag-oreja","15":"product_tag-perforacion","16":"product_tag-philtrum","17":"product_tag-piercing","18":"product_tag-tragus","20":"first","21":"instock","22":"featured","23":"taxable","24":"shipping-taxable","25":"purchasable","26":"product-type-simple"},"acf":[],"gallery_images":[29615,29614],"_links":{"self":[{"href":"https:\/\/tremunpiercing.com\/hr\/wp-json\/wp\/v2\/product\/10179","targetHints":{"allow":["GET"]}}],"collection":[{"href":"https:\/\/tremunpiercing.com\/hr\/wp-json\/wp\/v2\/product"}],"about":[{"href":"https:\/\/tremunpiercing.com\/hr\/wp-json\/wp\/v2\/types\/product"}],"replies":[{"embeddable":true,"href":"https:\/\/tremunpiercing.com\/hr\/wp-json\/wp\/v2\/comments?post=10179"}],"version-history":[{"count":1,"href":"https:\/\/tremunpiercing.com\/hr\/wp-json\/wp\/v2\/product\/10179\/revisions"}],"predecessor-version":[{"id":28960,"href":"https:\/\/tremunpiercing.com\/hr\/wp-json\/wp\/v2\/product\/10179\/revisions\/28960"}],"wp:featuredmedia":[{"embeddable":true,"href":"https:\/\/tremunpiercing.com\/hr\/wp-json\/wp\/v2\/media\/12792"}],"wp:attachment":[{"href":"https:\/\/tremunpiercing.com\/hr\/wp-json\/wp\/v2\/media?parent=10179"}],"wp:term":[{"taxonomy":"product_brand","embeddable":true,"href":"https:\/\/tremunpiercing.com\/hr\/wp-json\/wp\/v2\/product_brand?post=10179"},{"taxonomy":"product_cat","embeddable":true,"href":"https:\/\/tremunpiercing.com\/hr\/wp-json\/wp\/v2\/product_cat?post=10179"},{"taxonomy":"product_tag","embeddable":true,"href":"https:\/\/tremunpiercing.com\/hr\/wp-json\/wp\/v2\/product_tag?post=10179"}],"curies":[{"name":"radni list","href":"https:\/\/api.w.org\/{rel}","templated":true}]}}