{"id":10187,"date":"2024-08-22T20:59:17","date_gmt":"2024-08-22T19:59:17","guid":{"rendered":"https:\/\/tremunpiercing.com\/?post_type=product&#038;p=10187"},"modified":"2026-04-14T10:42:56","modified_gmt":"2026-04-14T09:42:56","slug":"timanfaya-with-beads","status":"publish","type":"product","link":"https:\/\/tremunpiercing.com\/hr\/product\/timanfaya-with-beads\/","title":{"rendered":"Timanfaya s perlicama"},"content":{"rendered":"<p>Timanfaya s perlicama marke Shanga Jewellery jedinstveni je vrh bez konca stvoren za one koji u\u017eivaju u nakitu s osobno\u0161\u0107u i elegancijom. Izra\u0111en od luksuznog 18-karatnog \u017eutog zlata, ovaj vrh s pribada\u010dom dimenzija 5,1 mm x 5,9 mm ima prekrasne kubne cirkone postavljene unutar nje\u017enog aran\u017emana odgovaraju\u0107ih zlatnih perlica. Ovaj dizajn stvara jedinstven teksturirani izgled koji posti\u017ee pravu ravnote\u017eu izme\u0111u sjaja i elegancije.<\/p>\n<p>Dizajniran da odgovara labret stupi\u0107ima od 16G i 14G, ovaj se predmet mo\u017ee profesionalno koristiti s povjerenjem. Vrh Timanfaya s perlicama, budu\u0107i da je svestran komad, prikladan je za tragus, heliks, re\u017eanj i hrskavicu te \u0107e definitivno privu\u0107i klijenta koji tra\u017ei odva\u017ean dizajn i lijepu kvalitetu. Veleprodajni kupci i studiji mogu ponuditi Timanfaya s perlicama svojim klijentima kao kolekciju na poseban na\u010din, postaju\u0107i atraktivniji u prikazima piercinga. Detalji i \u010dista izrada u ovom komadu odra\u017eavaju luksuz i kreativnost potrebnu da bi bio zna\u010dajan predmet za maloprodaju nakita za tijelo i impresioniranje va\u0161ih kupaca.<\/p>","protected":false},"excerpt":{"rendered":"<ul>\n<li>Vrh bez navoja<\/li>\n<li>Materijal: \u017duto zlato 18k<\/li>\n<li>Veli\u010dina: 5,1 mm x 5,9 mm<\/li>\n<li>Dragulj: Kubni cirkonij<\/li>\n<li>Kompatibilno s labret stupi\u0107ima s pribada\u010dama od 16G i 14G<\/li>\n<li>Marka: Shanga Jewellery<\/li>\n<\/ul>","protected":false},"featured_media":10188,"comment_status":"closed","ping_status":"closed","template":"","meta":{"_acf_changed":false},"product_brand":[],"product_cat":[337,398],"product_tag":[187,188,189,205,206,212,190,183,213,184,207],"class_list":{"0":"post-10187","1":"product","2":"type-product","3":"status-publish","4":"has-post-thumbnail","6":"product_cat-gold-jewelry","7":"product_cat-shanga","8":"product_tag-conch","9":"product_tag-ear","10":"product_tag-helix","11":"product_tag-lobe","12":"product_tag-lobulo","13":"product_tag-medusa","14":"product_tag-oreja","15":"product_tag-perforacion","16":"product_tag-philtrum","17":"product_tag-piercing","18":"product_tag-tragus","20":"first","21":"instock","22":"taxable","23":"shipping-taxable","24":"purchasable","25":"product-type-simple"},"acf":[],"gallery_images":[29612,29611],"_links":{"self":[{"href":"https:\/\/tremunpiercing.com\/hr\/wp-json\/wp\/v2\/product\/10187","targetHints":{"allow":["GET"]}}],"collection":[{"href":"https:\/\/tremunpiercing.com\/hr\/wp-json\/wp\/v2\/product"}],"about":[{"href":"https:\/\/tremunpiercing.com\/hr\/wp-json\/wp\/v2\/types\/product"}],"replies":[{"embeddable":true,"href":"https:\/\/tremunpiercing.com\/hr\/wp-json\/wp\/v2\/comments?post=10187"}],"version-history":[{"count":1,"href":"https:\/\/tremunpiercing.com\/hr\/wp-json\/wp\/v2\/product\/10187\/revisions"}],"predecessor-version":[{"id":29613,"href":"https:\/\/tremunpiercing.com\/hr\/wp-json\/wp\/v2\/product\/10187\/revisions\/29613"}],"wp:featuredmedia":[{"embeddable":true,"href":"https:\/\/tremunpiercing.com\/hr\/wp-json\/wp\/v2\/media\/10188"}],"wp:attachment":[{"href":"https:\/\/tremunpiercing.com\/hr\/wp-json\/wp\/v2\/media?parent=10187"}],"wp:term":[{"taxonomy":"product_brand","embeddable":true,"href":"https:\/\/tremunpiercing.com\/hr\/wp-json\/wp\/v2\/product_brand?post=10187"},{"taxonomy":"product_cat","embeddable":true,"href":"https:\/\/tremunpiercing.com\/hr\/wp-json\/wp\/v2\/product_cat?post=10187"},{"taxonomy":"product_tag","embeddable":true,"href":"https:\/\/tremunpiercing.com\/hr\/wp-json\/wp\/v2\/product_tag?post=10187"}],"curies":[{"name":"radni list","href":"https:\/\/api.w.org\/{rel}","templated":true}]}}