{"id":10237,"date":"2024-08-26T15:56:42","date_gmt":"2024-08-26T14:56:42","guid":{"rendered":"https:\/\/tremunpiercing.com\/?post_type=product&#038;p=10237"},"modified":"2026-04-14T10:15:11","modified_gmt":"2026-04-14T09:15:11","slug":"triangle-alisea-3-with-bullets","status":"publish","type":"product","link":"https:\/\/tremunpiercing.com\/hr\/product\/triangle-alisea-3-with-bullets\/","title":{"rendered":"Trokut Alisea 3 s metacima"},"content":{"rendered":"<p>Trokutasti Alisea 3 s metacima iz Shanga Jewelleryja trendi je izbor za svaku luksuznu kolekciju piercinga. Izra\u0111en od \u010distog 18-karatnog \u017eutog zlata, ovaj vrh s navojem igle bez navoja pru\u017ea sigurnost i dugovje\u010dnost uz luksuznu zavr\u0161nu obradu. Trokutasti Alisea 3 s metacima mjeri 4,1 mm x 4,1 mm i ima svjetlucave kubne cirkone koji su namjerno postavljeni kako bi se osigurao maksimalan sjaj. Trokutasti Alisea 3 s metacima dizajniran je da savr\u0161eno funkcionira s labret stupom od 16G ili 14G, \u0161to ga \u010dini svestranim za profesionalne piercere s bilo kojim polo\u017eajem piercinga.<\/p>\n<p>Detalj dizajna metka dodaje moderan \u0161tih dizajnu i namijenjen je klijentu koji \u017eeli jedinstven, ali elegantan nakit. Sigurno i udobno pristajanje ovog vrha pru\u017eit \u0107e korisniku mir, bilo da se radi o piercingu nosnice, tragusa, heliksa ili bilo kojeg drugog uha. Veleprodajni kupci cijenit \u0107e kombinaciju izrade i luksuza s funkcionalno\u0161\u0107u. Veleprodajni kupci trebali bi razmotriti dodavanje ovog artikla svojoj ponudi vrhunskog nakita za tijelo; to je sigurno i udobno pristajanje bez kompromisa u kvaliteti.<\/p>","protected":false},"excerpt":{"rendered":"<ul>\n<li>Vrh bez navoja<\/li>\n<li>Materijal: \u017duto zlato 18k<\/li>\n<li>Veli\u010dina: 4,1 mm x 4,1 mm<\/li>\n<li>Dragulj: Kubni cirkonij<\/li>\n<li>Kompatibilno s labret stupi\u0107ima s pribada\u010dama od 16G i 14G<\/li>\n<li>Marka: Shanga Jewellery<\/li>\n<\/ul>","protected":false},"featured_media":10238,"comment_status":"closed","ping_status":"closed","template":"","meta":{"_acf_changed":false},"product_brand":[],"product_cat":[337,398],"product_tag":[187,188,189,205,206,212,190,183,213,184,207],"class_list":{"0":"post-10237","1":"product","2":"type-product","3":"status-publish","4":"has-post-thumbnail","6":"product_cat-gold-jewelry","7":"product_cat-shanga","8":"product_tag-conch","9":"product_tag-ear","10":"product_tag-helix","11":"product_tag-lobe","12":"product_tag-lobulo","13":"product_tag-medusa","14":"product_tag-oreja","15":"product_tag-perforacion","16":"product_tag-philtrum","17":"product_tag-piercing","18":"product_tag-tragus","20":"first","21":"instock","22":"taxable","23":"shipping-taxable","24":"purchasable","25":"product-type-simple"},"acf":[],"gallery_images":[29604,29603],"_links":{"self":[{"href":"https:\/\/tremunpiercing.com\/hr\/wp-json\/wp\/v2\/product\/10237","targetHints":{"allow":["GET"]}}],"collection":[{"href":"https:\/\/tremunpiercing.com\/hr\/wp-json\/wp\/v2\/product"}],"about":[{"href":"https:\/\/tremunpiercing.com\/hr\/wp-json\/wp\/v2\/types\/product"}],"replies":[{"embeddable":true,"href":"https:\/\/tremunpiercing.com\/hr\/wp-json\/wp\/v2\/comments?post=10237"}],"version-history":[{"count":1,"href":"https:\/\/tremunpiercing.com\/hr\/wp-json\/wp\/v2\/product\/10237\/revisions"}],"predecessor-version":[{"id":28955,"href":"https:\/\/tremunpiercing.com\/hr\/wp-json\/wp\/v2\/product\/10237\/revisions\/28955"}],"wp:featuredmedia":[{"embeddable":true,"href":"https:\/\/tremunpiercing.com\/hr\/wp-json\/wp\/v2\/media\/10238"}],"wp:attachment":[{"href":"https:\/\/tremunpiercing.com\/hr\/wp-json\/wp\/v2\/media?parent=10237"}],"wp:term":[{"taxonomy":"product_brand","embeddable":true,"href":"https:\/\/tremunpiercing.com\/hr\/wp-json\/wp\/v2\/product_brand?post=10237"},{"taxonomy":"product_cat","embeddable":true,"href":"https:\/\/tremunpiercing.com\/hr\/wp-json\/wp\/v2\/product_cat?post=10237"},{"taxonomy":"product_tag","embeddable":true,"href":"https:\/\/tremunpiercing.com\/hr\/wp-json\/wp\/v2\/product_tag?post=10237"}],"curies":[{"name":"radni list","href":"https:\/\/api.w.org\/{rel}","templated":true}]}}