{"id":11444,"date":"2024-10-09T20:58:15","date_gmt":"2024-10-09T19:58:15","guid":{"rendered":"https:\/\/tremunpiercing.com\/?post_type=product&#038;p=11444"},"modified":"2026-04-13T14:30:49","modified_gmt":"2026-04-13T13:30:49","slug":"kathy","status":"publish","type":"product","link":"https:\/\/tremunpiercing.com\/hr\/product\/kathy\/","title":{"rendered":"Kathy"},"content":{"rendered":"<p>Kathy nau\u0161nica s unutarnjim navojem vrhunska je nadogradnja za one koji se profesionalno bave piercingom. Izra\u0111ena od \u010distog 14-karatnog \u017eutog zlata, ova nau\u0161nica izvrsna je kombinacija luksuza i sigurnosti. 14G i veli\u010dine 7 mm, ova nau\u0161nica ukra\u0161ena je kubnim cirkonom koji \u0107e odu\u0161eviti svakoga. S unutarnjim navojem za lak\u0161e umetanje i bolju sigurnost, ova nau\u0161nica dizajnirana je za za\u0161titu osjetljivog tkiva tijekom umetanja. Izra\u0111ena od hipoalergenih materijala i otporna na tamnjenje, ova nau\u0161nica je izdr\u017eljiva i dugo \u0107e izgledati sjajno, a istovremeno \u0107e ostati udobna. Ova nau\u0161nica idealna je za piercing labreta, tragusa ili hrskavice. Dodajte Kathy nau\u0161nicu u svoju kolekciju nakita za tijelo kako biste svojim klijentima ponudili luksuzan i siguran nakit za tijelo.<\/p>","protected":false},"excerpt":{"rendered":"<ul>\n<li>Unutarnji navoj<\/li>\n<li>Materijal: \u017duto zlato 14k<\/li>\n<li>Dragulj: Kubni cirkonij<\/li>\n<li>Mjera\u010d: 14G<\/li>\n<li>Veli\u010dina: 7 mm<\/li>\n<\/ul>","protected":false},"featured_media":18608,"comment_status":"closed","ping_status":"closed","template":"","meta":{"_acf_changed":false},"product_brand":[],"product_cat":[337,463,400],"product_tag":[187,188,189,205,206,212,190,183,213,184,207],"class_list":{"0":"post-11444","1":"product","2":"type-product","3":"status-publish","4":"has-post-thumbnail","6":"product_cat-gold-jewelry","7":"product_cat-tops-gold-tremun","8":"product_cat-tremun","9":"product_tag-conch","10":"product_tag-ear","11":"product_tag-helix","12":"product_tag-lobe","13":"product_tag-lobulo","14":"product_tag-medusa","15":"product_tag-oreja","16":"product_tag-perforacion","17":"product_tag-philtrum","18":"product_tag-piercing","19":"product_tag-tragus","21":"first","22":"instock","23":"taxable","24":"shipping-taxable","25":"purchasable","26":"product-type-simple"},"acf":[],"gallery_images":[29579,29578],"_links":{"self":[{"href":"https:\/\/tremunpiercing.com\/hr\/wp-json\/wp\/v2\/product\/11444","targetHints":{"allow":["GET"]}}],"collection":[{"href":"https:\/\/tremunpiercing.com\/hr\/wp-json\/wp\/v2\/product"}],"about":[{"href":"https:\/\/tremunpiercing.com\/hr\/wp-json\/wp\/v2\/types\/product"}],"replies":[{"embeddable":true,"href":"https:\/\/tremunpiercing.com\/hr\/wp-json\/wp\/v2\/comments?post=11444"}],"version-history":[{"count":1,"href":"https:\/\/tremunpiercing.com\/hr\/wp-json\/wp\/v2\/product\/11444\/revisions"}],"predecessor-version":[{"id":29580,"href":"https:\/\/tremunpiercing.com\/hr\/wp-json\/wp\/v2\/product\/11444\/revisions\/29580"}],"wp:featuredmedia":[{"embeddable":true,"href":"https:\/\/tremunpiercing.com\/hr\/wp-json\/wp\/v2\/media\/18608"}],"wp:attachment":[{"href":"https:\/\/tremunpiercing.com\/hr\/wp-json\/wp\/v2\/media?parent=11444"}],"wp:term":[{"taxonomy":"product_brand","embeddable":true,"href":"https:\/\/tremunpiercing.com\/hr\/wp-json\/wp\/v2\/product_brand?post=11444"},{"taxonomy":"product_cat","embeddable":true,"href":"https:\/\/tremunpiercing.com\/hr\/wp-json\/wp\/v2\/product_cat?post=11444"},{"taxonomy":"product_tag","embeddable":true,"href":"https:\/\/tremunpiercing.com\/hr\/wp-json\/wp\/v2\/product_tag?post=11444"}],"curies":[{"name":"radni list","href":"https:\/\/api.w.org\/{rel}","templated":true}]}}