{"id":12464,"date":"2024-12-06T19:56:04","date_gmt":"2024-12-06T18:56:04","guid":{"rendered":"https:\/\/tremunpiercing.com\/?post_type=product&#038;p=12464"},"modified":"2026-04-13T14:29:42","modified_gmt":"2026-04-13T13:29:42","slug":"maria-yellow-gold-with-rubies","status":"publish","type":"product","link":"https:\/\/tremunpiercing.com\/hr\/product\/maria-yellow-gold-with-rubies\/","title":{"rendered":"Maria \u017euto zlato s rubinima"},"content":{"rendered":"<p>Zlatni kliker prsten s rubinom i laboratorijskim rubinima prekrasan je izbor za piercing studije i draguljarnice. Ovaj kliker od 16 g izra\u0111en je od 14-karatnog \u017eutog zlata promjera 8 mm, \u0161to ga \u010dini odli\u010dnim izborom za piercing septuma, daitha i hrskavice. \u017divahni crveni laboratorijski izra\u0111eni rubini dodaju prepoznatljiv da\u0161ak boje koji predstavlja strast i sofisticiranost. Kliker zatvaranje je sigurno, a istovremeno pru\u017ea funkcionalnu pogodnost za one koji se bave piercingom i trajnu udobnost za klijente. Svaki od Maria Ruby Clicker prstenova prekrasan je izbor za one koji \u017eele nakit koji ima smion stil bez \u017ertvovanja bezvremenske kvalitete. Ovo je impresivan komad koji bi trebao biti dio svake premium kolekcije piercinga. Maria Ruby Clicker prsten osigurat \u0107e uspjeh kao veleprodajni artikl i pobuditi interes me\u0111u kupcima koji tra\u017ee nakit s dragim kamenjem koji prikazuje autenti\u010dnost tradicije i modernog dizajna.<\/p>","protected":false},"excerpt":{"rendered":"<ul>\n<li>Kliker prsten<\/li>\n<li>Materijal: 14K \u017euto zlato<\/li>\n<li>Promjer: 8 mm<\/li>\n<li>Mjera\u010d: 16G<\/li>\n<li>Dragulj: Laboratorijski rubini<\/li>\n<\/ul>","protected":false},"featured_media":12466,"comment_status":"closed","ping_status":"closed","template":"","meta":{"_acf_changed":false},"product_brand":[],"product_cat":[337,464,400],"product_tag":[192,193,202,179,180,194,188,189,195,196,226,190,183,184,197,198],"class_list":{"0":"post-12464","1":"product","2":"type-product","3":"status-publish","4":"has-post-thumbnail","6":"product_cat-gold-jewelry","7":"product_cat-rings-gold-tremun","8":"product_cat-tremun","9":"product_tag-anillo","10":"product_tag-argolla","11":"product_tag-clicker","12":"product_tag-cristal","13":"product_tag-cz","14":"product_tag-daith","15":"product_tag-ear","16":"product_tag-helix","17":"product_tag-hinged-ring","18":"product_tag-nariz","19":"product_tag-opal","20":"product_tag-oreja","21":"product_tag-perforacion","22":"product_tag-piercing","23":"product_tag-ring","24":"product_tag-septum","26":"first","27":"instock","28":"taxable","29":"shipping-taxable","30":"purchasable","31":"product-type-simple"},"acf":[],"gallery_images":[29575,29576],"_links":{"self":[{"href":"https:\/\/tremunpiercing.com\/hr\/wp-json\/wp\/v2\/product\/12464","targetHints":{"allow":["GET"]}}],"collection":[{"href":"https:\/\/tremunpiercing.com\/hr\/wp-json\/wp\/v2\/product"}],"about":[{"href":"https:\/\/tremunpiercing.com\/hr\/wp-json\/wp\/v2\/types\/product"}],"replies":[{"embeddable":true,"href":"https:\/\/tremunpiercing.com\/hr\/wp-json\/wp\/v2\/comments?post=12464"}],"version-history":[{"count":1,"href":"https:\/\/tremunpiercing.com\/hr\/wp-json\/wp\/v2\/product\/12464\/revisions"}],"predecessor-version":[{"id":29577,"href":"https:\/\/tremunpiercing.com\/hr\/wp-json\/wp\/v2\/product\/12464\/revisions\/29577"}],"wp:featuredmedia":[{"embeddable":true,"href":"https:\/\/tremunpiercing.com\/hr\/wp-json\/wp\/v2\/media\/12466"}],"wp:attachment":[{"href":"https:\/\/tremunpiercing.com\/hr\/wp-json\/wp\/v2\/media?parent=12464"}],"wp:term":[{"taxonomy":"product_brand","embeddable":true,"href":"https:\/\/tremunpiercing.com\/hr\/wp-json\/wp\/v2\/product_brand?post=12464"},{"taxonomy":"product_cat","embeddable":true,"href":"https:\/\/tremunpiercing.com\/hr\/wp-json\/wp\/v2\/product_cat?post=12464"},{"taxonomy":"product_tag","embeddable":true,"href":"https:\/\/tremunpiercing.com\/hr\/wp-json\/wp\/v2\/product_tag?post=12464"}],"curies":[{"name":"radni list","href":"https:\/\/api.w.org\/{rel}","templated":true}]}}