{"id":12467,"date":"2024-12-06T20:02:01","date_gmt":"2024-12-06T19:02:01","guid":{"rendered":"https:\/\/tremunpiercing.com\/?post_type=product&#038;p=12467"},"modified":"2026-04-13T14:26:32","modified_gmt":"2026-04-13T13:26:32","slug":"maria-yellow-gold-with-sapphires","status":"publish","type":"product","link":"https:\/\/tremunpiercing.com\/hr\/product\/maria-yellow-gold-with-sapphires\/","title":{"rendered":"Maria \u017euto zlato sa safirima"},"content":{"rendered":"<h2>Prsten sa safirnim klikerom<\/h2>\n<p>Laboratorijski prsten sa safirom Maria od \u017eutog zlata dizajniran je za studije i trgovine koje cijene visokokvalitetni nakit od dragog kamenja. Kliker prsten od 16G izra\u0111en od \u010distog 14-karatnog \u017eutog zlata ima promjer od 8 mm, \u0161to ga \u010dini dovoljno svestranim za no\u0161enje u raznim piercingima, poput septuma, daitha i hrskavice. Niz laboratorijski uzgojenih safira daje prekrasnu plavu boju komadu, dodaju\u0107i dizajnu i estetiku i eti\u010dnost.<\/p>\n<p>Sigurni kliker je jednostavan za profesionalce za stavljanje i va\u0111enje bez ugro\u017eavanja udobnosti za njihove klijente. Ovaj komad dodaje novu elegantnu opciju dragog kamenja veleprodajnim kolekcijama koje va\u0161i kupci mogu kupiti jasno bez \u017ertvovanja kvalitete. Laboratorijski prsten sa safirom Maria od \u017eutog zlata kliker je izdr\u017eljiv, elegantan i bezvremenski za zahtjevne piercing studije koje tra\u017ee ne\u0161to vrhunsko za ponuditi kupcima koji su mo\u017eda bili razo\u010darani centrima koji nude samo nakit ni\u017ee kvalitete.<\/p>","protected":false},"excerpt":{"rendered":"<ul>\n<li>Kliker prsten<\/li>\n<li>Materijal: 14K \u017euto zlato<\/li>\n<li>Promjer: 8 mm<\/li>\n<li>Mjera\u010d: 16G<\/li>\n<li>Dragulj: Laboratorijski safiri<\/li>\n<\/ul>","protected":false},"featured_media":12469,"comment_status":"closed","ping_status":"closed","template":"","meta":{"_acf_changed":false},"product_brand":[],"product_cat":[337,464,400],"product_tag":[192,193,202,179,180,194,188,189,195,196,226,190,183,184,197,198],"class_list":{"0":"post-12467","1":"product","2":"type-product","3":"status-publish","4":"has-post-thumbnail","6":"product_cat-gold-jewelry","7":"product_cat-rings-gold-tremun","8":"product_cat-tremun","9":"product_tag-anillo","10":"product_tag-argolla","11":"product_tag-clicker","12":"product_tag-cristal","13":"product_tag-cz","14":"product_tag-daith","15":"product_tag-ear","16":"product_tag-helix","17":"product_tag-hinged-ring","18":"product_tag-nariz","19":"product_tag-opal","20":"product_tag-oreja","21":"product_tag-perforacion","22":"product_tag-piercing","23":"product_tag-ring","24":"product_tag-septum","26":"first","27":"instock","28":"taxable","29":"shipping-taxable","30":"purchasable","31":"product-type-simple"},"acf":[],"gallery_images":[29572,29573],"_links":{"self":[{"href":"https:\/\/tremunpiercing.com\/hr\/wp-json\/wp\/v2\/product\/12467","targetHints":{"allow":["GET"]}}],"collection":[{"href":"https:\/\/tremunpiercing.com\/hr\/wp-json\/wp\/v2\/product"}],"about":[{"href":"https:\/\/tremunpiercing.com\/hr\/wp-json\/wp\/v2\/types\/product"}],"replies":[{"embeddable":true,"href":"https:\/\/tremunpiercing.com\/hr\/wp-json\/wp\/v2\/comments?post=12467"}],"version-history":[{"count":1,"href":"https:\/\/tremunpiercing.com\/hr\/wp-json\/wp\/v2\/product\/12467\/revisions"}],"predecessor-version":[{"id":29574,"href":"https:\/\/tremunpiercing.com\/hr\/wp-json\/wp\/v2\/product\/12467\/revisions\/29574"}],"wp:featuredmedia":[{"embeddable":true,"href":"https:\/\/tremunpiercing.com\/hr\/wp-json\/wp\/v2\/media\/12469"}],"wp:attachment":[{"href":"https:\/\/tremunpiercing.com\/hr\/wp-json\/wp\/v2\/media?parent=12467"}],"wp:term":[{"taxonomy":"product_brand","embeddable":true,"href":"https:\/\/tremunpiercing.com\/hr\/wp-json\/wp\/v2\/product_brand?post=12467"},{"taxonomy":"product_cat","embeddable":true,"href":"https:\/\/tremunpiercing.com\/hr\/wp-json\/wp\/v2\/product_cat?post=12467"},{"taxonomy":"product_tag","embeddable":true,"href":"https:\/\/tremunpiercing.com\/hr\/wp-json\/wp\/v2\/product_tag?post=12467"}],"curies":[{"name":"radni list","href":"https:\/\/api.w.org\/{rel}","templated":true}]}}