{"id":12668,"date":"2024-12-19T01:38:03","date_gmt":"2024-12-19T00:38:03","guid":{"rendered":"https:\/\/tremunpiercing.com\/?post_type=product&#038;p=12668"},"modified":"2026-04-18T10:25:47","modified_gmt":"2026-04-18T09:25:47","slug":"micro-labret-push-pin-post-only-base-3mm","status":"publish","type":"product","link":"https:\/\/tremunpiercing.com\/hr\/product\/micro-labret-push-pin-post-only-base-3mm\/","title":{"rendered":"Mikro pribada\u010da za labret (SAMO ZA DR\u017dANJE) (baza 3 mm)"},"content":{"rendered":"<p>Mikro labret Push Pin kolut je neophodan dodatak za sve profesionalne studije za piercing. Namijenjen posebno za vrhove push pinova, ovaj kolut je proizveden od vrhunskog titana za implantate (F-136) koji nudi sigurnost, izdr\u017eljivost i biokompatibilnost za svaki tip ko\u017ee. Dostupan je u tankoj \u0161irini od 20G i duljinama od 5 mm, 6 mm ili 7 mm, mo\u017eete kombinirati kako god \u017eelite, ovisno o polo\u017eaju piercinga koji va\u0161 klijent preferira. Mikro labret Push Pin kolut je univerzalan za gotovo svakog klijenta, uz dodatnu prednost pru\u017eanja iznimne udobnosti tijekom procesa zacjeljivanja. S ravnom bazom od 3 mm, Micro labret Push Pin kolut ostaje udobno smje\u0161ten na ko\u017ei, a istovremeno nudi lijepo stabilno dr\u017eanje s malo iritacije.<\/p>\n<p>Mikro labret pribada\u010da se nanosi samo naknadno, \u0161to osobi koja se bavi piercingom omogu\u0107uje kombiniranje i uskla\u0111ivanje s katalogom dostupnih dodataka za pribada\u010de, \u0161to je ono \u0161to svaki piercer tra\u017ei u kolekciji nakita. Izrada labreta od laganog, ali izdr\u017eljivog titana jo\u0161 je jedan razlog za\u0161to stru\u010dnjaci za piercing diljem svijeta vjeruju njihovim mikro labretima zbog njihovih hipoalergenih svojstava i trajnosti. Oni su jo\u0161 jedna izvrsna veleprodajna opcija za va\u0161 studio, salon za tetoviranje ili trgovca koji \u017eeli pro\u0161iriti svoj inventar kvalitetnih piercinga s profesionalnim rezultatima.<\/p>","protected":false},"excerpt":{"rendered":"<ul>\n<li>Pribada\u010da<\/li>\n<li>Kompatibilno samo s priborom za pri\u010dvr\u0161\u0107ivanje klinova<\/li>\n<li>Materijal: Titanij F-136 za implantate<\/li>\n<li>Mjera\u010d: 20G<\/li>\n<li>Duljina: 5 mm, 6 mm, 7 mm<\/li>\n<li>Promjer baze: 3 mm<\/li>\n<\/ul>","protected":false},"featured_media":15054,"comment_status":"closed","ping_status":"closed","template":"","meta":{"_acf_changed":false},"product_brand":[],"product_cat":[340,344],"product_tag":[187,188,189,210,211,205,206,212,190,183,213,184,293,207],"class_list":{"0":"post-12668","1":"product","2":"type-product","3":"status-publish","4":"has-post-thumbnail","6":"product_cat-titanium-jewelry","7":"product_cat-labret-titanium-jeawelry","8":"product_tag-conch","9":"product_tag-ear","10":"product_tag-helix","11":"product_tag-labret","12":"product_tag-lip","13":"product_tag-lobe","14":"product_tag-lobulo","15":"product_tag-medusa","16":"product_tag-oreja","17":"product_tag-perforacion","18":"product_tag-philtrum","19":"product_tag-piercing","20":"product_tag-push-pin","21":"product_tag-tragus","23":"first","24":"instock","25":"taxable","26":"shipping-taxable","27":"purchasable","28":"product-type-variable"},"acf":[],"gallery_images":[15055,15053,15052],"_links":{"self":[{"href":"https:\/\/tremunpiercing.com\/hr\/wp-json\/wp\/v2\/product\/12668","targetHints":{"allow":["GET"]}}],"collection":[{"href":"https:\/\/tremunpiercing.com\/hr\/wp-json\/wp\/v2\/product"}],"about":[{"href":"https:\/\/tremunpiercing.com\/hr\/wp-json\/wp\/v2\/types\/product"}],"replies":[{"embeddable":true,"href":"https:\/\/tremunpiercing.com\/hr\/wp-json\/wp\/v2\/comments?post=12668"}],"version-history":[{"count":0,"href":"https:\/\/tremunpiercing.com\/hr\/wp-json\/wp\/v2\/product\/12668\/revisions"}],"wp:featuredmedia":[{"embeddable":true,"href":"https:\/\/tremunpiercing.com\/hr\/wp-json\/wp\/v2\/media\/15054"}],"wp:attachment":[{"href":"https:\/\/tremunpiercing.com\/hr\/wp-json\/wp\/v2\/media?parent=12668"}],"wp:term":[{"taxonomy":"product_brand","embeddable":true,"href":"https:\/\/tremunpiercing.com\/hr\/wp-json\/wp\/v2\/product_brand?post=12668"},{"taxonomy":"product_cat","embeddable":true,"href":"https:\/\/tremunpiercing.com\/hr\/wp-json\/wp\/v2\/product_cat?post=12668"},{"taxonomy":"product_tag","embeddable":true,"href":"https:\/\/tremunpiercing.com\/hr\/wp-json\/wp\/v2\/product_tag?post=12668"}],"curies":[{"name":"radni list","href":"https:\/\/api.w.org\/{rel}","templated":true}]}}