{"id":13043,"date":"2025-01-09T20:29:45","date_gmt":"2025-01-09T19:29:45","guid":{"rendered":"https:\/\/tremunpiercing.com\/?post_type=product&#038;p=13043"},"modified":"2026-04-13T10:56:56","modified_gmt":"2026-04-13T09:56:56","slug":"elise-with-beads-white-gold","status":"publish","type":"product","link":"https:\/\/tremunpiercing.com\/hr\/product\/elise-with-beads-white-gold\/","title":{"rendered":"Elise s perlicama od bijelog zlata"},"content":{"rendered":"<p>Elise s perlicama od bijelog zlata moderan je i prilagodljiv element koji je dizajnirala tvrtka Shanga Jewellery za profesionalnu primjenu. Ovaj komad izra\u0111en od izdr\u017eljivog 18-karatnog materijala ima vrh bez navoja dimenzija 5,4 mm x 3,8 mm i odgovara labretu bez navoja veli\u010dine 16G i 14G. Ovaj dizajn ima akcente od kubnog cirkona i suptilni detalj perlice, pru\u017eaju\u0107i eleganciju i individualnost.<\/p>\n<p>Elise s perlicama prikladan je za piercing hrskavice, spirale, tragusa i re\u017enja, dodaju\u0107i da\u0161ak profinjenosti va\u0161em piercingu. Jednostavan sustav s pribada\u010dom poma\u017ee u jednostavnoj i sigurnoj primjeni, \u0161to ga \u010dini po\u017eeljnim izborom za studije i trgovce. Dizajniran za dugotrajno no\u0161enje, izra\u0111en od 18-karatnog zlata zna\u010di da je biokompatibilan i izdr\u017eljiv. Kori\u0161ten i u studiju za piercing i kao kolekcija u maloprodaji, ovo je luksuzni komad s pouzdano\u0161\u0107u profesionalne razine.<\/p>","protected":false},"excerpt":{"rendered":"<ul>\n<li>Vrh bez navoja, igla od nehr\u0111aju\u0107eg \u010delika 25ga<\/li>\n<li>Materijal: Bijelo zlato 18k<\/li>\n<li>Veli\u010dina: 5,4 mm x 3,8 mm<\/li>\n<li>Dragulj: Kubni cirkonij<\/li>\n<li>Kompatibilno s 16G i 14G labret stupi\u0107ima bez navoja<\/li>\n<li>Marka: Shanga Jewellery<\/li>\n<\/ul>","protected":false},"featured_media":13044,"comment_status":"closed","ping_status":"closed","template":"","meta":{"_acf_changed":false},"product_brand":[],"product_cat":[337,398],"product_tag":[187,188,189,205,206,212,190,183,213,184,207],"class_list":{"0":"post-13043","1":"product","2":"type-product","3":"status-publish","4":"has-post-thumbnail","6":"product_cat-gold-jewelry","7":"product_cat-shanga","8":"product_tag-conch","9":"product_tag-ear","10":"product_tag-helix","11":"product_tag-lobe","12":"product_tag-lobulo","13":"product_tag-medusa","14":"product_tag-oreja","15":"product_tag-perforacion","16":"product_tag-philtrum","17":"product_tag-piercing","18":"product_tag-tragus","20":"first","21":"instock","22":"taxable","23":"shipping-taxable","24":"purchasable","25":"product-type-simple"},"acf":[],"gallery_images":[29525,29524],"_links":{"self":[{"href":"https:\/\/tremunpiercing.com\/hr\/wp-json\/wp\/v2\/product\/13043","targetHints":{"allow":["GET"]}}],"collection":[{"href":"https:\/\/tremunpiercing.com\/hr\/wp-json\/wp\/v2\/product"}],"about":[{"href":"https:\/\/tremunpiercing.com\/hr\/wp-json\/wp\/v2\/types\/product"}],"replies":[{"embeddable":true,"href":"https:\/\/tremunpiercing.com\/hr\/wp-json\/wp\/v2\/comments?post=13043"}],"version-history":[{"count":1,"href":"https:\/\/tremunpiercing.com\/hr\/wp-json\/wp\/v2\/product\/13043\/revisions"}],"predecessor-version":[{"id":28944,"href":"https:\/\/tremunpiercing.com\/hr\/wp-json\/wp\/v2\/product\/13043\/revisions\/28944"}],"wp:featuredmedia":[{"embeddable":true,"href":"https:\/\/tremunpiercing.com\/hr\/wp-json\/wp\/v2\/media\/13044"}],"wp:attachment":[{"href":"https:\/\/tremunpiercing.com\/hr\/wp-json\/wp\/v2\/media?parent=13043"}],"wp:term":[{"taxonomy":"product_brand","embeddable":true,"href":"https:\/\/tremunpiercing.com\/hr\/wp-json\/wp\/v2\/product_brand?post=13043"},{"taxonomy":"product_cat","embeddable":true,"href":"https:\/\/tremunpiercing.com\/hr\/wp-json\/wp\/v2\/product_cat?post=13043"},{"taxonomy":"product_tag","embeddable":true,"href":"https:\/\/tremunpiercing.com\/hr\/wp-json\/wp\/v2\/product_tag?post=13043"}],"curies":[{"name":"radni list","href":"https:\/\/api.w.org\/{rel}","templated":true}]}}