{"id":13047,"date":"2025-01-10T17:35:50","date_gmt":"2025-01-10T16:35:50","guid":{"rendered":"https:\/\/tremunpiercing.com\/?post_type=product&#038;p=13047"},"modified":"2026-04-13T10:55:40","modified_gmt":"2026-04-13T09:55:40","slug":"microflower-white-gold","status":"publish","type":"product","link":"https:\/\/tremunpiercing.com\/hr\/product\/microflower-white-gold\/","title":{"rendered":"Mikrocvjetno bijelo zlato"},"content":{"rendered":"<p>Microflower White Gold je fin, sofisticiran komad nakita za tijelo koji proizvodi Shanga Jewellery. Dizajniran je za profesionalce koji vole elegantnije i sofisticiranije kolekcije nakita za tijelo, a istovremeno imaju vrlo funkcionalan i prakti\u010dan komad nakita za tijelo. Izra\u0111en je od 18-karatnog bijelog zlata i ima vrh bez navoja koji odgovara 16G ili 14G labretu bez navoja. Idealan je za sve vrste piercinga. Sadr\u017ei svjetlucave kubne cirkone s cvjetovima od 4 mm koji dodaju zavr\u0161ni dodir elegancije piercingima hrskavice, tragusa ili re\u017enja. Studiji za piercing i trgovci cijenit \u0107e \u0161to je ovo potpuno bez navoja dizajn, \u0161to zna\u010di da se mo\u017ee brzo i jednostavno pri\u010dvrstiti na klijente, a istovremeno je vrlo udoban za klijenta.<\/p>\n<p>Microflower je izra\u0111en od vrhunskog 18-karatnog zlata, \u0161to jam\u010di dugotrajan sjaj i biokompatibilnost za klijente koji \u017eele luksuzno iskustvo nakita za tijelo. Ovaj je predmet bestseler iz godine u godinu, kombiniraju\u0107i stil, izdr\u017eljivost i sigurnost u klasik, \u0161to ga u kona\u010dnici \u010dini neizostavnim komadom nakita za tijelo za profesionalne kolekcije.<\/p>","protected":false},"excerpt":{"rendered":"<ul>\n<li>Vrh bez navoja \u2013 igla od nehr\u0111aju\u0107eg \u010delika 25ga<\/li>\n<li>Materijal: Bijelo zlato 18k<\/li>\n<li>Dragulj: Kubni cirkonij<\/li>\n<li>Kompatibilno s 16G i 14G labret stupi\u0107ima bez navoja<\/li>\n<li>Veli\u010dina: cca 4 mm<\/li>\n<li>Marka: Shanga Jewellery<\/li>\n<\/ul>","protected":false},"featured_media":13050,"comment_status":"closed","ping_status":"closed","template":"","meta":{"_acf_changed":false},"product_brand":[],"product_cat":[337,398],"product_tag":[187,188,189,205,206,212,190,183,213,184,207],"class_list":{"0":"post-13047","1":"product","2":"type-product","3":"status-publish","4":"has-post-thumbnail","6":"product_cat-gold-jewelry","7":"product_cat-shanga","8":"product_tag-conch","9":"product_tag-ear","10":"product_tag-helix","11":"product_tag-lobe","12":"product_tag-lobulo","13":"product_tag-medusa","14":"product_tag-oreja","15":"product_tag-perforacion","16":"product_tag-philtrum","17":"product_tag-piercing","18":"product_tag-tragus","20":"first","21":"instock","22":"taxable","23":"shipping-taxable","24":"purchasable","25":"product-type-simple"},"acf":[],"gallery_images":[29522,29523],"_links":{"self":[{"href":"https:\/\/tremunpiercing.com\/hr\/wp-json\/wp\/v2\/product\/13047","targetHints":{"allow":["GET"]}}],"collection":[{"href":"https:\/\/tremunpiercing.com\/hr\/wp-json\/wp\/v2\/product"}],"about":[{"href":"https:\/\/tremunpiercing.com\/hr\/wp-json\/wp\/v2\/types\/product"}],"replies":[{"embeddable":true,"href":"https:\/\/tremunpiercing.com\/hr\/wp-json\/wp\/v2\/comments?post=13047"}],"version-history":[{"count":1,"href":"https:\/\/tremunpiercing.com\/hr\/wp-json\/wp\/v2\/product\/13047\/revisions"}],"predecessor-version":[{"id":28943,"href":"https:\/\/tremunpiercing.com\/hr\/wp-json\/wp\/v2\/product\/13047\/revisions\/28943"}],"wp:featuredmedia":[{"embeddable":true,"href":"https:\/\/tremunpiercing.com\/hr\/wp-json\/wp\/v2\/media\/13050"}],"wp:attachment":[{"href":"https:\/\/tremunpiercing.com\/hr\/wp-json\/wp\/v2\/media?parent=13047"}],"wp:term":[{"taxonomy":"product_brand","embeddable":true,"href":"https:\/\/tremunpiercing.com\/hr\/wp-json\/wp\/v2\/product_brand?post=13047"},{"taxonomy":"product_cat","embeddable":true,"href":"https:\/\/tremunpiercing.com\/hr\/wp-json\/wp\/v2\/product_cat?post=13047"},{"taxonomy":"product_tag","embeddable":true,"href":"https:\/\/tremunpiercing.com\/hr\/wp-json\/wp\/v2\/product_tag?post=13047"}],"curies":[{"name":"radni list","href":"https:\/\/api.w.org\/{rel}","templated":true}]}}