{"id":13527,"date":"2025-02-06T17:52:12","date_gmt":"2025-02-06T16:52:12","guid":{"rendered":"https:\/\/tremunpiercing.com\/?post_type=product&#038;p=13527"},"modified":"2026-04-21T12:33:16","modified_gmt":"2026-04-21T11:33:16","slug":"cluster-pink-cz","status":"publish","type":"product","link":"https:\/\/tremunpiercing.com\/hr\/product\/cluster-pink-cz\/","title":{"rendered":"Klaster ru\u017ei\u010daste CZ"},"content":{"rendered":"<p>Pink Cluster CZ je neophodan dodatak za studije i salone za tetoviranje koji \u017eele imati zabavan, ali pravilno izra\u0111en nakit. Izra\u0111en od titana F-136 implantatne kvalitete, ovaj komad s unutarnjim navojem zajam\u010deno je hipoalergen, pa je namijenjen korisnicima s osjetljivom ko\u017eom koji mogu nositi siguran nakit. Na\u0161 14G klaster sastoji se od tri kubna cirkonija veli\u010dine 4 mm, 3 mm i 2 mm te ima nje\u017eno ru\u017ei\u010dasti odsjaj koji evocira suvremenu \u017eenstvenost za ovaj nakit za piercing uha, usne ili hrskavice. Fokusiramo se na funkcionalnost, ali ljepota je tako\u0111er prioritet. Ovaj ru\u017ei\u010dasti CZ klaster izvrstan je dodatak va\u0161im veleprodajnim narud\u017ebama nakita za piercing!<\/p>\n<p>&nbsp;<\/p>","protected":false},"excerpt":{"rendered":"<ul>\n<li>Unutarnji navoj<\/li>\n<li>Materijal: Titanij F-136 za implantate<\/li>\n<li>Veli\u010dine dragulja: 4 mm, 3 mm i 2 mm<\/li>\n<li>Mjera\u010d: 14G<\/li>\n<li>Dragulj: Kubni cirkonij<\/li>\n<\/ul>","protected":false},"featured_media":13822,"comment_status":"closed","ping_status":"closed","template":"","meta":{"_acf_changed":false},"product_brand":[],"product_cat":[340,343],"product_tag":[225,187,179,180,188,189,190,200,183,184,185],"class_list":{"0":"post-13527","1":"product","2":"type-product","3":"status-publish","4":"has-post-thumbnail","6":"product_cat-titanium-jewelry","7":"product_cat-tops-titanium-jewelry","8":"product_tag-cluster","9":"product_tag-conch","10":"product_tag-cristal","11":"product_tag-cz","12":"product_tag-ear","13":"product_tag-helix","14":"product_tag-oreja","15":"product_tag-ornamental","16":"product_tag-perforacion","17":"product_tag-piercing","18":"product_tag-shiny","20":"first","21":"instock","22":"taxable","23":"shipping-taxable","24":"purchasable","25":"product-type-simple"},"acf":[],"gallery_images":[27887,27888],"_links":{"self":[{"href":"https:\/\/tremunpiercing.com\/hr\/wp-json\/wp\/v2\/product\/13527","targetHints":{"allow":["GET"]}}],"collection":[{"href":"https:\/\/tremunpiercing.com\/hr\/wp-json\/wp\/v2\/product"}],"about":[{"href":"https:\/\/tremunpiercing.com\/hr\/wp-json\/wp\/v2\/types\/product"}],"replies":[{"embeddable":true,"href":"https:\/\/tremunpiercing.com\/hr\/wp-json\/wp\/v2\/comments?post=13527"}],"version-history":[{"count":1,"href":"https:\/\/tremunpiercing.com\/hr\/wp-json\/wp\/v2\/product\/13527\/revisions"}],"predecessor-version":[{"id":27893,"href":"https:\/\/tremunpiercing.com\/hr\/wp-json\/wp\/v2\/product\/13527\/revisions\/27893"}],"wp:featuredmedia":[{"embeddable":true,"href":"https:\/\/tremunpiercing.com\/hr\/wp-json\/wp\/v2\/media\/13822"}],"wp:attachment":[{"href":"https:\/\/tremunpiercing.com\/hr\/wp-json\/wp\/v2\/media?parent=13527"}],"wp:term":[{"taxonomy":"product_brand","embeddable":true,"href":"https:\/\/tremunpiercing.com\/hr\/wp-json\/wp\/v2\/product_brand?post=13527"},{"taxonomy":"product_cat","embeddable":true,"href":"https:\/\/tremunpiercing.com\/hr\/wp-json\/wp\/v2\/product_cat?post=13527"},{"taxonomy":"product_tag","embeddable":true,"href":"https:\/\/tremunpiercing.com\/hr\/wp-json\/wp\/v2\/product_tag?post=13527"}],"curies":[{"name":"radni list","href":"https:\/\/api.w.org\/{rel}","templated":true}]}}