{"id":13597,"date":"2025-02-07T17:07:13","date_gmt":"2025-02-07T16:07:13","guid":{"rendered":"https:\/\/tremunpiercing.com\/?post_type=product&#038;p=13597"},"modified":"2026-04-18T13:47:23","modified_gmt":"2026-04-18T12:47:23","slug":"aurora-white-cz","status":"publish","type":"product","link":"https:\/\/tremunpiercing.com\/hr\/product\/aurora-white-cz\/","title":{"rendered":"Aurora White CZ"},"content":{"rendered":"<p>Aurora White CZ nastavak ima elegantan dizajn u obliku suze koji \u0107e ponuditi bezvremenski sjaj uz profesionalnu sigurnost. Izra\u0111en od titana F-136 implantatne kvalitete, proizvod obe\u0107ava hipoalergeno no\u0161enje, tako da \u0107e biti siguran za osjetljivu ko\u017eu. Briljantni bijeli kubni cirkonij (8 mm x 6 mm) isti\u010de svjetlost na takav na\u010din da mo\u017ee postati va\u0161 najsvestraniji nastavak, jer mo\u017ee izgledati jednako zapanjuju\u0107e u piercingu za uho, nos ili usne.<\/p>\n<p>Ima dizajn s unutarnjim navojem koji \u0107e biti siguran u piercingu, ali udoban i za osobu koja ga probija i za klijenta. Kupite Aurora White CZ na veliko kako biste dobili konkurentne veleprodajne cijene od pouzdanog dobavlja\u010da nakita za tijelo. Ako imate na zalihi veleprodajne prstenove za nos, veleprodajne \u0161ipke za utege ili bilo koji dodatak s dragim kamenjem, White CZ bit \u0107e osnovni dodatak va\u0161em brendu.<\/p>","protected":false},"excerpt":{"rendered":"<ul>\n<li>Unutarnji navoj<\/li>\n<li>Materijal: Titanij F-136 za implantate<\/li>\n<li>Mjera\u010d: 16G<\/li>\n<li>Dragulj: Kubni cirkonij<\/li>\n<li>Veli\u010dina: 8 mm x 6 mm<\/li>\n<\/ul>","protected":false},"featured_media":16470,"comment_status":"closed","ping_status":"closed","template":"","meta":{"_acf_changed":false},"product_brand":[],"product_cat":[340,343],"product_tag":[187,220,188,189,210,205,206,212,222,190,183,213,184,207],"class_list":{"0":"post-13597","1":"product","2":"type-product","3":"status-publish","4":"has-post-thumbnail","6":"product_cat-titanium-jewelry","7":"product_cat-tops-titanium-jewelry","8":"product_tag-conch","9":"product_tag-dermal","10":"product_tag-ear","11":"product_tag-helix","12":"product_tag-labret","13":"product_tag-lobe","14":"product_tag-lobulo","15":"product_tag-medusa","16":"product_tag-microdermal","17":"product_tag-oreja","18":"product_tag-perforacion","19":"product_tag-philtrum","20":"product_tag-piercing","21":"product_tag-tragus","23":"first","24":"instock","25":"taxable","26":"shipping-taxable","27":"purchasable","28":"product-type-simple"},"acf":[],"gallery_images":[27846,27845],"_links":{"self":[{"href":"https:\/\/tremunpiercing.com\/hr\/wp-json\/wp\/v2\/product\/13597","targetHints":{"allow":["GET"]}}],"collection":[{"href":"https:\/\/tremunpiercing.com\/hr\/wp-json\/wp\/v2\/product"}],"about":[{"href":"https:\/\/tremunpiercing.com\/hr\/wp-json\/wp\/v2\/types\/product"}],"replies":[{"embeddable":true,"href":"https:\/\/tremunpiercing.com\/hr\/wp-json\/wp\/v2\/comments?post=13597"}],"version-history":[{"count":1,"href":"https:\/\/tremunpiercing.com\/hr\/wp-json\/wp\/v2\/product\/13597\/revisions"}],"predecessor-version":[{"id":27847,"href":"https:\/\/tremunpiercing.com\/hr\/wp-json\/wp\/v2\/product\/13597\/revisions\/27847"}],"wp:featuredmedia":[{"embeddable":true,"href":"https:\/\/tremunpiercing.com\/hr\/wp-json\/wp\/v2\/media\/16470"}],"wp:attachment":[{"href":"https:\/\/tremunpiercing.com\/hr\/wp-json\/wp\/v2\/media?parent=13597"}],"wp:term":[{"taxonomy":"product_brand","embeddable":true,"href":"https:\/\/tremunpiercing.com\/hr\/wp-json\/wp\/v2\/product_brand?post=13597"},{"taxonomy":"product_cat","embeddable":true,"href":"https:\/\/tremunpiercing.com\/hr\/wp-json\/wp\/v2\/product_cat?post=13597"},{"taxonomy":"product_tag","embeddable":true,"href":"https:\/\/tremunpiercing.com\/hr\/wp-json\/wp\/v2\/product_tag?post=13597"}],"curies":[{"name":"radni list","href":"https:\/\/api.w.org\/{rel}","templated":true}]}}