{"id":13612,"date":"2025-02-07T17:30:48","date_gmt":"2025-02-07T16:30:48","guid":{"rendered":"https:\/\/tremunpiercing.com\/?post_type=product&#038;p=13612"},"modified":"2026-04-20T12:16:38","modified_gmt":"2026-04-20T11:16:38","slug":"michelle","status":"publish","type":"product","link":"https:\/\/tremunpiercing.com\/hr\/product\/michelle\/","title":{"rendered":"Mi\u0161el"},"content":{"rendered":"<p>Michelle vrh s unutarnjim navojem izra\u0111en je od titana F-136 implantatne kvalitete, tako da mo\u017eete biti sigurni u sigurnost i \u010dvrsto\u0107u uz dugotrajan sjaj. S krojevima 16G, Michelle vrh ima prekrasan kubni cirkonij od 10 mm; sa svojim \u010distim sjajem, ne mo\u017ee se zamijeniti ni s \u010dim drugim. Izgleda fenomenalno u piercingu za uho, nos ili dermalni piercing. Ima unutarnji navoj, glatko prianjanje tako da se ni\u0161ta ne smeta ili iritira prilikom postavljanja. Svjetlost koju reflektira je nebeska zbog svog oblo\u017eenog briljantnog reza i sjaja koji ne bi izgubio sjaj bez obzira koliko ga puta nosite i prikladan je za svaki dan ili posebnu prigodu. Michelle vrh je izdr\u017eljiv, hipoalergen i elegantan, ba\u0161 kao i svaki drugi komad nakita za tijelo koji va\u0161i profesionalci nose ili klijenti \u017eele.<\/p>","protected":false},"excerpt":{"rendered":"<ul>\n<li>Unutarnji navoj<\/li>\n<li>Materijal: Titanij F-136 za implantate<\/li>\n<li>Mjera\u010d: 16G<\/li>\n<li>Dragulj: Kubni cirkonij<\/li>\n<li>Veli\u010dina dragulja: 10 mm<\/li>\n<\/ul>","protected":false},"featured_media":16456,"comment_status":"closed","ping_status":"closed","template":"","meta":{"_acf_changed":false},"product_brand":[],"product_cat":[340,343],"product_tag":[187,220,188,189,210,205,206,212,222,190,183,213,184,207],"class_list":{"0":"post-13612","1":"product","2":"type-product","3":"status-publish","4":"has-post-thumbnail","6":"product_cat-titanium-jewelry","7":"product_cat-tops-titanium-jewelry","8":"product_tag-conch","9":"product_tag-dermal","10":"product_tag-ear","11":"product_tag-helix","12":"product_tag-labret","13":"product_tag-lobe","14":"product_tag-lobulo","15":"product_tag-medusa","16":"product_tag-microdermal","17":"product_tag-oreja","18":"product_tag-perforacion","19":"product_tag-philtrum","20":"product_tag-piercing","21":"product_tag-tragus","23":"first","24":"instock","25":"taxable","26":"shipping-taxable","27":"purchasable","28":"product-type-simple"},"acf":[],"gallery_images":[27825,27826],"_links":{"self":[{"href":"https:\/\/tremunpiercing.com\/hr\/wp-json\/wp\/v2\/product\/13612","targetHints":{"allow":["GET"]}}],"collection":[{"href":"https:\/\/tremunpiercing.com\/hr\/wp-json\/wp\/v2\/product"}],"about":[{"href":"https:\/\/tremunpiercing.com\/hr\/wp-json\/wp\/v2\/types\/product"}],"replies":[{"embeddable":true,"href":"https:\/\/tremunpiercing.com\/hr\/wp-json\/wp\/v2\/comments?post=13612"}],"version-history":[{"count":1,"href":"https:\/\/tremunpiercing.com\/hr\/wp-json\/wp\/v2\/product\/13612\/revisions"}],"predecessor-version":[{"id":27829,"href":"https:\/\/tremunpiercing.com\/hr\/wp-json\/wp\/v2\/product\/13612\/revisions\/27829"}],"wp:featuredmedia":[{"embeddable":true,"href":"https:\/\/tremunpiercing.com\/hr\/wp-json\/wp\/v2\/media\/16456"}],"wp:attachment":[{"href":"https:\/\/tremunpiercing.com\/hr\/wp-json\/wp\/v2\/media?parent=13612"}],"wp:term":[{"taxonomy":"product_brand","embeddable":true,"href":"https:\/\/tremunpiercing.com\/hr\/wp-json\/wp\/v2\/product_brand?post=13612"},{"taxonomy":"product_cat","embeddable":true,"href":"https:\/\/tremunpiercing.com\/hr\/wp-json\/wp\/v2\/product_cat?post=13612"},{"taxonomy":"product_tag","embeddable":true,"href":"https:\/\/tremunpiercing.com\/hr\/wp-json\/wp\/v2\/product_tag?post=13612"}],"curies":[{"name":"radni list","href":"https:\/\/api.w.org\/{rel}","templated":true}]}}