{"id":13622,"date":"2025-02-07T18:19:08","date_gmt":"2025-02-07T17:19:08","guid":{"rendered":"https:\/\/tremunpiercing.com\/?post_type=product&#038;p=13622"},"modified":"2025-09-03T07:57:06","modified_gmt":"2025-09-03T06:57:06","slug":"threadless-insertion-pin-titanium","status":"publish","type":"product","link":"https:\/\/tremunpiercing.com\/hr\/product\/threadless-insertion-pin-titanium\/","title":{"rendered":"Titanijski umetnuti klin bez navoja"},"content":{"rendered":"<p>Titanska igla za umetanje bez navoja klju\u010dni je profesionalni alat za piercere, dizajniran za glatko i sigurno umetanje nakita. Igla za umetanje bez navoja izra\u0111ena je od titana F-136 implantatne kvalitete, biokompatibilna je, lagana i otporna na koroziju, \u0161to je \u010dini preferiranim materijalom za bilo koji postupak piercinga gdje je sigurnost najva\u017enija. S duljinom od 30 mm i debljinom od 18G (1 mm), ova igla za umetanje bez navoja vrlo je jednostavna za rukovanje i vo\u0111enje nakita bez navoja kroz otvorene, svje\u017ee i\/ili zacijeljene piercinge, uzrokuju\u0107i minimalnu nelagodu za klijenta. Glatka i polirana zavr\u0161na obrada titana ne vu\u010de i omogu\u0107uje glatku putanju, a istovremeno minimizira traumu ili nelagodu tijekom promjene ili postavljanja novog nakita.<\/p>\n<p>Osim toga, titan je hipoalergen, \u0161to \u010dini iglu za umetanje bez navoja prikladnom za osjetljive klijente i pru\u017ea kontinuiranu sigurnost u profesionalno razvijenim i odr\u017eavanim studijima za piercing. Igla za umetanje bez navoja tako\u0111er se lako \u010disti, izdr\u017eljiva je i pouzdana. Ako ste studio ili profesionalac posve\u0107en preciznosti i udobnosti za svoje klijente, titanska igla za umetanje bez navoja pouzdana je opcija igle za umetanje vrhunske kvalitete.<\/p>","protected":false},"excerpt":{"rendered":"<ul>\n<li>Umetnuta igla bez navoja<\/li>\n<li>Materijal: Titanij F-136 za implantate<\/li>\n<li>Debljina: 18G \u2013 1 mm<\/li>\n<li>Duljina: 30 mm<\/li>\n<\/ul>","protected":false},"featured_media":7187,"comment_status":"closed","ping_status":"closed","template":"","meta":{"_acf_changed":false},"product_brand":[],"product_cat":[328,374],"product_tag":[313,314,311,279,312],"class_list":{"0":"post-13622","1":"product","2":"type-product","3":"status-publish","4":"has-post-thumbnail","6":"product_cat-supplies","7":"product_cat-tools","8":"product_tag-herramientas","9":"product_tag-insercion","10":"product_tag-insertion-pin","11":"product_tag-supplies","12":"product_tag-supply","14":"first","15":"instock","16":"taxable","17":"shipping-taxable","18":"purchasable","19":"product-type-simple"},"acf":[],"gallery_images":[7185,7186],"_links":{"self":[{"href":"https:\/\/tremunpiercing.com\/hr\/wp-json\/wp\/v2\/product\/13622","targetHints":{"allow":["GET"]}}],"collection":[{"href":"https:\/\/tremunpiercing.com\/hr\/wp-json\/wp\/v2\/product"}],"about":[{"href":"https:\/\/tremunpiercing.com\/hr\/wp-json\/wp\/v2\/types\/product"}],"replies":[{"embeddable":true,"href":"https:\/\/tremunpiercing.com\/hr\/wp-json\/wp\/v2\/comments?post=13622"}],"version-history":[{"count":0,"href":"https:\/\/tremunpiercing.com\/hr\/wp-json\/wp\/v2\/product\/13622\/revisions"}],"wp:featuredmedia":[{"embeddable":true,"href":"https:\/\/tremunpiercing.com\/hr\/wp-json\/wp\/v2\/media\/7187"}],"wp:attachment":[{"href":"https:\/\/tremunpiercing.com\/hr\/wp-json\/wp\/v2\/media?parent=13622"}],"wp:term":[{"taxonomy":"product_brand","embeddable":true,"href":"https:\/\/tremunpiercing.com\/hr\/wp-json\/wp\/v2\/product_brand?post=13622"},{"taxonomy":"product_cat","embeddable":true,"href":"https:\/\/tremunpiercing.com\/hr\/wp-json\/wp\/v2\/product_cat?post=13622"},{"taxonomy":"product_tag","embeddable":true,"href":"https:\/\/tremunpiercing.com\/hr\/wp-json\/wp\/v2\/product_tag?post=13622"}],"curies":[{"name":"radni list","href":"https:\/\/api.w.org\/{rel}","templated":true}]}}