{"id":15607,"date":"2025-04-14T16:55:18","date_gmt":"2025-04-14T15:55:18","guid":{"rendered":"https:\/\/tremunpiercing.com\/?post_type=product&#038;p=15607"},"modified":"2026-03-23T12:17:17","modified_gmt":"2026-03-23T11:17:17","slug":"septum-clicker-tina-emerald","status":"publish","type":"product","link":"https:\/\/tremunpiercing.com\/hr\/product\/septum-clicker-tina-emerald\/","title":{"rendered":"Septum kliker Tina Emerald"},"content":{"rendered":"<p>Tina Emerald Septum Clicker je elegantan kliker prsten napravljen za profesionalce u piercingu, studije i veleprodajne distributere. Izra\u0111en od titana F-136 implantatne kvalitete, hipoalergen je za sigurnost tijekom cijelog vijeka trajanja piercinga i trajat \u0107e dulje bez ikakvog rizika od korozije, \u0161to ga \u010dini idealnim izborom za klijente s osjetljivom ko\u017eom. Tina Emerald ima promjer od 10 mm, debljinu 16G, duljinu klikera od 7 mm i sadr\u017ei smaragdni kubni cirkonij od 4 mm.<\/p>\n<p>Oblikom podsje\u0107a na dvije polukru\u017ene grane koje tvore vezu. Osnovni je komad za profesionalnu odje\u0107u, ima pouzdan sustav zatvaranja i bit \u0107e dobar svakodnevni komad. \u017divahnost smaragdnog kubnog cirkonija ne\u0107e pro\u0107i nezapa\u017eeno, stvaraju\u0107i lijepu boju koja privla\u010di poglede. Septum Clicker je omiljen me\u0111u klijentima koji preferiraju glasnije, elegantne opcije i ne\u0107e razo\u010darati.<\/p>","protected":false},"excerpt":{"rendered":"<ul>\n<li>Kliker prsten<\/li>\n<li>Materijal: Titanij F-136 za implantate<\/li>\n<li>Promjer: 10 mm<\/li>\n<li>Mjera\u010d: 16G<\/li>\n<li>Duljina klikera: 7 mm<\/li>\n<li>Dragulj: Kubni cirkonij<\/li>\n<\/ul>","protected":false},"featured_media":16177,"comment_status":"closed","ping_status":"closed","template":"","meta":{"_acf_changed":false},"product_brand":[],"product_cat":[341,340],"product_tag":[192,193,202,179,180,194,188,189,195,196,226,190,183,184,197,198],"class_list":{"0":"post-15607","1":"product","2":"type-product","3":"status-publish","4":"has-post-thumbnail","6":"product_cat-rings-titanium-jewelry","7":"product_cat-titanium-jewelry","8":"product_tag-anillo","9":"product_tag-argolla","10":"product_tag-clicker","11":"product_tag-cristal","12":"product_tag-cz","13":"product_tag-daith","14":"product_tag-ear","15":"product_tag-helix","16":"product_tag-hinged-ring","17":"product_tag-nariz","18":"product_tag-opal","19":"product_tag-oreja","20":"product_tag-perforacion","21":"product_tag-piercing","22":"product_tag-ring","23":"product_tag-septum","25":"first","26":"instock","27":"taxable","28":"shipping-taxable","29":"purchasable","30":"product-type-simple"},"acf":[],"gallery_images":[27787,27788],"_links":{"self":[{"href":"https:\/\/tremunpiercing.com\/hr\/wp-json\/wp\/v2\/product\/15607","targetHints":{"allow":["GET"]}}],"collection":[{"href":"https:\/\/tremunpiercing.com\/hr\/wp-json\/wp\/v2\/product"}],"about":[{"href":"https:\/\/tremunpiercing.com\/hr\/wp-json\/wp\/v2\/types\/product"}],"replies":[{"embeddable":true,"href":"https:\/\/tremunpiercing.com\/hr\/wp-json\/wp\/v2\/comments?post=15607"}],"version-history":[{"count":1,"href":"https:\/\/tremunpiercing.com\/hr\/wp-json\/wp\/v2\/product\/15607\/revisions"}],"predecessor-version":[{"id":27789,"href":"https:\/\/tremunpiercing.com\/hr\/wp-json\/wp\/v2\/product\/15607\/revisions\/27789"}],"wp:featuredmedia":[{"embeddable":true,"href":"https:\/\/tremunpiercing.com\/hr\/wp-json\/wp\/v2\/media\/16177"}],"wp:attachment":[{"href":"https:\/\/tremunpiercing.com\/hr\/wp-json\/wp\/v2\/media?parent=15607"}],"wp:term":[{"taxonomy":"product_brand","embeddable":true,"href":"https:\/\/tremunpiercing.com\/hr\/wp-json\/wp\/v2\/product_brand?post=15607"},{"taxonomy":"product_cat","embeddable":true,"href":"https:\/\/tremunpiercing.com\/hr\/wp-json\/wp\/v2\/product_cat?post=15607"},{"taxonomy":"product_tag","embeddable":true,"href":"https:\/\/tremunpiercing.com\/hr\/wp-json\/wp\/v2\/product_tag?post=15607"}],"curies":[{"name":"radni list","href":"https:\/\/api.w.org\/{rel}","templated":true}]}}