{"id":15621,"date":"2025-04-14T17:39:55","date_gmt":"2025-04-14T16:39:55","guid":{"rendered":"https:\/\/tremunpiercing.com\/?post_type=product&#038;p=15621"},"modified":"2026-04-08T10:54:24","modified_gmt":"2026-04-08T09:54:24","slug":"athena-amethyst-cz","status":"publish","type":"product","link":"https:\/\/tremunpiercing.com\/hr\/product\/athena-amethyst-cz\/","title":{"rendered":"Atena Ametist CZ"},"content":{"rendered":"<p>Athena Amethyst CZ je vrhunska opcija za profesionalce u piercingu koji \u017eele klijentima pru\u017eiti siguran, moderan i izdr\u017eljiv komad nakita. Ovaj nakit s unutarnjim navojem izra\u0111en je od titana F-136 implantatne kvalitete, tako da mo\u017eete vjerovati njegovoj hipoalergenskoj otpornosti na habanje i izdr\u017eljivosti. Sa svojim prekrasnim dragim kamenom ametist kubnog cirkonija, daje bogat i luksuzan osje\u0107aj koji kupci o\u010dekuju u svakom piercingu. U debljini od 16G i duljini od 16,12 mm, dobivate udobnost, sigurnost i upotrebljivost, sve kao na\u010din udobnosti za profesionalnog piercera. Pru\u017eite klijentima siguran nakit za tijelo na veliko s kojim se mogu osje\u0107ati dobro od pouzdanog proizvo\u0111a\u010da.<\/p>","protected":false},"excerpt":{"rendered":"<ul>\n<li>Unutarnji navoj<\/li>\n<li>Materijal: Titanij F-136 za implantate<\/li>\n<li>Mjera\u010d: 16G<\/li>\n<li>Dragulj: Kubni cirkonij<\/li>\n<li>Duljina: 16,12 mm<\/li>\n<\/ul>","protected":false},"featured_media":15622,"comment_status":"closed","ping_status":"closed","template":"","meta":{"_acf_changed":false},"product_brand":[],"product_cat":[340,343],"product_tag":[187,188,209,189,205,206,190,183,184,207],"class_list":{"0":"post-15621","1":"product","2":"type-product","3":"status-publish","4":"has-post-thumbnail","6":"product_cat-titanium-jewelry","7":"product_cat-tops-titanium-jewelry","8":"product_tag-conch","9":"product_tag-ear","10":"product_tag-faux-rook","11":"product_tag-helix","12":"product_tag-lobe","13":"product_tag-lobulo","14":"product_tag-oreja","15":"product_tag-perforacion","16":"product_tag-piercing","17":"product_tag-tragus","19":"first","20":"instock","21":"taxable","22":"shipping-taxable","23":"purchasable","24":"product-type-simple"},"acf":[],"gallery_images":[27648,27649],"_links":{"self":[{"href":"https:\/\/tremunpiercing.com\/hr\/wp-json\/wp\/v2\/product\/15621","targetHints":{"allow":["GET"]}}],"collection":[{"href":"https:\/\/tremunpiercing.com\/hr\/wp-json\/wp\/v2\/product"}],"about":[{"href":"https:\/\/tremunpiercing.com\/hr\/wp-json\/wp\/v2\/types\/product"}],"replies":[{"embeddable":true,"href":"https:\/\/tremunpiercing.com\/hr\/wp-json\/wp\/v2\/comments?post=15621"}],"version-history":[{"count":1,"href":"https:\/\/tremunpiercing.com\/hr\/wp-json\/wp\/v2\/product\/15621\/revisions"}],"predecessor-version":[{"id":27650,"href":"https:\/\/tremunpiercing.com\/hr\/wp-json\/wp\/v2\/product\/15621\/revisions\/27650"}],"wp:featuredmedia":[{"embeddable":true,"href":"https:\/\/tremunpiercing.com\/hr\/wp-json\/wp\/v2\/media\/15622"}],"wp:attachment":[{"href":"https:\/\/tremunpiercing.com\/hr\/wp-json\/wp\/v2\/media?parent=15621"}],"wp:term":[{"taxonomy":"product_brand","embeddable":true,"href":"https:\/\/tremunpiercing.com\/hr\/wp-json\/wp\/v2\/product_brand?post=15621"},{"taxonomy":"product_cat","embeddable":true,"href":"https:\/\/tremunpiercing.com\/hr\/wp-json\/wp\/v2\/product_cat?post=15621"},{"taxonomy":"product_tag","embeddable":true,"href":"https:\/\/tremunpiercing.com\/hr\/wp-json\/wp\/v2\/product_tag?post=15621"}],"curies":[{"name":"radni list","href":"https:\/\/api.w.org\/{rel}","templated":true}]}}