{"id":15637,"date":"2025-04-14T18:00:32","date_gmt":"2025-04-14T17:00:32","guid":{"rendered":"https:\/\/tremunpiercing.com\/?post_type=product&#038;p=15637"},"modified":"2026-04-15T15:30:54","modified_gmt":"2026-04-15T14:30:54","slug":"lilbit-push-pin-amethyst","status":"publish","type":"product","link":"https:\/\/tremunpiercing.com\/hr\/product\/lilbit-push-pin-amethyst\/","title":{"rendered":"Lilbit pribada\u010da Ametist"},"content":{"rendered":"<p>Lilbit Push Pin Amethyst prekrasan je komad nakita koji \u0107e stvoriti mali nalet boje kako bi pobolj\u0161ao svaku kolekciju piercinga prekrasno bogatom nijansom inspiriranom dragim kamenjem. Dizajn je izra\u0111en od medicinskog titana F-136, \u0161to zna\u010di da je siguran, hipoalergen i super izdr\u017eljiv. Blistavi ametist kubni cirkonij prekrasno reflektira svjetlost i \u010dini ga komadom koji preferiraju klijenti koji naginju elegantnim, ali jarkim stilovima.<\/p>\n<p>Ovaj komad nakita mo\u017ee se koristiti samo s labretima s pribada\u010dama i dostupan je u nekoliko razli\u010ditih promjera (1,5 mm \u2013 3 mm), \u0161to profesionalnim studijima pru\u017ea vrijednu svestranost i pouzdanost. Ovaj komad nakita vrijedan je dodatak pouzdanog proizvo\u0111a\u010da i klijentima pru\u017ea izvrstan nakit koji odgovara njihovim \u017eeljama za sigurno\u0161\u0107u i stilom.<\/p>","protected":false},"excerpt":{"rendered":"<ul>\n<li>Pribor za pribada\u010de<\/li>\n<li>Kompatibilno samo s labretima s pribada\u010dom<\/li>\n<li>Materijal: Titanij F-136 za implantate<\/li>\n<li>Mjera\u010d: 25G<\/li>\n<li>Promjeri: 1,5 mm \u2013 2 mm \u2013 2,5 mm \u2013 3 mm<\/li>\n<li>Dragulj: Kubni cirkonij<\/li>\n<\/ul>","protected":false},"featured_media":15642,"comment_status":"closed","ping_status":"closed","template":"","meta":{"_acf_changed":false},"product_brand":[],"product_cat":[340,343],"product_tag":[218,295,296,187,188,189,205,206,212,190,183,213,184,297,294,207],"class_list":{"0":"post-15637","1":"product","2":"type-product","3":"status-publish","4":"has-post-thumbnail","6":"product_cat-titanium-jewelry","7":"product_cat-tops-titanium-jewelry","8":"product_tag-ball","9":"product_tag-bola","10":"product_tag-bolita","11":"product_tag-conch","12":"product_tag-ear","13":"product_tag-helix","14":"product_tag-lobe","15":"product_tag-lobulo","16":"product_tag-medusa","17":"product_tag-oreja","18":"product_tag-perforacion","19":"product_tag-philtrum","20":"product_tag-piercing","21":"product_tag-repuesto","22":"product_tag-spare","23":"product_tag-tragus","25":"first","26":"instock","27":"taxable","28":"shipping-taxable","29":"purchasable","30":"product-type-variable"},"acf":[],"gallery_images":[27772,27771],"_links":{"self":[{"href":"https:\/\/tremunpiercing.com\/hr\/wp-json\/wp\/v2\/product\/15637","targetHints":{"allow":["GET"]}}],"collection":[{"href":"https:\/\/tremunpiercing.com\/hr\/wp-json\/wp\/v2\/product"}],"about":[{"href":"https:\/\/tremunpiercing.com\/hr\/wp-json\/wp\/v2\/types\/product"}],"replies":[{"embeddable":true,"href":"https:\/\/tremunpiercing.com\/hr\/wp-json\/wp\/v2\/comments?post=15637"}],"version-history":[{"count":1,"href":"https:\/\/tremunpiercing.com\/hr\/wp-json\/wp\/v2\/product\/15637\/revisions"}],"predecessor-version":[{"id":27775,"href":"https:\/\/tremunpiercing.com\/hr\/wp-json\/wp\/v2\/product\/15637\/revisions\/27775"}],"wp:featuredmedia":[{"embeddable":true,"href":"https:\/\/tremunpiercing.com\/hr\/wp-json\/wp\/v2\/media\/15642"}],"wp:attachment":[{"href":"https:\/\/tremunpiercing.com\/hr\/wp-json\/wp\/v2\/media?parent=15637"}],"wp:term":[{"taxonomy":"product_brand","embeddable":true,"href":"https:\/\/tremunpiercing.com\/hr\/wp-json\/wp\/v2\/product_brand?post=15637"},{"taxonomy":"product_cat","embeddable":true,"href":"https:\/\/tremunpiercing.com\/hr\/wp-json\/wp\/v2\/product_cat?post=15637"},{"taxonomy":"product_tag","embeddable":true,"href":"https:\/\/tremunpiercing.com\/hr\/wp-json\/wp\/v2\/product_tag?post=15637"}],"curies":[{"name":"radni list","href":"https:\/\/api.w.org\/{rel}","templated":true}]}}