{"id":15649,"date":"2025-04-14T18:06:58","date_gmt":"2025-04-14T17:06:58","guid":{"rendered":"https:\/\/tremunpiercing.com\/?post_type=product&#038;p=15649"},"modified":"2026-04-19T16:14:27","modified_gmt":"2026-04-19T15:14:27","slug":"lilbit-push-pin-black","status":"publish","type":"product","link":"https:\/\/tremunpiercing.com\/hr\/product\/lilbit-push-pin-black\/","title":{"rendered":"Lilbit pribada\u010da crna"},"content":{"rendered":"<p>Lilbit crna pribada\u010da je elegantan, klasi\u010dan dodatak dizajniran posebno za profesionalne studije za piercing i prodava\u010de piercinga. Pribada\u010da je izra\u0111ena od titana F-136 implantatne kvalitete, \u0161to osigurava sigurnost, izdr\u017eljivost i apsolutnu hipoalergenost za instinktivne piercere! Pribada\u010da ima crni kubni cirkon koji odgovara klijentima koji \u017eele moderan i odva\u017ean izgled. Namijenjena je za upotrebu s pribada\u010dom. <a href=\"https:\/\/tremunpiercing.com\/product-category\/titanium-jewelry\/labret-titanium-jeawelry\/\">labrete<\/a> Dostupan je u nekoliko razli\u010ditih po\u010detnih promjera (1,5 mm \u2013 3 mm) za va\u0161e potrebe piercinga. Kupujte nakit za piercing online s povjerenjem; kao poznati i cijenjeni proizvo\u0111a\u010d, mo\u017eemo va\u0161 studio pretvoriti iz le\u017eernog u profesionalni!<\/p>","protected":false},"excerpt":{"rendered":"<ul>\n<li>Pribor za pribada\u010de<\/li>\n<li>Kompatibilno samo s labretima s pribada\u010dom<\/li>\n<li>Materijal: Titanij F-136 za implantate<\/li>\n<li>Mjera\u010d: 25G<\/li>\n<li>Promjeri: 1,5 mm \u2013 2 mm \u2013 2,5 mm \u2013 3 mm<\/li>\n<li>Dragulj: Kubni cirkonij<\/li>\n<\/ul>","protected":false},"featured_media":15654,"comment_status":"closed","ping_status":"closed","template":"","meta":{"_acf_changed":false},"product_brand":[],"product_cat":[340,343],"product_tag":[218,295,296,187,188,189,205,206,212,190,183,213,184,297,294,207],"class_list":{"0":"post-15649","1":"product","2":"type-product","3":"status-publish","4":"has-post-thumbnail","6":"product_cat-titanium-jewelry","7":"product_cat-tops-titanium-jewelry","8":"product_tag-ball","9":"product_tag-bola","10":"product_tag-bolita","11":"product_tag-conch","12":"product_tag-ear","13":"product_tag-helix","14":"product_tag-lobe","15":"product_tag-lobulo","16":"product_tag-medusa","17":"product_tag-oreja","18":"product_tag-perforacion","19":"product_tag-philtrum","20":"product_tag-piercing","21":"product_tag-repuesto","22":"product_tag-spare","23":"product_tag-tragus","25":"first","26":"instock","27":"taxable","28":"shipping-taxable","29":"purchasable","30":"product-type-variable"},"acf":[],"gallery_images":[27770,27769],"_links":{"self":[{"href":"https:\/\/tremunpiercing.com\/hr\/wp-json\/wp\/v2\/product\/15649","targetHints":{"allow":["GET"]}}],"collection":[{"href":"https:\/\/tremunpiercing.com\/hr\/wp-json\/wp\/v2\/product"}],"about":[{"href":"https:\/\/tremunpiercing.com\/hr\/wp-json\/wp\/v2\/types\/product"}],"replies":[{"embeddable":true,"href":"https:\/\/tremunpiercing.com\/hr\/wp-json\/wp\/v2\/comments?post=15649"}],"version-history":[{"count":1,"href":"https:\/\/tremunpiercing.com\/hr\/wp-json\/wp\/v2\/product\/15649\/revisions"}],"predecessor-version":[{"id":27774,"href":"https:\/\/tremunpiercing.com\/hr\/wp-json\/wp\/v2\/product\/15649\/revisions\/27774"}],"wp:featuredmedia":[{"embeddable":true,"href":"https:\/\/tremunpiercing.com\/hr\/wp-json\/wp\/v2\/media\/15654"}],"wp:attachment":[{"href":"https:\/\/tremunpiercing.com\/hr\/wp-json\/wp\/v2\/media?parent=15649"}],"wp:term":[{"taxonomy":"product_brand","embeddable":true,"href":"https:\/\/tremunpiercing.com\/hr\/wp-json\/wp\/v2\/product_brand?post=15649"},{"taxonomy":"product_cat","embeddable":true,"href":"https:\/\/tremunpiercing.com\/hr\/wp-json\/wp\/v2\/product_cat?post=15649"},{"taxonomy":"product_tag","embeddable":true,"href":"https:\/\/tremunpiercing.com\/hr\/wp-json\/wp\/v2\/product_tag?post=15649"}],"curies":[{"name":"radni list","href":"https:\/\/api.w.org\/{rel}","templated":true}]}}