{"id":15655,"date":"2025-04-14T18:13:13","date_gmt":"2025-04-14T17:13:13","guid":{"rendered":"https:\/\/tremunpiercing.com\/?post_type=product&#038;p=15655"},"modified":"2026-04-16T15:34:03","modified_gmt":"2026-04-16T14:34:03","slug":"lilbit-push-pin-lavander","status":"publish","type":"product","link":"https:\/\/tremunpiercing.com\/hr\/product\/lilbit-push-pin-lavander\/","title":{"rendered":"Lilbit pribada\u010da lavanda"},"content":{"rendered":"<p>Lilbit pribada\u010da boje lavande kvalitetan je dodatak za pribada\u010de izra\u0111en posebno za profesionalne piercere i studije. Ova hipoalergena pribada\u010da izra\u0111ena je od titana F-136 implantatne kvalitete, \u0161to osigurava najve\u0107u sigurnost i udobnost (i vjerojatno najbolja opcija ako imate klijenta s osjetljivom ko\u017eom). Prekrasna boja lavande blista prekrasnim akcentom lavandinog kubnog cirkonija. Zbog toga je ovaj dodatak jednostavan za svakodnevno no\u0161enje i pru\u017ea lijepu malu nadogradnju bilo kojem piercingu uha.<\/p>\n<p>Dostupna u nekoliko razli\u010ditih promjera (1,5 mm-3 mm), ova pribada\u010da mo\u017ee se prilagoditi za sve vrste piercinga, uklju\u010duju\u0107i i \u010dvrstu iglu za sigurno prianjanje s pribada\u010dom. <a href=\"https:\/\/tremunpiercing.com\/product-category\/titanium-jewelry\/labret-titanium-jeawelry\/\">labrete<\/a>Dodajte ovaj dragulj lavande u svoju kolekciju i ponudite svojim klijentima siguran nakit medicinske kvalitete od jednog od najboljih veleprodajnih dobavlja\u010da.<\/p>","protected":false},"excerpt":{"rendered":"<ul>\n<li>Pribor za pribada\u010de<\/li>\n<li>Kompatibilno samo s labretima s pribada\u010dom<\/li>\n<li>Materijal: Titanij F-136 za implantate<\/li>\n<li>Mjera\u010d: 25G<\/li>\n<li>Promjeri: 1,5 mm \u2013 2 mm \u2013 2,5 mm \u2013 3 mm<\/li>\n<li>Dragulj: Kubni cirkonij<\/li>\n<\/ul>","protected":false},"featured_media":15660,"comment_status":"closed","ping_status":"closed","template":"","meta":{"_acf_changed":false},"product_brand":[],"product_cat":[340,343],"product_tag":[218,295,296,187,188,189,205,206,212,190,183,213,184,297,294,207],"class_list":{"0":"post-15655","1":"product","2":"type-product","3":"status-publish","4":"has-post-thumbnail","6":"product_cat-titanium-jewelry","7":"product_cat-tops-titanium-jewelry","8":"product_tag-ball","9":"product_tag-bola","10":"product_tag-bolita","11":"product_tag-conch","12":"product_tag-ear","13":"product_tag-helix","14":"product_tag-lobe","15":"product_tag-lobulo","16":"product_tag-medusa","17":"product_tag-oreja","18":"product_tag-perforacion","19":"product_tag-philtrum","20":"product_tag-piercing","21":"product_tag-repuesto","22":"product_tag-spare","23":"product_tag-tragus","25":"first","26":"instock","27":"taxable","28":"shipping-taxable","29":"purchasable","30":"product-type-variable"},"acf":[],"gallery_images":[27759,27758],"_links":{"self":[{"href":"https:\/\/tremunpiercing.com\/hr\/wp-json\/wp\/v2\/product\/15655","targetHints":{"allow":["GET"]}}],"collection":[{"href":"https:\/\/tremunpiercing.com\/hr\/wp-json\/wp\/v2\/product"}],"about":[{"href":"https:\/\/tremunpiercing.com\/hr\/wp-json\/wp\/v2\/types\/product"}],"replies":[{"embeddable":true,"href":"https:\/\/tremunpiercing.com\/hr\/wp-json\/wp\/v2\/comments?post=15655"}],"version-history":[{"count":1,"href":"https:\/\/tremunpiercing.com\/hr\/wp-json\/wp\/v2\/product\/15655\/revisions"}],"predecessor-version":[{"id":27764,"href":"https:\/\/tremunpiercing.com\/hr\/wp-json\/wp\/v2\/product\/15655\/revisions\/27764"}],"wp:featuredmedia":[{"embeddable":true,"href":"https:\/\/tremunpiercing.com\/hr\/wp-json\/wp\/v2\/media\/15660"}],"wp:attachment":[{"href":"https:\/\/tremunpiercing.com\/hr\/wp-json\/wp\/v2\/media?parent=15655"}],"wp:term":[{"taxonomy":"product_brand","embeddable":true,"href":"https:\/\/tremunpiercing.com\/hr\/wp-json\/wp\/v2\/product_brand?post=15655"},{"taxonomy":"product_cat","embeddable":true,"href":"https:\/\/tremunpiercing.com\/hr\/wp-json\/wp\/v2\/product_cat?post=15655"},{"taxonomy":"product_tag","embeddable":true,"href":"https:\/\/tremunpiercing.com\/hr\/wp-json\/wp\/v2\/product_tag?post=15655"}],"curies":[{"name":"radni list","href":"https:\/\/api.w.org\/{rel}","templated":true}]}}