{"id":15667,"date":"2025-04-14T18:17:57","date_gmt":"2025-04-14T17:17:57","guid":{"rendered":"https:\/\/tremunpiercing.com\/?post_type=product&#038;p=15667"},"modified":"2026-04-13T09:11:58","modified_gmt":"2026-04-13T08:11:58","slug":"lilbit-push-pin-emerald","status":"publish","type":"product","link":"https:\/\/tremunpiercing.com\/hr\/product\/lilbit-push-pin-emerald\/","title":{"rendered":"Lilbit pribada\u010da Smaragd"},"content":{"rendered":"<h2>Smaragdno zelena titanska pribada\u010da s CZ draguljem<\/h2>\n<p>Lilbit Push Pin Emerald donosi luksuz zavr\u0161ne obrade dragog kamenja najkvalitetnijem nakitu za piercing bez navoja. Izra\u0111en od implantatnog titana F-136, zajam\u010deno je hipoalergen, siguran i izdr\u017eljiv, \u0161to ga \u010dini pouzdanim za piercere i profesionalce u piercingu. Dizajniran i proizveden posebno za prou\u010davane 25G push pin labrete, dostupne veli\u010dine su 1,5 mm, 2 mm, 2,5 mm i 3 mm, \u0161to ga \u010dini nevjerojatno fleksibilnim za vi\u0161e vrsta piercinga.<\/p>\n<p>Smaragdno zeleni kubni cirkonij daje mu izvanredan, upe\u010datljiv luksuzni izgled za klijente koji \u017eele probu\u0161iti visokokvalitetni nakit od dragog kamenja. Pobrinite se da va\u0161a trgovina ima ovu prekrasnu pribada\u010du, jer smaragdna pribada\u010da dolazi sa svim potrebama profesionalne sigurnosti, a istovremeno va\u0161im klijentima pru\u017ea zapanjuju\u0107u estetiku.<\/p>","protected":false},"excerpt":{"rendered":"<ul>\n<li>Pribor za pribada\u010de<\/li>\n<li>Kompatibilno samo s labretima s pribada\u010dom<\/li>\n<li>Materijal: Titanij F-136 za implantate<\/li>\n<li>Mjera\u010d: 25G<\/li>\n<li>Promjeri: 1,5 mm \u2013 2 mm \u2013 2,5 mm \u2013 3 mm<\/li>\n<li>Dragulj: Kubni cirkonij<\/li>\n<\/ul>","protected":false},"featured_media":15672,"comment_status":"closed","ping_status":"closed","template":"","meta":{"_acf_changed":false},"product_brand":[],"product_cat":[340,343],"product_tag":[218,295,296,187,188,189,205,206,212,190,183,213,184,297,294,207],"class_list":{"0":"post-15667","1":"product","2":"type-product","3":"status-publish","4":"has-post-thumbnail","6":"product_cat-titanium-jewelry","7":"product_cat-tops-titanium-jewelry","8":"product_tag-ball","9":"product_tag-bola","10":"product_tag-bolita","11":"product_tag-conch","12":"product_tag-ear","13":"product_tag-helix","14":"product_tag-lobe","15":"product_tag-lobulo","16":"product_tag-medusa","17":"product_tag-oreja","18":"product_tag-perforacion","19":"product_tag-philtrum","20":"product_tag-piercing","21":"product_tag-repuesto","22":"product_tag-spare","23":"product_tag-tragus","25":"first","26":"instock","27":"taxable","28":"shipping-taxable","29":"purchasable","30":"product-type-variable"},"acf":[],"gallery_images":[27761,27760],"_links":{"self":[{"href":"https:\/\/tremunpiercing.com\/hr\/wp-json\/wp\/v2\/product\/15667","targetHints":{"allow":["GET"]}}],"collection":[{"href":"https:\/\/tremunpiercing.com\/hr\/wp-json\/wp\/v2\/product"}],"about":[{"href":"https:\/\/tremunpiercing.com\/hr\/wp-json\/wp\/v2\/types\/product"}],"replies":[{"embeddable":true,"href":"https:\/\/tremunpiercing.com\/hr\/wp-json\/wp\/v2\/comments?post=15667"}],"version-history":[{"count":1,"href":"https:\/\/tremunpiercing.com\/hr\/wp-json\/wp\/v2\/product\/15667\/revisions"}],"predecessor-version":[{"id":27765,"href":"https:\/\/tremunpiercing.com\/hr\/wp-json\/wp\/v2\/product\/15667\/revisions\/27765"}],"wp:featuredmedia":[{"embeddable":true,"href":"https:\/\/tremunpiercing.com\/hr\/wp-json\/wp\/v2\/media\/15672"}],"wp:attachment":[{"href":"https:\/\/tremunpiercing.com\/hr\/wp-json\/wp\/v2\/media?parent=15667"}],"wp:term":[{"taxonomy":"product_brand","embeddable":true,"href":"https:\/\/tremunpiercing.com\/hr\/wp-json\/wp\/v2\/product_brand?post=15667"},{"taxonomy":"product_cat","embeddable":true,"href":"https:\/\/tremunpiercing.com\/hr\/wp-json\/wp\/v2\/product_cat?post=15667"},{"taxonomy":"product_tag","embeddable":true,"href":"https:\/\/tremunpiercing.com\/hr\/wp-json\/wp\/v2\/product_tag?post=15667"}],"curies":[{"name":"radni list","href":"https:\/\/api.w.org\/{rel}","templated":true}]}}