{"id":15673,"date":"2025-04-14T18:19:31","date_gmt":"2025-04-14T17:19:31","guid":{"rendered":"https:\/\/tremunpiercing.com\/?post_type=product&#038;p=15673"},"modified":"2026-04-18T10:25:48","modified_gmt":"2026-04-18T09:25:48","slug":"lilbit-push-pin-sapphire-blue","status":"publish","type":"product","link":"https:\/\/tremunpiercing.com\/hr\/product\/lilbit-push-pin-sapphire-blue\/","title":{"rendered":"Lilbit pribada\u010da safirno plava"},"content":{"rendered":"<p>Lilbit Push Pin safirno plava je mali, ali \u0161areni piercing bez navoja pogodan za profesionalnu upotrebu. Ovaj piercing bez navoja izra\u0111en je od implantatnog titana F-136 i pokazuje sve tri atribute izvrsnog nakita za tijelo: lagan je, izdr\u017eljiv i hipoalergen 100%.<\/p>\n<p>Lilbit pribada\u010da u plavoj safirnoj boji mo\u017ee se nositi samo s labretima kalibra 25, a dostupna je u promjeru od 1,5 mm, 2 mm, 2,5 mm ili 3 mm, \u0161to omogu\u0107uje razne mogu\u0107nosti postavljanja. Privjesak isti\u010de prekrasan, sjajan i blistav dragulj safirno plavog kubnog cirkonija, koji omogu\u0107uje \u0161areni, odva\u017eni sjaj svim hrskavicama, re\u017enjevima ili... <a href=\"https:\/\/tremunpiercing.com\/product-category\/titanium-jewelry\/nose-titanium-jewelry\/\">piercing nosa<\/a>.<\/p>\n<p>Sre\u0107om, na\u0161i klijenti iz piercing studija i tetoviranja diljem Europe vjeruju na\u0161oj sigurnoj opskrbi i proizvodnji nakita za tijelo. Ponosni smo \u0161to smo dobavlja\u010d veleprodaje nakita za piercing medicinske kvalitete u SAD-u, Velikoj Britaniji i \u0160panjolskoj. Ako naru\u010dite safirno plavu Lilbit Push Pin i dodate je svojoj veleprodajnoj kolekciji nakita za tijelo, svojim \u0107ete klijentima pru\u017eiti relativno sigurnu modnu opciju koja utjelovljuje i kvalitetu i profesionalnost.<\/p>","protected":false},"excerpt":{"rendered":"<ul>\n<li>Pribor za pribada\u010de<\/li>\n<li>Kompatibilno samo s labretima s pribada\u010dom<\/li>\n<li>Materijal: Titanij F-136 za implantate<\/li>\n<li>Mjera\u010d: 25G<\/li>\n<li>Promjeri: 1,5 mm \u2013 2 mm \u2013 2,5 mm \u2013 3 mm<\/li>\n<li>Dragulj: Kubni cirkonij<\/li>\n<\/ul>","protected":false},"featured_media":15678,"comment_status":"closed","ping_status":"closed","template":"","meta":{"_acf_changed":false},"product_brand":[],"product_cat":[340,343],"product_tag":[218,295,296,187,188,189,205,206,212,190,183,213,184,297,294,207],"class_list":{"0":"post-15673","1":"product","2":"type-product","3":"status-publish","4":"has-post-thumbnail","6":"product_cat-titanium-jewelry","7":"product_cat-tops-titanium-jewelry","8":"product_tag-ball","9":"product_tag-bola","10":"product_tag-bolita","11":"product_tag-conch","12":"product_tag-ear","13":"product_tag-helix","14":"product_tag-lobe","15":"product_tag-lobulo","16":"product_tag-medusa","17":"product_tag-oreja","18":"product_tag-perforacion","19":"product_tag-philtrum","20":"product_tag-piercing","21":"product_tag-repuesto","22":"product_tag-spare","23":"product_tag-tragus","25":"first","26":"instock","27":"taxable","28":"shipping-taxable","29":"purchasable","30":"product-type-variable"},"acf":[],"gallery_images":[27736,27737],"_links":{"self":[{"href":"https:\/\/tremunpiercing.com\/hr\/wp-json\/wp\/v2\/product\/15673","targetHints":{"allow":["GET"]}}],"collection":[{"href":"https:\/\/tremunpiercing.com\/hr\/wp-json\/wp\/v2\/product"}],"about":[{"href":"https:\/\/tremunpiercing.com\/hr\/wp-json\/wp\/v2\/types\/product"}],"replies":[{"embeddable":true,"href":"https:\/\/tremunpiercing.com\/hr\/wp-json\/wp\/v2\/comments?post=15673"}],"version-history":[{"count":1,"href":"https:\/\/tremunpiercing.com\/hr\/wp-json\/wp\/v2\/product\/15673\/revisions"}],"predecessor-version":[{"id":27738,"href":"https:\/\/tremunpiercing.com\/hr\/wp-json\/wp\/v2\/product\/15673\/revisions\/27738"}],"wp:featuredmedia":[{"embeddable":true,"href":"https:\/\/tremunpiercing.com\/hr\/wp-json\/wp\/v2\/media\/15678"}],"wp:attachment":[{"href":"https:\/\/tremunpiercing.com\/hr\/wp-json\/wp\/v2\/media?parent=15673"}],"wp:term":[{"taxonomy":"product_brand","embeddable":true,"href":"https:\/\/tremunpiercing.com\/hr\/wp-json\/wp\/v2\/product_brand?post=15673"},{"taxonomy":"product_cat","embeddable":true,"href":"https:\/\/tremunpiercing.com\/hr\/wp-json\/wp\/v2\/product_cat?post=15673"},{"taxonomy":"product_tag","embeddable":true,"href":"https:\/\/tremunpiercing.com\/hr\/wp-json\/wp\/v2\/product_tag?post=15673"}],"curies":[{"name":"radni list","href":"https:\/\/api.w.org\/{rel}","templated":true}]}}