{"id":15785,"date":"2025-04-15T18:07:44","date_gmt":"2025-04-15T17:07:44","guid":{"rendered":"https:\/\/tremunpiercing.com\/?post_type=product&#038;p=15785"},"modified":"2026-04-17T17:06:28","modified_gmt":"2026-04-17T16:06:28","slug":"dermal-top-sw-crystal-amethyst","status":"publish","type":"product","link":"https:\/\/tremunpiercing.com\/hr\/product\/dermal-top-sw-crystal-amethyst\/","title":{"rendered":"Dermalni vrh \u2013 SW kristalni ametist"},"content":{"rendered":"<p>Dermal Top \u2013 SW Crystal Amethyst izvrstan je proizvod za one koji \u017eele piercing tijela i tra\u017ee siguran i visokokvalitetan nakit za tijelo. Izra\u0111en od implantatnog titana F-136, hipoalergen je, izdr\u017eljiv i prikladan za upotrebu od strane profesionalaca u piercingu tijela. Ima unutarnji navoj, \u0161to zna\u010di da se mo\u017ee glatko postaviti na piercing tijela i pravilno pri\u010dvrstiti. To ga \u010dini idealnim za dermalne piercinge postavljene ispod povr\u0161ine ko\u017ee na brojnim razli\u010ditim dijelovima tijela, a veli\u010dina ga \u010dini fleksibilnim za studije i klijente. Amethyst SW Crystal dodaje tamnoljubi\u010dastu, kraljevsku zavr\u0161nu obradu sa \u017eivopisnom bojom kojom \u0107e va\u0161i klijenti biti zadovoljni.<\/p>","protected":false},"excerpt":{"rendered":"<ul>\n<li>Unutarnji navoj<\/li>\n<li>Materijal: Titanij F-136 za implantate<\/li>\n<li>Promjer: 2,5 mm \u2013 3 mm \u2013 4 mm \u2013 5 mm<\/li>\n<li>Mjera\u010d: 16G \u2013 14G<\/li>\n<\/ul>","protected":false},"featured_media":15798,"comment_status":"closed","ping_status":"closed","template":"","meta":{"_acf_changed":false},"product_brand":[],"product_cat":[442,340,343],"product_tag":[187,215,216,188,189,210,211,212,190,183,213,184,207],"class_list":{"0":"post-15785","1":"product","2":"type-product","3":"status-publish","4":"has-post-thumbnail","6":"product_cat-sw","7":"product_cat-titanium-jewelry","8":"product_cat-tops-titanium-jewelry","9":"product_tag-conch","10":"product_tag-dermal-top","11":"product_tag-disc","12":"product_tag-ear","13":"product_tag-helix","14":"product_tag-labret","15":"product_tag-lip","16":"product_tag-medusa","17":"product_tag-oreja","18":"product_tag-perforacion","19":"product_tag-philtrum","20":"product_tag-piercing","21":"product_tag-tragus","23":"first","24":"instock","25":"taxable","26":"shipping-taxable","27":"purchasable","28":"product-type-variable"},"acf":[],"gallery_images":[27719,27718],"_links":{"self":[{"href":"https:\/\/tremunpiercing.com\/hr\/wp-json\/wp\/v2\/product\/15785","targetHints":{"allow":["GET"]}}],"collection":[{"href":"https:\/\/tremunpiercing.com\/hr\/wp-json\/wp\/v2\/product"}],"about":[{"href":"https:\/\/tremunpiercing.com\/hr\/wp-json\/wp\/v2\/types\/product"}],"replies":[{"embeddable":true,"href":"https:\/\/tremunpiercing.com\/hr\/wp-json\/wp\/v2\/comments?post=15785"}],"version-history":[{"count":1,"href":"https:\/\/tremunpiercing.com\/hr\/wp-json\/wp\/v2\/product\/15785\/revisions"}],"predecessor-version":[{"id":27720,"href":"https:\/\/tremunpiercing.com\/hr\/wp-json\/wp\/v2\/product\/15785\/revisions\/27720"}],"wp:featuredmedia":[{"embeddable":true,"href":"https:\/\/tremunpiercing.com\/hr\/wp-json\/wp\/v2\/media\/15798"}],"wp:attachment":[{"href":"https:\/\/tremunpiercing.com\/hr\/wp-json\/wp\/v2\/media?parent=15785"}],"wp:term":[{"taxonomy":"product_brand","embeddable":true,"href":"https:\/\/tremunpiercing.com\/hr\/wp-json\/wp\/v2\/product_brand?post=15785"},{"taxonomy":"product_cat","embeddable":true,"href":"https:\/\/tremunpiercing.com\/hr\/wp-json\/wp\/v2\/product_cat?post=15785"},{"taxonomy":"product_tag","embeddable":true,"href":"https:\/\/tremunpiercing.com\/hr\/wp-json\/wp\/v2\/product_tag?post=15785"}],"curies":[{"name":"radni list","href":"https:\/\/api.w.org\/{rel}","templated":true}]}}