{"id":15843,"date":"2025-04-15T19:20:47","date_gmt":"2025-04-15T18:20:47","guid":{"rendered":"https:\/\/tremunpiercing.com\/?post_type=product&#038;p=15843"},"modified":"2026-04-17T17:06:28","modified_gmt":"2026-04-17T16:06:28","slug":"dermal-top-sw-crystal-emerald","status":"publish","type":"product","link":"https:\/\/tremunpiercing.com\/hr\/product\/dermal-top-sw-crystal-emerald\/","title":{"rendered":"Dermalni vrh \u2013 SW Crystal Emerald"},"content":{"rendered":"<p>Spojite eleganciju i sigurnost s dermalnim vrhom\u2014SW Crystal Emerald. Napravljen za majstore piercinga koji zahtijevaju kvalitetu, ovaj dermalni vrh izra\u0111en je od implantatnog titana F-136 te je hipoalergen i ultra lagan za sigurno i udobno dugotrajno no\u0161enje. Radnici imaju sigurnost na umu pri odabiru nakita za golo tijelo, a nakit s unutarnjim navojem lak\u0161i je za umetanje i sigurniji, \u0161to ga \u010dini idealnim za profesionalnu upotrebu.<\/p>\n<p>Dermal Top\u2014SW Crystal Emerald dostupan je u nizu promjera od 2,5 mm do 5 mm i debljina 16G\u201314G, \u0161to ga \u010dini idealnim komadom za vi\u0161estruko postavljanje. Emerald SW Crystal daje bogati zeleni sjaj, \u0161to ga \u010dini lijepim komadom za kolekcije klijenata. Opremite svoj studio ve\u0107 danas smaragdnim dermalima. <a href=\"https:\/\/tremunpiercing.com\/product-category\/titanium-jewelry\/tops-titanium-jewelry\/\">vrhovi<\/a> iz sigurne opskrbe nakitom za tijelo.<\/p>","protected":false},"excerpt":{"rendered":"<ul>\n<li>Unutarnji navoj<\/li>\n<li>Materijal: Titanij F-136 za implantate<\/li>\n<li>Promjer: 2,5 mm \u2013 3 mm \u2013 4 mm \u2013 5 mm<\/li>\n<li>Mjera\u010d: 16G \u2013 14G<\/li>\n<\/ul>","protected":false},"featured_media":15851,"comment_status":"closed","ping_status":"closed","template":"","meta":{"_acf_changed":false},"product_brand":[],"product_cat":[442,340,343],"product_tag":[187,215,216,188,189,210,211,212,190,183,213,184,207],"class_list":{"0":"post-15843","1":"product","2":"type-product","3":"status-publish","4":"has-post-thumbnail","6":"product_cat-sw","7":"product_cat-titanium-jewelry","8":"product_cat-tops-titanium-jewelry","9":"product_tag-conch","10":"product_tag-dermal-top","11":"product_tag-disc","12":"product_tag-ear","13":"product_tag-helix","14":"product_tag-labret","15":"product_tag-lip","16":"product_tag-medusa","17":"product_tag-oreja","18":"product_tag-perforacion","19":"product_tag-philtrum","20":"product_tag-piercing","21":"product_tag-tragus","23":"first","24":"instock","25":"taxable","26":"shipping-taxable","27":"purchasable","28":"product-type-variable"},"acf":[],"gallery_images":[27708,27707],"_links":{"self":[{"href":"https:\/\/tremunpiercing.com\/hr\/wp-json\/wp\/v2\/product\/15843","targetHints":{"allow":["GET"]}}],"collection":[{"href":"https:\/\/tremunpiercing.com\/hr\/wp-json\/wp\/v2\/product"}],"about":[{"href":"https:\/\/tremunpiercing.com\/hr\/wp-json\/wp\/v2\/types\/product"}],"replies":[{"embeddable":true,"href":"https:\/\/tremunpiercing.com\/hr\/wp-json\/wp\/v2\/comments?post=15843"}],"version-history":[{"count":1,"href":"https:\/\/tremunpiercing.com\/hr\/wp-json\/wp\/v2\/product\/15843\/revisions"}],"predecessor-version":[{"id":27710,"href":"https:\/\/tremunpiercing.com\/hr\/wp-json\/wp\/v2\/product\/15843\/revisions\/27710"}],"wp:featuredmedia":[{"embeddable":true,"href":"https:\/\/tremunpiercing.com\/hr\/wp-json\/wp\/v2\/media\/15851"}],"wp:attachment":[{"href":"https:\/\/tremunpiercing.com\/hr\/wp-json\/wp\/v2\/media?parent=15843"}],"wp:term":[{"taxonomy":"product_brand","embeddable":true,"href":"https:\/\/tremunpiercing.com\/hr\/wp-json\/wp\/v2\/product_brand?post=15843"},{"taxonomy":"product_cat","embeddable":true,"href":"https:\/\/tremunpiercing.com\/hr\/wp-json\/wp\/v2\/product_cat?post=15843"},{"taxonomy":"product_tag","embeddable":true,"href":"https:\/\/tremunpiercing.com\/hr\/wp-json\/wp\/v2\/product_tag?post=15843"}],"curies":[{"name":"radni list","href":"https:\/\/api.w.org\/{rel}","templated":true}]}}