{"id":15862,"date":"2025-04-15T22:09:47","date_gmt":"2025-04-15T21:09:47","guid":{"rendered":"https:\/\/tremunpiercing.com\/?post_type=product&#038;p=15862"},"modified":"2026-04-17T17:06:28","modified_gmt":"2026-04-17T16:06:28","slug":"dermal-top-sw-crystal-light-peach","status":"publish","type":"product","link":"https:\/\/tremunpiercing.com\/hr\/product\/dermal-top-sw-crystal-light-peach\/","title":{"rendered":"Dermal Top \u2013 SW Crystal Light Peach"},"content":{"rendered":"<p>Dermal Top SW Crystal Light Peach dodaje malo sofisticiranosti i meko\u0107e linijama profesionalnog piercing nakita. Izra\u0111en od implantatnog titana F-136, ovaj dermalni vrh ima unutarnji navoj i izra\u0111en je da bude siguran, hipoalergen i otporan na dugotrajno no\u0161enje. Ovaj dermalni vrh dostupan je u promjerima od 2,5 mm, 3 mm, 4 mm ili 5 mm i debljinama od 16G do 14G, \u0161to omogu\u0107uje udobno i sigurno no\u0161enje za brojne polo\u017eaje. SW kristal Light Peach nudi mekan sjaj koji je elegantan, ali decentan, \u0161to je \u010dest zahtjev na\u0161ih klijenata koji preferiraju manje o\u010dite tonove dragog kamenja. Dodatak tako lijepog dermalnog... <a href=\"https:\/\/tremunpiercing.com\/product-category\/titanium-jewelry\/tops-titanium-jewelry\/\">vrh<\/a> u va\u0161u veleprodajnu trgovinu nakita za tijelo pru\u017eit \u0107e klijentima dodatnu razinu sigurnosti i ljepote, spojene u jedan komad profesionalnog nakita.<\/p>\n<p>&nbsp;<\/p>","protected":false},"excerpt":{"rendered":"<ul>\n<li>Unutarnji navoj<\/li>\n<li>Materijal: Titanij F-136 za implantate<\/li>\n<li>Promjer: 2,5 mm \u2013 3 mm \u2013 4 mm \u2013 5 mm<\/li>\n<li>Mjera\u010d: 16G \u2013 14G<\/li>\n<\/ul>","protected":false},"featured_media":15870,"comment_status":"closed","ping_status":"closed","template":"","meta":{"_acf_changed":false},"product_brand":[],"product_cat":[442,340,343],"product_tag":[187,215,216,188,189,210,211,212,190,183,213,184,207],"class_list":{"0":"post-15862","1":"product","2":"type-product","3":"status-publish","4":"has-post-thumbnail","6":"product_cat-sw","7":"product_cat-titanium-jewelry","8":"product_cat-tops-titanium-jewelry","9":"product_tag-conch","10":"product_tag-dermal-top","11":"product_tag-disc","12":"product_tag-ear","13":"product_tag-helix","14":"product_tag-labret","15":"product_tag-lip","16":"product_tag-medusa","17":"product_tag-oreja","18":"product_tag-perforacion","19":"product_tag-philtrum","20":"product_tag-piercing","21":"product_tag-tragus","23":"first","24":"instock","25":"taxable","26":"shipping-taxable","27":"purchasable","28":"product-type-variable"},"acf":[],"gallery_images":[27706,27705],"_links":{"self":[{"href":"https:\/\/tremunpiercing.com\/hr\/wp-json\/wp\/v2\/product\/15862","targetHints":{"allow":["GET"]}}],"collection":[{"href":"https:\/\/tremunpiercing.com\/hr\/wp-json\/wp\/v2\/product"}],"about":[{"href":"https:\/\/tremunpiercing.com\/hr\/wp-json\/wp\/v2\/types\/product"}],"replies":[{"embeddable":true,"href":"https:\/\/tremunpiercing.com\/hr\/wp-json\/wp\/v2\/comments?post=15862"}],"version-history":[{"count":1,"href":"https:\/\/tremunpiercing.com\/hr\/wp-json\/wp\/v2\/product\/15862\/revisions"}],"predecessor-version":[{"id":27709,"href":"https:\/\/tremunpiercing.com\/hr\/wp-json\/wp\/v2\/product\/15862\/revisions\/27709"}],"wp:featuredmedia":[{"embeddable":true,"href":"https:\/\/tremunpiercing.com\/hr\/wp-json\/wp\/v2\/media\/15870"}],"wp:attachment":[{"href":"https:\/\/tremunpiercing.com\/hr\/wp-json\/wp\/v2\/media?parent=15862"}],"wp:term":[{"taxonomy":"product_brand","embeddable":true,"href":"https:\/\/tremunpiercing.com\/hr\/wp-json\/wp\/v2\/product_brand?post=15862"},{"taxonomy":"product_cat","embeddable":true,"href":"https:\/\/tremunpiercing.com\/hr\/wp-json\/wp\/v2\/product_cat?post=15862"},{"taxonomy":"product_tag","embeddable":true,"href":"https:\/\/tremunpiercing.com\/hr\/wp-json\/wp\/v2\/product_tag?post=15862"}],"curies":[{"name":"radni list","href":"https:\/\/api.w.org\/{rel}","templated":true}]}}