{"id":16219,"date":"2025-04-22T19:19:26","date_gmt":"2025-04-22T18:19:26","guid":{"rendered":"https:\/\/tremunpiercing.com\/?post_type=product&#038;p=16219"},"modified":"2026-04-19T22:08:39","modified_gmt":"2026-04-19T21:08:39","slug":"circular-barbell-big-gauge","status":"publish","type":"product","link":"https:\/\/tremunpiercing.com\/hr\/product\/circular-barbell-big-gauge\/","title":{"rendered":"Kru\u017ena \u0161ipka za vje\u017ebanje s velikim mjera\u010dem"},"content":{"rendered":"<p data-pm-slice=\"1 1 []\">Kru\u017ena \u0161ipka za utege velikog kalibra izra\u0111ena je od titana implantatne kvalitete F-136, koji nudi najbolju \u010dvrsto\u0107u, najbolju sigurnost i najbolja hipoalergena svojstva za profesionalce koji oblikuju na\u0161u industriju diljem svijeta. Svaki komad izra\u0111en je s unutarnjim navojem, \u0161to osigurava glatko umetanje. Nehr\u0111aju\u0107i \u010delik dostupan je u dimenzijama 10G \u2013 8G \u2013 6G \u2013 4G s promjerom 14 mm \u2013 16 mm \u2013 18 mm i dimenzijama kugle od 5 mm \u2013 8 mm. Savr\u0161eno za rastegnute piercinge i odva\u017ene izglede. \u0160ipki vjeruju studiji za piercing, saloni za tetoviranje i profesionalni dobavlja\u010di nakita za tijelo sa sjedi\u0161tem u Europi.<\/p>","protected":false},"excerpt":{"rendered":"<ul>\n<li>Unutarnji navoj<\/li>\n<li>Materijal: Titanij F-136 za implantate<\/li>\n<li>Mjera\u010d: 10G \u2013 8G \u2013 6G \u2013 4G<\/li>\n<li>Promjer: 14 mm \u2013 16 mm \u2013 18 mm<\/li>\n<li>Veli\u010dina kuglice: 5 mm \u2013 6 mm \u2013 8 mm<\/li>\n<\/ul>","protected":false},"featured_media":16296,"comment_status":"open","ping_status":"closed","template":"","meta":{"_acf_changed":false},"product_brand":[],"product_cat":[340,448],"product_tag":[224,194,188,189,210,211,190,183,184,197,198],"class_list":{"0":"post-16219","1":"product","2":"type-product","3":"status-publish","4":"has-post-thumbnail","6":"product_cat-titanium-jewelry","7":"product_cat-big-gauges","8":"product_tag-captive-ring","9":"product_tag-daith","10":"product_tag-ear","11":"product_tag-helix","12":"product_tag-labret","13":"product_tag-lip","14":"product_tag-oreja","15":"product_tag-perforacion","16":"product_tag-piercing","17":"product_tag-ring","18":"product_tag-septum","20":"first","21":"instock","22":"taxable","23":"shipping-taxable","24":"purchasable","25":"product-type-variable"},"acf":[],"gallery_images":[27733,27734],"_links":{"self":[{"href":"https:\/\/tremunpiercing.com\/hr\/wp-json\/wp\/v2\/product\/16219","targetHints":{"allow":["GET"]}}],"collection":[{"href":"https:\/\/tremunpiercing.com\/hr\/wp-json\/wp\/v2\/product"}],"about":[{"href":"https:\/\/tremunpiercing.com\/hr\/wp-json\/wp\/v2\/types\/product"}],"replies":[{"embeddable":true,"href":"https:\/\/tremunpiercing.com\/hr\/wp-json\/wp\/v2\/comments?post=16219"}],"version-history":[{"count":1,"href":"https:\/\/tremunpiercing.com\/hr\/wp-json\/wp\/v2\/product\/16219\/revisions"}],"predecessor-version":[{"id":27735,"href":"https:\/\/tremunpiercing.com\/hr\/wp-json\/wp\/v2\/product\/16219\/revisions\/27735"}],"wp:featuredmedia":[{"embeddable":true,"href":"https:\/\/tremunpiercing.com\/hr\/wp-json\/wp\/v2\/media\/16296"}],"wp:attachment":[{"href":"https:\/\/tremunpiercing.com\/hr\/wp-json\/wp\/v2\/media?parent=16219"}],"wp:term":[{"taxonomy":"product_brand","embeddable":true,"href":"https:\/\/tremunpiercing.com\/hr\/wp-json\/wp\/v2\/product_brand?post=16219"},{"taxonomy":"product_cat","embeddable":true,"href":"https:\/\/tremunpiercing.com\/hr\/wp-json\/wp\/v2\/product_cat?post=16219"},{"taxonomy":"product_tag","embeddable":true,"href":"https:\/\/tremunpiercing.com\/hr\/wp-json\/wp\/v2\/product_tag?post=16219"}],"curies":[{"name":"radni list","href":"https:\/\/api.w.org\/{rel}","templated":true}]}}