{"id":16247,"date":"2025-04-23T16:12:20","date_gmt":"2025-04-23T15:12:20","guid":{"rendered":"https:\/\/tremunpiercing.com\/?post_type=product&#038;p=16247"},"modified":"2026-04-17T15:14:21","modified_gmt":"2026-04-17T14:14:21","slug":"clap-luxury-horizontal-double-base","status":"publish","type":"product","link":"https:\/\/tremunpiercing.com\/hr\/product\/clap-luxury-horizontal-double-base\/","title":{"rendered":"Pljesak! Luksuzni \u2013 Horizontalna dvostruka baza"},"content":{"rendered":"<p>Clap! Luxury \u2014 horizontalna dvostruka baza nudi fleksibilnost i sofisticiranost za profesionalni piercing studio ili trgovinu nakitom za tijelo. Izra\u0111ena od vrhunskih materijala, horizontalna baza ima dimenzije 25 cm x 5 cm x 3,4 cm i prilagodljiva je va\u0161im \u017eeljama prezentacije. Horizontalna baza idealna je za predstavljanje vi\u0161e stilova - veleprodajnih prstenova za nos, \u0161ipki za usne, prstenova za pupak ili prstenova za usne - i mo\u017ee istaknuti va\u0161u kolekciju nakita u svoju korist. Imajte na umu da je baza samo za prodaju; poklopci se prodaju zasebno radi maksimalne fleksibilnosti i prikladnosti. Na\u0161i \u0107e displeji dati kredibilitet va\u0161em brendu, a istovremeno \u0107e se podudarati s visokokvalitetnim nakitom za tijelo.<\/p>\n<p>&nbsp;<\/p>","protected":false},"excerpt":{"rendered":"<ul>\n<li>Pljesak! Horizontalna baza<\/li>\n<li>Prilagodljiv prikaz nakita za piercing tijela<\/li>\n<li>Samo baza<\/li>\n<li>Veli\u010dina: 25 cm x 5 cm x 3,4 cm<\/li>\n<li>For 2 lids<\/li>\n<li>Poklopci se prodaju zasebno<\/li>\n<\/ul>","protected":false},"featured_media":16248,"comment_status":"closed","ping_status":"closed","template":"","meta":{"_acf_changed":false},"product_brand":[],"product_cat":[328,415,457],"product_tag":[],"class_list":{"0":"post-16247","1":"product","2":"type-product","3":"status-publish","4":"has-post-thumbnail","6":"product_cat-supplies","7":"product_cat-clap","8":"product_cat-clap-luxury","10":"first","11":"instock","12":"taxable","13":"shipping-taxable","14":"purchasable","15":"product-type-simple"},"acf":[],"gallery_images":[16249],"_links":{"self":[{"href":"https:\/\/tremunpiercing.com\/hr\/wp-json\/wp\/v2\/product\/16247","targetHints":{"allow":["GET"]}}],"collection":[{"href":"https:\/\/tremunpiercing.com\/hr\/wp-json\/wp\/v2\/product"}],"about":[{"href":"https:\/\/tremunpiercing.com\/hr\/wp-json\/wp\/v2\/types\/product"}],"replies":[{"embeddable":true,"href":"https:\/\/tremunpiercing.com\/hr\/wp-json\/wp\/v2\/comments?post=16247"}],"version-history":[{"count":1,"href":"https:\/\/tremunpiercing.com\/hr\/wp-json\/wp\/v2\/product\/16247\/revisions"}],"predecessor-version":[{"id":28511,"href":"https:\/\/tremunpiercing.com\/hr\/wp-json\/wp\/v2\/product\/16247\/revisions\/28511"}],"wp:featuredmedia":[{"embeddable":true,"href":"https:\/\/tremunpiercing.com\/hr\/wp-json\/wp\/v2\/media\/16248"}],"wp:attachment":[{"href":"https:\/\/tremunpiercing.com\/hr\/wp-json\/wp\/v2\/media?parent=16247"}],"wp:term":[{"taxonomy":"product_brand","embeddable":true,"href":"https:\/\/tremunpiercing.com\/hr\/wp-json\/wp\/v2\/product_brand?post=16247"},{"taxonomy":"product_cat","embeddable":true,"href":"https:\/\/tremunpiercing.com\/hr\/wp-json\/wp\/v2\/product_cat?post=16247"},{"taxonomy":"product_tag","embeddable":true,"href":"https:\/\/tremunpiercing.com\/hr\/wp-json\/wp\/v2\/product_tag?post=16247"}],"curies":[{"name":"radni list","href":"https:\/\/api.w.org\/{rel}","templated":true}]}}