{"id":16933,"date":"2025-05-26T18:07:23","date_gmt":"2025-05-26T17:07:23","guid":{"rendered":"https:\/\/tremunpiercing.com\/?post_type=product&#038;p=16933"},"modified":"2026-04-13T12:04:27","modified_gmt":"2026-04-13T11:04:27","slug":"prong-cluster-moissanite-white","status":"publish","type":"product","link":"https:\/\/tremunpiercing.com\/hr\/product\/prong-cluster-moissanite-white\/","title":{"rendered":"Bijeli moissanit grozda"},"content":{"rendered":"<p data-start=\"1202\" data-end=\"1591\">Bijeli moissanit u obliku gruda spaja eleganciju i izdr\u017eljivost! Izra\u0111en je od titana F-136 implantatne kvalitete. Svidjet \u0107e vam se tri sjajna moissanitna dragulja veli\u010dine: 4 mm, 3 mm i 2 mm. Unutarnji navoj \u010dini ovaj grozd sigurnim, hipoalergenim i samo za profesionalnu upotrebu (u studiju za piercing). Izvrstan izbor za trgovce i dobavlja\u010de koji svojim kupcima \u017eele ponuditi visokokvalitetni nakit za tijelo!<\/p>\n<p data-start=\"1593\" data-end=\"1822\">","protected":false},"excerpt":{"rendered":"<ul>\n<li>Unutarnji navoj<\/li>\n<li>Materijal: Titanij F-136 za implantate<\/li>\n<li>Veli\u010dine dragulja: 4 mm, 3 mm i 2 mm<\/li>\n<li>Mjera\u010d: 16G<\/li>\n<li>Dragulj: Bijeli Moissanit<\/li>\n<\/ul>","protected":false},"featured_media":12413,"comment_status":"closed","ping_status":"closed","template":"","meta":{"_acf_changed":false},"product_brand":[],"product_cat":[441,340,343],"product_tag":[225,187,179,180,188,189,190,200,183,184,185],"class_list":{"0":"post-16933","1":"product","2":"type-product","3":"status-publish","4":"has-post-thumbnail","6":"product_cat-tremun-premium","7":"product_cat-titanium-jewelry","8":"product_cat-tops-titanium-jewelry","9":"product_tag-cluster","10":"product_tag-conch","11":"product_tag-cristal","12":"product_tag-cz","13":"product_tag-ear","14":"product_tag-helix","15":"product_tag-oreja","16":"product_tag-ornamental","17":"product_tag-perforacion","18":"product_tag-piercing","19":"product_tag-shiny","21":"first","22":"instock","23":"taxable","24":"shipping-taxable","25":"purchasable","26":"product-type-simple"},"acf":[],"gallery_images":[27700,27699],"_links":{"self":[{"href":"https:\/\/tremunpiercing.com\/hr\/wp-json\/wp\/v2\/product\/16933","targetHints":{"allow":["GET"]}}],"collection":[{"href":"https:\/\/tremunpiercing.com\/hr\/wp-json\/wp\/v2\/product"}],"about":[{"href":"https:\/\/tremunpiercing.com\/hr\/wp-json\/wp\/v2\/types\/product"}],"replies":[{"embeddable":true,"href":"https:\/\/tremunpiercing.com\/hr\/wp-json\/wp\/v2\/comments?post=16933"}],"version-history":[{"count":1,"href":"https:\/\/tremunpiercing.com\/hr\/wp-json\/wp\/v2\/product\/16933\/revisions"}],"predecessor-version":[{"id":27701,"href":"https:\/\/tremunpiercing.com\/hr\/wp-json\/wp\/v2\/product\/16933\/revisions\/27701"}],"wp:featuredmedia":[{"embeddable":true,"href":"https:\/\/tremunpiercing.com\/hr\/wp-json\/wp\/v2\/media\/12413"}],"wp:attachment":[{"href":"https:\/\/tremunpiercing.com\/hr\/wp-json\/wp\/v2\/media?parent=16933"}],"wp:term":[{"taxonomy":"product_brand","embeddable":true,"href":"https:\/\/tremunpiercing.com\/hr\/wp-json\/wp\/v2\/product_brand?post=16933"},{"taxonomy":"product_cat","embeddable":true,"href":"https:\/\/tremunpiercing.com\/hr\/wp-json\/wp\/v2\/product_cat?post=16933"},{"taxonomy":"product_tag","embeddable":true,"href":"https:\/\/tremunpiercing.com\/hr\/wp-json\/wp\/v2\/product_tag?post=16933"}],"curies":[{"name":"radni list","href":"https:\/\/api.w.org\/{rel}","templated":true}]}}