{"id":17798,"date":"2025-06-05T17:32:26","date_gmt":"2025-06-05T16:32:26","guid":{"rendered":"https:\/\/tremunpiercing.com\/?post_type=product&#038;p=17798"},"modified":"2026-04-15T20:44:10","modified_gmt":"2026-04-15T19:44:10","slug":"sunstone-cabochon","status":"publish","type":"product","link":"https:\/\/tremunpiercing.com\/hr\/product\/sunstone-cabochon\/","title":{"rendered":"Kabo\u0161on od sun\u010devog kamena"},"content":{"rendered":"<p>Otkrijte prirodnu ljepotu u svom inventaru za piercing uz kabo\u0161on od sun\u010devog kamena, izra\u0111en od titana F-136 implantatne kvalitete za maksimalnu sigurnost i trajnost. Dostupan u veli\u010dinama od 3 mm do 6 mm i u rasponu debljina 16G-14G, ovaj komad je izra\u0111en za profesionalne piercere koji daju prioritet kvaliteti. S toplim, blistavim draguljem sun\u010devog kamena koji emitira prekrasan sjaj, ovaj dragi kamen dobro \u0107e se slagati i sa suptilnim i sa prevelikim dizajnom piercinga.<\/p>\n<p>Tremun Piercing jam\u010di da je svaki komad nakita za piercing koji isporu\u010dujemo hipoalergen, s unutarnjim navojem i prikladan za dugotrajno no\u0161enje. Tremun Piercing prodaje se studijima za piercing, salonima za tetoviranje i distributerima nakita diljem svijeta. Specifi\u010dnost oblika kabo\u0161ona izvrsno \u0107e funkcionirati za svaku veleprodajnu narud\u017ebu, a Tremun Piercing cijeni podr\u0161ku trgovaca i prodava\u010da nakita za tijelo diljem Europe, SAD-a i Ujedinjenog Kraljevstva koji \u017eele svojim kupcima pru\u017eiti kvalitetan nakit za piercing s dragim kamenjem. Obavezno se opskrbite sigurnim, <strong>veleprodaja nakita za tijelo medicinske kvalitete<\/strong> i pru\u017eite svojim klijentima dragi kamen koji \u0107e se istaknuti tim klasi\u010dnim stilom dragog kamenja. <a href=\"https:\/\/tremunpiercing.com\/registration\/\">Oduprite se kao profesionalni piercer<\/a><\/p>","protected":false},"excerpt":{"rendered":"<ul>\n<li>Unutarnji navoj<\/li>\n<li>Materijal: Titanij F-136 za implantate<\/li>\n<li>Promjer: 3 mm \u2013 4 mm \u2013 5 mm \u2013 6 mm<\/li>\n<li>Mjera\u010d: 16G \u2013 14G<\/li>\n<li>Dragulj: Sun\u010dev kamen<\/li>\n<\/ul>","protected":false},"featured_media":17805,"comment_status":"closed","ping_status":"closed","template":"","meta":{"_acf_changed":false},"product_brand":[],"product_cat":[340,343],"product_tag":[192,193,202,179,180,194,188,189,195,196,226,190,183,184,197,198],"class_list":{"0":"post-17798","1":"product","2":"type-product","3":"status-publish","4":"has-post-thumbnail","6":"product_cat-titanium-jewelry","7":"product_cat-tops-titanium-jewelry","8":"product_tag-anillo","9":"product_tag-argolla","10":"product_tag-clicker","11":"product_tag-cristal","12":"product_tag-cz","13":"product_tag-daith","14":"product_tag-ear","15":"product_tag-helix","16":"product_tag-hinged-ring","17":"product_tag-nariz","18":"product_tag-opal","19":"product_tag-oreja","20":"product_tag-perforacion","21":"product_tag-piercing","22":"product_tag-ring","23":"product_tag-septum","25":"first","26":"instock","27":"taxable","28":"shipping-taxable","29":"purchasable","30":"product-type-variable"},"acf":[],"gallery_images":[17804,27666,27667],"_links":{"self":[{"href":"https:\/\/tremunpiercing.com\/hr\/wp-json\/wp\/v2\/product\/17798","targetHints":{"allow":["GET"]}}],"collection":[{"href":"https:\/\/tremunpiercing.com\/hr\/wp-json\/wp\/v2\/product"}],"about":[{"href":"https:\/\/tremunpiercing.com\/hr\/wp-json\/wp\/v2\/types\/product"}],"replies":[{"embeddable":true,"href":"https:\/\/tremunpiercing.com\/hr\/wp-json\/wp\/v2\/comments?post=17798"}],"version-history":[{"count":2,"href":"https:\/\/tremunpiercing.com\/hr\/wp-json\/wp\/v2\/product\/17798\/revisions"}],"predecessor-version":[{"id":27668,"href":"https:\/\/tremunpiercing.com\/hr\/wp-json\/wp\/v2\/product\/17798\/revisions\/27668"}],"wp:featuredmedia":[{"embeddable":true,"href":"https:\/\/tremunpiercing.com\/hr\/wp-json\/wp\/v2\/media\/17805"}],"wp:attachment":[{"href":"https:\/\/tremunpiercing.com\/hr\/wp-json\/wp\/v2\/media?parent=17798"}],"wp:term":[{"taxonomy":"product_brand","embeddable":true,"href":"https:\/\/tremunpiercing.com\/hr\/wp-json\/wp\/v2\/product_brand?post=17798"},{"taxonomy":"product_cat","embeddable":true,"href":"https:\/\/tremunpiercing.com\/hr\/wp-json\/wp\/v2\/product_cat?post=17798"},{"taxonomy":"product_tag","embeddable":true,"href":"https:\/\/tremunpiercing.com\/hr\/wp-json\/wp\/v2\/product_tag?post=17798"}],"curies":[{"name":"radni list","href":"https:\/\/api.w.org\/{rel}","templated":true}]}}