{"id":17832,"date":"2025-06-05T18:59:32","date_gmt":"2025-06-05T17:59:32","guid":{"rendered":"https:\/\/tremunpiercing.com\/?post_type=product&#038;p=17832"},"modified":"2026-04-10T22:39:03","modified_gmt":"2026-04-10T21:39:03","slug":"deborah-sapphire-blue-white-cz","status":"publish","type":"product","link":"https:\/\/tremunpiercing.com\/hr\/product\/deborah-sapphire-blue-white-cz\/","title":{"rendered":"Deborah \u2013 Safirno plava \/ Bijela CZ"},"content":{"rendered":"<p>Deborah Sapphire plavo\/bijeli CZ internally threaded barbell prekrasan je komad izra\u0111en od titana F-136 implantatne kvalitete, \u0161to ga \u010dini dobrim izborom za sigurnost i \u010dvrsto\u0107u. Budu\u0107i da ima debljinu 14G, \u010dvrst je, hipoalergen i pogodan za dugotrajno no\u0161enje. Kombinacija safirno plavog i bijelog kubnog cirkonija rezultira \u017eivopisnim, privla\u010dnim dizajnom koji je izvrstan za mnoge razli\u010dite vrste piercinga.<\/p>\n<p>Nakit s unutarnjim navojem \u010desto se koristi jer stvara glatkije i sigurnije iskustvo za korisnika, zbog \u010dega ga mnogi profesionalci preferiraju. Titan \u010dini ovaj komad izdr\u017eljivim, a unutarnji navoj osigurava sigurnost. Polirana titanska konstrukcija dodaje sloj udobnosti klijentu, a ujedno je i elegantna i profesionalna. Ovo je izvrstan komad za imati u svojoj kolekciji.<\/p>","protected":false},"excerpt":{"rendered":"<ul>\n<li>Unutarnji navoj<\/li>\n<li>Materijal: Titanij F-136 za implantate<\/li>\n<li>Mjera\u010d: 14G<\/li>\n<li>Dragulj: Kubni cirkonij<\/li>\n<\/ul>","protected":false},"featured_media":17833,"comment_status":"closed","ping_status":"closed","template":"","meta":{"_acf_changed":false},"product_brand":[],"product_cat":[343,340],"product_tag":[225,187,179,180,188,189,190,200,183,184,185],"class_list":{"0":"post-17832","1":"product","2":"type-product","3":"status-publish","4":"has-post-thumbnail","6":"product_cat-tops-titanium-jewelry","7":"product_cat-titanium-jewelry","8":"product_tag-cluster","9":"product_tag-conch","10":"product_tag-cristal","11":"product_tag-cz","12":"product_tag-ear","13":"product_tag-helix","14":"product_tag-oreja","15":"product_tag-ornamental","16":"product_tag-perforacion","17":"product_tag-piercing","18":"product_tag-shiny","20":"first","21":"instock","22":"taxable","23":"shipping-taxable","24":"purchasable","25":"product-type-simple"},"acf":[],"gallery_images":[27605,27606],"_links":{"self":[{"href":"https:\/\/tremunpiercing.com\/hr\/wp-json\/wp\/v2\/product\/17832","targetHints":{"allow":["GET"]}}],"collection":[{"href":"https:\/\/tremunpiercing.com\/hr\/wp-json\/wp\/v2\/product"}],"about":[{"href":"https:\/\/tremunpiercing.com\/hr\/wp-json\/wp\/v2\/types\/product"}],"replies":[{"embeddable":true,"href":"https:\/\/tremunpiercing.com\/hr\/wp-json\/wp\/v2\/comments?post=17832"}],"version-history":[{"count":1,"href":"https:\/\/tremunpiercing.com\/hr\/wp-json\/wp\/v2\/product\/17832\/revisions"}],"predecessor-version":[{"id":27608,"href":"https:\/\/tremunpiercing.com\/hr\/wp-json\/wp\/v2\/product\/17832\/revisions\/27608"}],"wp:featuredmedia":[{"embeddable":true,"href":"https:\/\/tremunpiercing.com\/hr\/wp-json\/wp\/v2\/media\/17833"}],"wp:attachment":[{"href":"https:\/\/tremunpiercing.com\/hr\/wp-json\/wp\/v2\/media?parent=17832"}],"wp:term":[{"taxonomy":"product_brand","embeddable":true,"href":"https:\/\/tremunpiercing.com\/hr\/wp-json\/wp\/v2\/product_brand?post=17832"},{"taxonomy":"product_cat","embeddable":true,"href":"https:\/\/tremunpiercing.com\/hr\/wp-json\/wp\/v2\/product_cat?post=17832"},{"taxonomy":"product_tag","embeddable":true,"href":"https:\/\/tremunpiercing.com\/hr\/wp-json\/wp\/v2\/product_tag?post=17832"}],"curies":[{"name":"radni list","href":"https:\/\/api.w.org\/{rel}","templated":true}]}}