{"id":20578,"date":"2025-08-29T22:40:24","date_gmt":"2025-08-29T21:40:24","guid":{"rendered":"https:\/\/tremunpiercing.com\/?post_type=product&#038;p=20578"},"modified":"2026-04-09T14:57:54","modified_gmt":"2026-04-09T13:57:54","slug":"katia-moissanite-sapphire-blue","status":"publish","type":"product","link":"https:\/\/tremunpiercing.com\/hr\/product\/katia-moissanite-sapphire-blue\/","title":{"rendered":"Katia Moissanite safirno plava"},"content":{"rendered":"<p>Katia Moissanite Sapphire Blue nudi duboki oceanski sjaj u sofisticiranoj zavr\u0161noj obradi od 14-karatnog \u017eutog zlata. Ovaj komad od 14G s unutarnjim navojem ima \u017eivopisni safirno-plavi moissanit koji lomi svjetlost o\u010daravaju\u0107im sjajem. Oblik komada dizajniran je za spiralne, \u0161koljkaste ili plosnate piercinge, nude\u0107i jednostavan na\u010din pri\u010dvr\u0161\u0107ivanja i umetanja, a istovremeno je jednako zapanjuju\u0107i i udoban tijekom no\u0161enja.<\/p>\n<p>S promjerom od 7 mm, ovaj komad predstavlja savr\u0161enu ravnote\u017eu izme\u0111u elegancije i upotrebljivosti za profesionalne piercere. Izdr\u017eljiv je za klijente koji \u017eele bogat ton sa sofisticirano\u0161\u0107u i sigurno \u0107e se istaknuti. Idealan za premium piercing studije i prodava\u010de nakita, Katia Moissanite Sapphire Blue nudi jedinstvenu mje\u0161avinu umjetni\u010dke ljepote i modernog luksuza koja se dobro stapa i isti\u010de u svakoj odabranoj kolekciji.<\/p>","protected":false},"excerpt":{"rendered":"<ul>\n<li>Unutarnji navoj<\/li>\n<li>Mjera\u010d: 14G<\/li>\n<li>Promjer: 7 mm<\/li>\n<li>Materijal: \u017duto zlato 14k<\/li>\n<li>Dragulj: Moissanit safirno plavi<\/li>\n<\/ul>","protected":false},"featured_media":20579,"comment_status":"closed","ping_status":"closed","template":"","meta":{"_acf_changed":false},"product_brand":[],"product_cat":[400,337,463],"product_tag":[187,188,189,205,206,190,183,184,207],"class_list":{"0":"post-20578","1":"product","2":"type-product","3":"status-publish","4":"has-post-thumbnail","6":"product_cat-tremun","7":"product_cat-gold-jewelry","8":"product_cat-tops-gold-tremun","9":"product_tag-conch","10":"product_tag-ear","11":"product_tag-helix","12":"product_tag-lobe","13":"product_tag-lobulo","14":"product_tag-oreja","15":"product_tag-perforacion","16":"product_tag-piercing","17":"product_tag-tragus","19":"first","20":"instock","21":"taxable","22":"shipping-taxable","23":"purchasable","24":"product-type-simple"},"acf":[],"gallery_images":[29298,29297],"_links":{"self":[{"href":"https:\/\/tremunpiercing.com\/hr\/wp-json\/wp\/v2\/product\/20578","targetHints":{"allow":["GET"]}}],"collection":[{"href":"https:\/\/tremunpiercing.com\/hr\/wp-json\/wp\/v2\/product"}],"about":[{"href":"https:\/\/tremunpiercing.com\/hr\/wp-json\/wp\/v2\/types\/product"}],"replies":[{"embeddable":true,"href":"https:\/\/tremunpiercing.com\/hr\/wp-json\/wp\/v2\/comments?post=20578"}],"version-history":[{"count":1,"href":"https:\/\/tremunpiercing.com\/hr\/wp-json\/wp\/v2\/product\/20578\/revisions"}],"predecessor-version":[{"id":29300,"href":"https:\/\/tremunpiercing.com\/hr\/wp-json\/wp\/v2\/product\/20578\/revisions\/29300"}],"wp:featuredmedia":[{"embeddable":true,"href":"https:\/\/tremunpiercing.com\/hr\/wp-json\/wp\/v2\/media\/20579"}],"wp:attachment":[{"href":"https:\/\/tremunpiercing.com\/hr\/wp-json\/wp\/v2\/media?parent=20578"}],"wp:term":[{"taxonomy":"product_brand","embeddable":true,"href":"https:\/\/tremunpiercing.com\/hr\/wp-json\/wp\/v2\/product_brand?post=20578"},{"taxonomy":"product_cat","embeddable":true,"href":"https:\/\/tremunpiercing.com\/hr\/wp-json\/wp\/v2\/product_cat?post=20578"},{"taxonomy":"product_tag","embeddable":true,"href":"https:\/\/tremunpiercing.com\/hr\/wp-json\/wp\/v2\/product_tag?post=20578"}],"curies":[{"name":"radni list","href":"https:\/\/api.w.org\/{rel}","templated":true}]}}