{"id":20783,"date":"2025-09-01T15:52:00","date_gmt":"2025-09-01T14:52:00","guid":{"rendered":"https:\/\/tremunpiercing.com\/?post_type=product&#038;p=20783"},"modified":"2026-04-09T14:56:30","modified_gmt":"2026-04-09T13:56:30","slug":"katia-moissanite-green","status":"publish","type":"product","link":"https:\/\/tremunpiercing.com\/hr\/product\/katia-moissanite-green\/","title":{"rendered":"Katia Moissanite Green"},"content":{"rendered":"<p>Katia Moissanite Green redefinira luksuz nakita za piercing, s briljantnim i \u017eivim kamenjem. Dragulj moissanit je \u017eivo zelene boje i pru\u017ea energiju modernosti; izra\u0111en je od \u010distog 14-karatnog \u017eutog zlata.<\/p>\n<p>14G stupi\u0107 (7 mm), koji ima unutarnji navoj, odlikuje se dizajnerskom precizno\u0161\u0107u, sigurno\u0161\u0107u i jednostavno\u0161\u0107u mijenjanja nakita; idealan je za piercing u obliku \u0161koljke, spirale ili ravnog piercinga. Katia Moissanite Green je vrlo omiljen me\u0111u profesionalcima u studijima, jer dodaje sofisticiranost i boju bogatom prikazu suvremenog nakita za tijelo. Katia Moissanite Green je dizajniran za dugotrajnost i sjaj, \u0161to ga \u010dini vrhunskim izborom za piercing studije i dobavlja\u010de nakita koji tra\u017ee jedinstvene, dragocjene komade visoke vrijednosti.<\/p>","protected":false},"excerpt":{"rendered":"<ul>\n<li>Unutarnji navoj<\/li>\n<li>Mjera\u010d: 14G<\/li>\n<li>Promjer: 7 mm<\/li>\n<li>Materijal: \u017duto zlato 14k<\/li>\n<li>Dragulj: Moissanit zeleni<\/li>\n<\/ul>","protected":false},"featured_media":20972,"comment_status":"closed","ping_status":"closed","template":"","meta":{"_acf_changed":false},"product_brand":[],"product_cat":[400,337,463],"product_tag":[187,188,189,205,206,190,183,184,207],"class_list":{"0":"post-20783","1":"product","2":"type-product","3":"status-publish","4":"has-post-thumbnail","6":"product_cat-tremun","7":"product_cat-gold-jewelry","8":"product_cat-tops-gold-tremun","9":"product_tag-conch","10":"product_tag-ear","11":"product_tag-helix","12":"product_tag-lobe","13":"product_tag-lobulo","14":"product_tag-oreja","15":"product_tag-perforacion","16":"product_tag-piercing","17":"product_tag-tragus","19":"first","20":"instock","21":"taxable","22":"shipping-taxable","23":"purchasable","24":"product-type-simple"},"acf":[],"gallery_images":[29296,29295],"_links":{"self":[{"href":"https:\/\/tremunpiercing.com\/hr\/wp-json\/wp\/v2\/product\/20783","targetHints":{"allow":["GET"]}}],"collection":[{"href":"https:\/\/tremunpiercing.com\/hr\/wp-json\/wp\/v2\/product"}],"about":[{"href":"https:\/\/tremunpiercing.com\/hr\/wp-json\/wp\/v2\/types\/product"}],"replies":[{"embeddable":true,"href":"https:\/\/tremunpiercing.com\/hr\/wp-json\/wp\/v2\/comments?post=20783"}],"version-history":[{"count":1,"href":"https:\/\/tremunpiercing.com\/hr\/wp-json\/wp\/v2\/product\/20783\/revisions"}],"predecessor-version":[{"id":29299,"href":"https:\/\/tremunpiercing.com\/hr\/wp-json\/wp\/v2\/product\/20783\/revisions\/29299"}],"wp:featuredmedia":[{"embeddable":true,"href":"https:\/\/tremunpiercing.com\/hr\/wp-json\/wp\/v2\/media\/20972"}],"wp:attachment":[{"href":"https:\/\/tremunpiercing.com\/hr\/wp-json\/wp\/v2\/media?parent=20783"}],"wp:term":[{"taxonomy":"product_brand","embeddable":true,"href":"https:\/\/tremunpiercing.com\/hr\/wp-json\/wp\/v2\/product_brand?post=20783"},{"taxonomy":"product_cat","embeddable":true,"href":"https:\/\/tremunpiercing.com\/hr\/wp-json\/wp\/v2\/product_cat?post=20783"},{"taxonomy":"product_tag","embeddable":true,"href":"https:\/\/tremunpiercing.com\/hr\/wp-json\/wp\/v2\/product_tag?post=20783"}],"curies":[{"name":"radni list","href":"https:\/\/api.w.org\/{rel}","templated":true}]}}