{"id":20798,"date":"2025-09-01T16:28:10","date_gmt":"2025-09-01T15:28:10","guid":{"rendered":"https:\/\/tremunpiercing.com\/?post_type=product&#038;p=20798"},"modified":"2026-04-09T13:28:06","modified_gmt":"2026-04-09T12:28:06","slug":"brianna-sky-blue-topaz","status":"publish","type":"product","link":"https:\/\/tremunpiercing.com\/hr\/product\/brianna-sky-blue-topaz\/","title":{"rendered":"Brianna nebesko plavi topaz"},"content":{"rendered":"<p>Brianna nebesko plavi topaz je spokojan izraz sofisticiranosti. Izra\u0111en od 14-karatnog \u017eutog zlata, odlikuje se blistavim nebesko plavim topazom koji donosi smiren, ali o\u010daravaju\u0107i sjaj. Unutarnji navoj od 14G nakita promjera 7 mm osigurava glatku ugradnju i trajnu udobnost, idealan za piercing u obliku \u0161koljke, re\u017enja ili spirale. Omiljen od strane profesionalaca za piercing zbog svoje \u010diste, moderne estetike, ovaj komad nadopunjuje svaki luksuzni nakit.<\/p>\n<p>Njegova nje\u017ena nijansa i luksuzna zavr\u0161na obrada \u010dine ga idealnim izborom za klijente koji tra\u017ee decentnu eleganciju. Savr\u0161en je za studije i trgovce koji cijene i stil i kvalitetnu izradu.<\/p>","protected":false},"excerpt":{"rendered":"<ul>\n<li>Unutarnji navoj<\/li>\n<li>Mjera\u010d: 14G<\/li>\n<li>Promjer: 7 mm<\/li>\n<li>Materijal: \u017duto zlato 14k<\/li>\n<li>Dragulj: Nebesko plavi topaz<\/li>\n<\/ul>","protected":false},"featured_media":20799,"comment_status":"closed","ping_status":"closed","template":"","meta":{"_acf_changed":false},"product_brand":[],"product_cat":[400,337,463],"product_tag":[187,188,189,205,206,190,183,184,207],"class_list":{"0":"post-20798","1":"product","2":"type-product","3":"status-publish","4":"has-post-thumbnail","6":"product_cat-tremun","7":"product_cat-gold-jewelry","8":"product_cat-tops-gold-tremun","9":"product_tag-conch","10":"product_tag-ear","11":"product_tag-helix","12":"product_tag-lobe","13":"product_tag-lobulo","14":"product_tag-oreja","15":"product_tag-perforacion","16":"product_tag-piercing","17":"product_tag-tragus","19":"first","20":"instock","21":"taxable","22":"shipping-taxable","23":"purchasable","24":"product-type-simple"},"acf":[],"gallery_images":[29267,29266],"_links":{"self":[{"href":"https:\/\/tremunpiercing.com\/hr\/wp-json\/wp\/v2\/product\/20798","targetHints":{"allow":["GET"]}}],"collection":[{"href":"https:\/\/tremunpiercing.com\/hr\/wp-json\/wp\/v2\/product"}],"about":[{"href":"https:\/\/tremunpiercing.com\/hr\/wp-json\/wp\/v2\/types\/product"}],"replies":[{"embeddable":true,"href":"https:\/\/tremunpiercing.com\/hr\/wp-json\/wp\/v2\/comments?post=20798"}],"version-history":[{"count":1,"href":"https:\/\/tremunpiercing.com\/hr\/wp-json\/wp\/v2\/product\/20798\/revisions"}],"predecessor-version":[{"id":29273,"href":"https:\/\/tremunpiercing.com\/hr\/wp-json\/wp\/v2\/product\/20798\/revisions\/29273"}],"wp:featuredmedia":[{"embeddable":true,"href":"https:\/\/tremunpiercing.com\/hr\/wp-json\/wp\/v2\/media\/20799"}],"wp:attachment":[{"href":"https:\/\/tremunpiercing.com\/hr\/wp-json\/wp\/v2\/media?parent=20798"}],"wp:term":[{"taxonomy":"product_brand","embeddable":true,"href":"https:\/\/tremunpiercing.com\/hr\/wp-json\/wp\/v2\/product_brand?post=20798"},{"taxonomy":"product_cat","embeddable":true,"href":"https:\/\/tremunpiercing.com\/hr\/wp-json\/wp\/v2\/product_cat?post=20798"},{"taxonomy":"product_tag","embeddable":true,"href":"https:\/\/tremunpiercing.com\/hr\/wp-json\/wp\/v2\/product_tag?post=20798"}],"curies":[{"name":"radni list","href":"https:\/\/api.w.org\/{rel}","templated":true}]}}