{"id":20831,"date":"2025-09-01T18:24:05","date_gmt":"2025-09-01T17:24:05","guid":{"rendered":"https:\/\/tremunpiercing.com\/?post_type=product&#038;p=20831"},"modified":"2026-04-20T16:10:06","modified_gmt":"2026-04-20T15:10:06","slug":"edith-tazanite","status":"publish","type":"product","link":"https:\/\/tremunpiercing.com\/hr\/product\/edith-tazanite\/","title":{"rendered":"Edith Tazanite"},"content":{"rendered":"<p>Predstavljamo Edith Tazanite, udobni nakit s unutarnjim navojem od 8 mm, s prekrasnim tamnoljubi\u010dasto-plavim tanzanitom izra\u0111enim u laboratoriju, ukra\u0161enim prekrasnim 14-karatnim \u017eutim zlatom. Ovaj komad dizajniran je za zahtjevne ljubitelje lijepog i sigurnog nakita! Raspon od 8 mm \u010dini ovaj komad prikladnim za smjelije upe\u010datljive piercinge, poput spiralnog piercinga ili pa\u017eljivo odabranih parova hrskavice. Na\u0161a je misija ispuniti svijet piercinga eti\u010dki izra\u0111enim i odgovorno nabavljenim medicinskim nakitom za profesionalce u piercingu, salone za tetoviranje i trgovce nakitom za tijelo diljem Europe, \u0160panjolske i SAD-a.<\/p>\n<p>Dostupne su veleprodajne opcije nakita za piercing salone i studije. Edith Tanzanite spaja luksuz s funkcionalno\u0161\u0107u, pristupa\u010dno\u0161\u0107u i elegancijom - idealno za studije koji se ponose pru\u017eanjem vrhunskih komada vrijednosti s dugogodi\u0161njom vrijedno\u0161\u0107u za klijente i zadovoljstvom kroz ponovne kupnje.<\/p>","protected":false},"excerpt":{"rendered":"<ul>\n<li>Unutarnji navoj<\/li>\n<li>Mjera\u010d: 14G<\/li>\n<li>Promjer: 8 mm<\/li>\n<li>Materijal: \u017duto zlato 14k<\/li>\n<li>Dragulj: Laboratorijski tazanit<\/li>\n<\/ul>","protected":false},"featured_media":20838,"comment_status":"closed","ping_status":"closed","template":"","meta":{"_acf_changed":false},"product_brand":[],"product_cat":[400,337,463],"product_tag":[187,188,189,205,206,190,183,184,207],"class_list":{"0":"post-20831","1":"product","2":"type-product","3":"status-publish","4":"has-post-thumbnail","6":"product_cat-tremun","7":"product_cat-gold-jewelry","8":"product_cat-tops-gold-tremun","9":"product_tag-conch","10":"product_tag-ear","11":"product_tag-helix","12":"product_tag-lobe","13":"product_tag-lobulo","14":"product_tag-oreja","15":"product_tag-perforacion","16":"product_tag-piercing","17":"product_tag-tragus","19":"first","20":"instock","21":"taxable","22":"shipping-taxable","23":"purchasable","24":"product-type-simple"},"acf":[],"gallery_images":[29259,29260],"_links":{"self":[{"href":"https:\/\/tremunpiercing.com\/hr\/wp-json\/wp\/v2\/product\/20831","targetHints":{"allow":["GET"]}}],"collection":[{"href":"https:\/\/tremunpiercing.com\/hr\/wp-json\/wp\/v2\/product"}],"about":[{"href":"https:\/\/tremunpiercing.com\/hr\/wp-json\/wp\/v2\/types\/product"}],"replies":[{"embeddable":true,"href":"https:\/\/tremunpiercing.com\/hr\/wp-json\/wp\/v2\/comments?post=20831"}],"version-history":[{"count":1,"href":"https:\/\/tremunpiercing.com\/hr\/wp-json\/wp\/v2\/product\/20831\/revisions"}],"predecessor-version":[{"id":29261,"href":"https:\/\/tremunpiercing.com\/hr\/wp-json\/wp\/v2\/product\/20831\/revisions\/29261"}],"wp:featuredmedia":[{"embeddable":true,"href":"https:\/\/tremunpiercing.com\/hr\/wp-json\/wp\/v2\/media\/20838"}],"wp:attachment":[{"href":"https:\/\/tremunpiercing.com\/hr\/wp-json\/wp\/v2\/media?parent=20831"}],"wp:term":[{"taxonomy":"product_brand","embeddable":true,"href":"https:\/\/tremunpiercing.com\/hr\/wp-json\/wp\/v2\/product_brand?post=20831"},{"taxonomy":"product_cat","embeddable":true,"href":"https:\/\/tremunpiercing.com\/hr\/wp-json\/wp\/v2\/product_cat?post=20831"},{"taxonomy":"product_tag","embeddable":true,"href":"https:\/\/tremunpiercing.com\/hr\/wp-json\/wp\/v2\/product_tag?post=20831"}],"curies":[{"name":"radni list","href":"https:\/\/api.w.org\/{rel}","templated":true}]}}