{"id":20843,"date":"2025-09-01T18:32:58","date_gmt":"2025-09-01T17:32:58","guid":{"rendered":"https:\/\/tremunpiercing.com\/?post_type=product&#038;p=20843"},"modified":"2026-04-16T14:18:58","modified_gmt":"2026-04-16T13:18:58","slug":"ellie-sw-white","status":"publish","type":"product","link":"https:\/\/tremunpiercing.com\/hr\/product\/ellie-sw-white\/","title":{"rendered":"Ellie SW White"},"content":{"rendered":"<p>Predstavljamo kultni Ellie SW White, neophodan za svakog distributera nakita za tijelo ili dobavlja\u010da piercing studija. S tri Swarovski\u00ae bijela kamena u obliku kru\u0161ke, ovaj komad s unutarnjim navojem od 14G, od \u010distog \u017eutog zlata od 14k, dizajniran je i proizveden kako bi pokazao maksimalni sjaj u bilo kojem piercingu u kojem se nalazi, heliksu, re\u017enju ili \u0161koljki. Minimalisti\u010dki, ali luksuzan dizajn, energija \u0161efice! Naru\u010dite s povjerenjem od sigurnog dobavlja\u010da nakita za tijelo poznatog po kvaliteti i dosljednosti.<\/p>","protected":false},"excerpt":{"rendered":"<ul>\n<li>Unutarnji navoj<\/li>\n<li>Mjera\u010d: 14G<\/li>\n<li>Materijal: \u017duto zlato 14k<\/li>\n<li>Dragulj: SW bijela<\/li>\n<\/ul>","protected":false},"featured_media":20844,"comment_status":"closed","ping_status":"closed","template":"","meta":{"_acf_changed":false},"product_brand":[],"product_cat":[400,337,463],"product_tag":[187,188,189,205,206,190,183,184,207],"class_list":{"0":"post-20843","1":"product","2":"type-product","3":"status-publish","4":"has-post-thumbnail","6":"product_cat-tremun","7":"product_cat-gold-jewelry","8":"product_cat-tops-gold-tremun","9":"product_tag-conch","10":"product_tag-ear","11":"product_tag-helix","12":"product_tag-lobe","13":"product_tag-lobulo","14":"product_tag-oreja","15":"product_tag-perforacion","16":"product_tag-piercing","17":"product_tag-tragus","19":"first","20":"instock","21":"taxable","22":"shipping-taxable","23":"purchasable","24":"product-type-simple"},"acf":[],"gallery_images":[29257,29256],"_links":{"self":[{"href":"https:\/\/tremunpiercing.com\/hr\/wp-json\/wp\/v2\/product\/20843","targetHints":{"allow":["GET"]}}],"collection":[{"href":"https:\/\/tremunpiercing.com\/hr\/wp-json\/wp\/v2\/product"}],"about":[{"href":"https:\/\/tremunpiercing.com\/hr\/wp-json\/wp\/v2\/types\/product"}],"replies":[{"embeddable":true,"href":"https:\/\/tremunpiercing.com\/hr\/wp-json\/wp\/v2\/comments?post=20843"}],"version-history":[{"count":1,"href":"https:\/\/tremunpiercing.com\/hr\/wp-json\/wp\/v2\/product\/20843\/revisions"}],"predecessor-version":[{"id":29258,"href":"https:\/\/tremunpiercing.com\/hr\/wp-json\/wp\/v2\/product\/20843\/revisions\/29258"}],"wp:featuredmedia":[{"embeddable":true,"href":"https:\/\/tremunpiercing.com\/hr\/wp-json\/wp\/v2\/media\/20844"}],"wp:attachment":[{"href":"https:\/\/tremunpiercing.com\/hr\/wp-json\/wp\/v2\/media?parent=20843"}],"wp:term":[{"taxonomy":"product_brand","embeddable":true,"href":"https:\/\/tremunpiercing.com\/hr\/wp-json\/wp\/v2\/product_brand?post=20843"},{"taxonomy":"product_cat","embeddable":true,"href":"https:\/\/tremunpiercing.com\/hr\/wp-json\/wp\/v2\/product_cat?post=20843"},{"taxonomy":"product_tag","embeddable":true,"href":"https:\/\/tremunpiercing.com\/hr\/wp-json\/wp\/v2\/product_tag?post=20843"}],"curies":[{"name":"radni list","href":"https:\/\/api.w.org\/{rel}","templated":true}]}}