{"id":20846,"date":"2025-09-01T18:38:56","date_gmt":"2025-09-01T17:38:56","guid":{"rendered":"https:\/\/tremunpiercing.com\/?post_type=product&#038;p=20846"},"modified":"2026-04-09T12:08:23","modified_gmt":"2026-04-09T11:08:23","slug":"ellie-chrysoprase","status":"publish","type":"product","link":"https:\/\/tremunpiercing.com\/hr\/product\/ellie-chrysoprase\/","title":{"rendered":"Ellie Chrysoprase"},"content":{"rendered":"<p>Ellie Chrysoprase mo\u017ee se pohvaliti nje\u017eno mint zelenom bojom i luksuznom bazom od 14-karatnog \u017eutog zlata. Ovaj nastavak s unutarnjim navojem od 14G ostvarenje je sna za dobavlja\u010de piercing trgovina i veletrgovce nakita za piercing koji \u017eele svoju kolekciju piercinga opremiti umiruju\u0107im i zemljanim tonovima. Glatka povr\u0161ina i sigurnost navoja \u010dine ga savr\u0161enim za svakodnevno no\u0161enje kada se koristi kao piercing u obliku \u0161koljke, spirale ili re\u017enja. Kao hipoalergeni metal, 14-karatno zlato tako\u0111er \u0107e ponuditi maksimalnu udobnost va\u0161im klijentima i jamstvo sigurnosti - najva\u017eniji aspekt za svakoga tko prodaje nakit za piercing medicinske kvalitete.<\/p>","protected":false},"excerpt":{"rendered":"<ul>\n<li>Unutarnji navoj<\/li>\n<li>Mjera\u010d: 14G<\/li>\n<li>Materijal: \u017duto zlato 14k<\/li>\n<li>Dragulj: Krizopraz<\/li>\n<\/ul>","protected":false},"featured_media":20847,"comment_status":"closed","ping_status":"closed","template":"","meta":{"_acf_changed":false},"product_brand":[],"product_cat":[400,337,463],"product_tag":[187,188,189,205,206,190,183,184,207],"class_list":{"0":"post-20846","1":"product","2":"type-product","3":"status-publish","4":"has-post-thumbnail","6":"product_cat-tremun","7":"product_cat-gold-jewelry","8":"product_cat-tops-gold-tremun","9":"product_tag-conch","10":"product_tag-ear","11":"product_tag-helix","12":"product_tag-lobe","13":"product_tag-lobulo","14":"product_tag-oreja","15":"product_tag-perforacion","16":"product_tag-piercing","17":"product_tag-tragus","19":"first","20":"instock","21":"taxable","22":"shipping-taxable","23":"purchasable","24":"product-type-simple"},"acf":[],"gallery_images":[29254,29253],"_links":{"self":[{"href":"https:\/\/tremunpiercing.com\/hr\/wp-json\/wp\/v2\/product\/20846","targetHints":{"allow":["GET"]}}],"collection":[{"href":"https:\/\/tremunpiercing.com\/hr\/wp-json\/wp\/v2\/product"}],"about":[{"href":"https:\/\/tremunpiercing.com\/hr\/wp-json\/wp\/v2\/types\/product"}],"replies":[{"embeddable":true,"href":"https:\/\/tremunpiercing.com\/hr\/wp-json\/wp\/v2\/comments?post=20846"}],"version-history":[{"count":1,"href":"https:\/\/tremunpiercing.com\/hr\/wp-json\/wp\/v2\/product\/20846\/revisions"}],"predecessor-version":[{"id":29255,"href":"https:\/\/tremunpiercing.com\/hr\/wp-json\/wp\/v2\/product\/20846\/revisions\/29255"}],"wp:featuredmedia":[{"embeddable":true,"href":"https:\/\/tremunpiercing.com\/hr\/wp-json\/wp\/v2\/media\/20847"}],"wp:attachment":[{"href":"https:\/\/tremunpiercing.com\/hr\/wp-json\/wp\/v2\/media?parent=20846"}],"wp:term":[{"taxonomy":"product_brand","embeddable":true,"href":"https:\/\/tremunpiercing.com\/hr\/wp-json\/wp\/v2\/product_brand?post=20846"},{"taxonomy":"product_cat","embeddable":true,"href":"https:\/\/tremunpiercing.com\/hr\/wp-json\/wp\/v2\/product_cat?post=20846"},{"taxonomy":"product_tag","embeddable":true,"href":"https:\/\/tremunpiercing.com\/hr\/wp-json\/wp\/v2\/product_tag?post=20846"}],"curies":[{"name":"radni list","href":"https:\/\/api.w.org\/{rel}","templated":true}]}}