{"id":20849,"date":"2025-09-01T18:43:41","date_gmt":"2025-09-01T17:43:41","guid":{"rendered":"https:\/\/tremunpiercing.com\/?post_type=product&#038;p=20849"},"modified":"2026-04-09T11:40:34","modified_gmt":"2026-04-09T10:40:34","slug":"ellie-mystic-topaz","status":"publish","type":"product","link":"https:\/\/tremunpiercing.com\/hr\/product\/ellie-mystic-topaz\/","title":{"rendered":"Ellie Misti\u010dni Topaz"},"content":{"rendered":"<p>Dodajte jarki da\u0161ak prelijevanja svom piercingu s Ellie misti\u010dnim topazom. Siguran nakit za tijelo u luksuznim okvirima te\u0161ko je prona\u0107i. S tri dragulja misti\u010dnog topaza u obliku kru\u0161ke koji svjetlucaju s naznakama ru\u017ei\u010dastih, zelenih i zlatnih tonova, ovaj komad s unutarnjim navojem od 14G izra\u0111en je od \u010distog \u017eutog zlata od 14 karata. Izvrstan je za luksuzne klijente koji \u017eele siguran nakit za tijelo koji izgleda nevjerojatno. Izvrstan za piercinge zacijelih hrskavica i re\u017enjeva, vrhunska je ponuda za svaku kolekciju nakita za tijelo za piercing u tattoo studiju. U veleprodaji nakita za tijelo za piercing, ne\u0107ete mo\u0107i ignorirati ovo u \u017eivahnim stilovima i sofisticiranosti u svojoj veleprodajnoj trgovini nakita za tijelo.<\/p>","protected":false},"excerpt":{"rendered":"<ul>\n<li>Unutarnji navoj<\/li>\n<li>Mjera\u010d: 14G<\/li>\n<li>Materijal: \u017duto zlato 14k<\/li>\n<li>Dragulj: Misti\u010dni topaz<\/li>\n<\/ul>","protected":false},"featured_media":20850,"comment_status":"closed","ping_status":"closed","template":"","meta":{"_acf_changed":false},"product_brand":[],"product_cat":[400,337,463],"product_tag":[187,188,189,205,206,190,183,184,207],"class_list":{"0":"post-20849","1":"product","2":"type-product","3":"status-publish","4":"has-post-thumbnail","6":"product_cat-tremun","7":"product_cat-gold-jewelry","8":"product_cat-tops-gold-tremun","9":"product_tag-conch","10":"product_tag-ear","11":"product_tag-helix","12":"product_tag-lobe","13":"product_tag-lobulo","14":"product_tag-oreja","15":"product_tag-perforacion","16":"product_tag-piercing","17":"product_tag-tragus","19":"first","20":"instock","21":"taxable","22":"shipping-taxable","23":"purchasable","24":"product-type-simple"},"acf":[],"gallery_images":[29247,29246],"_links":{"self":[{"href":"https:\/\/tremunpiercing.com\/hr\/wp-json\/wp\/v2\/product\/20849","targetHints":{"allow":["GET"]}}],"collection":[{"href":"https:\/\/tremunpiercing.com\/hr\/wp-json\/wp\/v2\/product"}],"about":[{"href":"https:\/\/tremunpiercing.com\/hr\/wp-json\/wp\/v2\/types\/product"}],"replies":[{"embeddable":true,"href":"https:\/\/tremunpiercing.com\/hr\/wp-json\/wp\/v2\/comments?post=20849"}],"version-history":[{"count":1,"href":"https:\/\/tremunpiercing.com\/hr\/wp-json\/wp\/v2\/product\/20849\/revisions"}],"predecessor-version":[{"id":29251,"href":"https:\/\/tremunpiercing.com\/hr\/wp-json\/wp\/v2\/product\/20849\/revisions\/29251"}],"wp:featuredmedia":[{"embeddable":true,"href":"https:\/\/tremunpiercing.com\/hr\/wp-json\/wp\/v2\/media\/20850"}],"wp:attachment":[{"href":"https:\/\/tremunpiercing.com\/hr\/wp-json\/wp\/v2\/media?parent=20849"}],"wp:term":[{"taxonomy":"product_brand","embeddable":true,"href":"https:\/\/tremunpiercing.com\/hr\/wp-json\/wp\/v2\/product_brand?post=20849"},{"taxonomy":"product_cat","embeddable":true,"href":"https:\/\/tremunpiercing.com\/hr\/wp-json\/wp\/v2\/product_cat?post=20849"},{"taxonomy":"product_tag","embeddable":true,"href":"https:\/\/tremunpiercing.com\/hr\/wp-json\/wp\/v2\/product_tag?post=20849"}],"curies":[{"name":"radni list","href":"https:\/\/api.w.org\/{rel}","templated":true}]}}