{"id":20852,"date":"2025-09-01T18:50:20","date_gmt":"2025-09-01T17:50:20","guid":{"rendered":"https:\/\/tremunpiercing.com\/?post_type=product&#038;p=20852"},"modified":"2026-04-16T14:18:59","modified_gmt":"2026-04-16T13:18:59","slug":"ellie-tsavorite","status":"publish","type":"product","link":"https:\/\/tremunpiercing.com\/hr\/product\/ellie-tsavorite\/","title":{"rendered":"Ellie Tsavorite"},"content":{"rendered":"<p>Dizajniran posebno za profesionalne piercing studije i prodava\u010de visokokvalitetnog nakita za tijelo, svaki Ellie Tsavorite sadr\u017ei tri besprijekorna, kru\u0161kolika zelena Tsavorita od \u010distog 14-karatnog \u017eutog zlata. S unutarnjim navojem za mir i udobnost, ovaj nastavak od 14 g nudi dodatni luksuz i prikladan je za klijente koji tra\u017ee nakit za tijelo koji je nje\u017ean za ko\u017eu. Elliet Tsavorite izvrstan je izbor bez obzira na to tra\u017eite li piercing u obliku spirale, \u0161koljke ili re\u017enja.<\/p>\n<p>Mo\u017eete u\u017eivati u savr\u0161enoj koli\u010dini sjaja bez pretjerivanja - to je dobrodo\u0161ao dodatak svakoj vrsti nakita za piercing. Na\u0161i visokokvalitetni materijali odli\u010dan su izbor za profesionalce koji tra\u017ee hipoalergeni nakit za tijelo vrhunske kvalitete i izdr\u017eljivosti. Obavezno ga nosite u rasutom stanju s nakitom za tijelo ako ste dobavlja\u010d zlatnog nakita za tijelo. Dodat \u0107ete ne\u0161to posebno \u0161to \u0107e va\u0161i cijenjeni klijenti cijeniti.<\/p>","protected":false},"excerpt":{"rendered":"<ul>\n<li>Unutarnji navoj<\/li>\n<li>Mjera\u010d: 14G<\/li>\n<li>Materijal: \u017duto zlato 14k<\/li>\n<li>Dragulj: Tsavorit<\/li>\n<\/ul>","protected":false},"featured_media":20853,"comment_status":"closed","ping_status":"closed","template":"","meta":{"_acf_changed":false},"product_brand":[],"product_cat":[400,337,463],"product_tag":[187,188,189,205,206,190,183,184,207],"class_list":{"0":"post-20852","1":"product","2":"type-product","3":"status-publish","4":"has-post-thumbnail","6":"product_cat-tremun","7":"product_cat-gold-jewelry","8":"product_cat-tops-gold-tremun","9":"product_tag-conch","10":"product_tag-ear","11":"product_tag-helix","12":"product_tag-lobe","13":"product_tag-lobulo","14":"product_tag-oreja","15":"product_tag-perforacion","16":"product_tag-piercing","17":"product_tag-tragus","19":"first","20":"instock","21":"taxable","22":"shipping-taxable","23":"purchasable","24":"product-type-simple"},"acf":[],"gallery_images":[29244,29245],"_links":{"self":[{"href":"https:\/\/tremunpiercing.com\/hr\/wp-json\/wp\/v2\/product\/20852","targetHints":{"allow":["GET"]}}],"collection":[{"href":"https:\/\/tremunpiercing.com\/hr\/wp-json\/wp\/v2\/product"}],"about":[{"href":"https:\/\/tremunpiercing.com\/hr\/wp-json\/wp\/v2\/types\/product"}],"replies":[{"embeddable":true,"href":"https:\/\/tremunpiercing.com\/hr\/wp-json\/wp\/v2\/comments?post=20852"}],"version-history":[{"count":1,"href":"https:\/\/tremunpiercing.com\/hr\/wp-json\/wp\/v2\/product\/20852\/revisions"}],"predecessor-version":[{"id":29250,"href":"https:\/\/tremunpiercing.com\/hr\/wp-json\/wp\/v2\/product\/20852\/revisions\/29250"}],"wp:featuredmedia":[{"embeddable":true,"href":"https:\/\/tremunpiercing.com\/hr\/wp-json\/wp\/v2\/media\/20853"}],"wp:attachment":[{"href":"https:\/\/tremunpiercing.com\/hr\/wp-json\/wp\/v2\/media?parent=20852"}],"wp:term":[{"taxonomy":"product_brand","embeddable":true,"href":"https:\/\/tremunpiercing.com\/hr\/wp-json\/wp\/v2\/product_brand?post=20852"},{"taxonomy":"product_cat","embeddable":true,"href":"https:\/\/tremunpiercing.com\/hr\/wp-json\/wp\/v2\/product_cat?post=20852"},{"taxonomy":"product_tag","embeddable":true,"href":"https:\/\/tremunpiercing.com\/hr\/wp-json\/wp\/v2\/product_tag?post=20852"}],"curies":[{"name":"radni list","href":"https:\/\/api.w.org\/{rel}","templated":true}]}}