{"id":20855,"date":"2025-09-01T19:02:19","date_gmt":"2025-09-01T18:02:19","guid":{"rendered":"https:\/\/tremunpiercing.com\/?post_type=product&#038;p=20855"},"modified":"2026-04-16T14:19:01","modified_gmt":"2026-04-16T13:19:01","slug":"molly-amethyst-tazanite","status":"publish","type":"product","link":"https:\/\/tremunpiercing.com\/hr\/product\/molly-amethyst-tazanite\/","title":{"rendered":"Molly ametist + tazanit"},"content":{"rendered":"<p>Veli\u010danstven i blistav, Molly Amethyst + Moonstone sastoji se od prekrasne kombinacije ljubi\u010dastih i prelijevaju\u0107ih podtonova. S elegantnim lukom precizno izrezanog dragog kamenja, ovaj unutarnji navoj od 14G pru\u017eit \u0107e svakom profesionalcu za piercing koji ima dovoljno sre\u0107e da ima klijenta s probirljivim estetskim zahtjevima priliku da se pohvali svojom rasko\u0161i. Molly Amethyst + Moonstone izra\u0111en je od \u010distog 14-karatnog \u017eutog zlata, \u0161to ga \u010dini savr\u0161enim izlo\u017ebenim komadom za svakog profesionalca za piercing koji cijeni klijente s naglaskom na stilu. Naru\u010dite neke od ovih tijela kako biste mistificirali svoju publiku. Savr\u0161eno se nude kao narud\u017eba nakita za tijelo u velikim koli\u010dinama ili se mogu sakupljati i birati s ekskluzivnom linijom va\u0161eg studija.<\/p>","protected":false},"excerpt":{"rendered":"<ul>\n<li>Unutarnji navoj<\/li>\n<li>Mjera\u010d: 14G<\/li>\n<li>Materijal: \u017duto zlato 14k<\/li>\n<li>Dragulj: Ametist + Tazanit<\/li>\n<\/ul>","protected":false},"featured_media":20857,"comment_status":"closed","ping_status":"closed","template":"","meta":{"_acf_changed":false},"product_brand":[],"product_cat":[400,337,463],"product_tag":[187,188,189,205,206,190,183,184,207],"class_list":{"0":"post-20855","1":"product","2":"type-product","3":"status-publish","4":"has-post-thumbnail","6":"product_cat-tremun","7":"product_cat-gold-jewelry","8":"product_cat-tops-gold-tremun","9":"product_tag-conch","10":"product_tag-ear","11":"product_tag-helix","12":"product_tag-lobe","13":"product_tag-lobulo","14":"product_tag-oreja","15":"product_tag-perforacion","16":"product_tag-piercing","17":"product_tag-tragus","19":"first","20":"instock","21":"taxable","22":"shipping-taxable","23":"purchasable","24":"product-type-simple"},"acf":[],"gallery_images":[29242,29243],"_links":{"self":[{"href":"https:\/\/tremunpiercing.com\/hr\/wp-json\/wp\/v2\/product\/20855","targetHints":{"allow":["GET"]}}],"collection":[{"href":"https:\/\/tremunpiercing.com\/hr\/wp-json\/wp\/v2\/product"}],"about":[{"href":"https:\/\/tremunpiercing.com\/hr\/wp-json\/wp\/v2\/types\/product"}],"replies":[{"embeddable":true,"href":"https:\/\/tremunpiercing.com\/hr\/wp-json\/wp\/v2\/comments?post=20855"}],"version-history":[{"count":1,"href":"https:\/\/tremunpiercing.com\/hr\/wp-json\/wp\/v2\/product\/20855\/revisions"}],"predecessor-version":[{"id":29249,"href":"https:\/\/tremunpiercing.com\/hr\/wp-json\/wp\/v2\/product\/20855\/revisions\/29249"}],"wp:featuredmedia":[{"embeddable":true,"href":"https:\/\/tremunpiercing.com\/hr\/wp-json\/wp\/v2\/media\/20857"}],"wp:attachment":[{"href":"https:\/\/tremunpiercing.com\/hr\/wp-json\/wp\/v2\/media?parent=20855"}],"wp:term":[{"taxonomy":"product_brand","embeddable":true,"href":"https:\/\/tremunpiercing.com\/hr\/wp-json\/wp\/v2\/product_brand?post=20855"},{"taxonomy":"product_cat","embeddable":true,"href":"https:\/\/tremunpiercing.com\/hr\/wp-json\/wp\/v2\/product_cat?post=20855"},{"taxonomy":"product_tag","embeddable":true,"href":"https:\/\/tremunpiercing.com\/hr\/wp-json\/wp\/v2\/product_tag?post=20855"}],"curies":[{"name":"radni list","href":"https:\/\/api.w.org\/{rel}","templated":true}]}}