{"id":21097,"date":"2025-09-05T16:57:21","date_gmt":"2025-09-05T15:57:21","guid":{"rendered":"https:\/\/tremunpiercing.com\/?post_type=product&#038;p=21097"},"modified":"2026-04-20T16:10:06","modified_gmt":"2026-04-20T15:10:06","slug":"kirsty","status":"publish","type":"product","link":"https:\/\/tremunpiercing.com\/hr\/product\/kirsty\/","title":{"rendered":"Kirsty"},"content":{"rendered":"<p>Kirsty zra\u010di suptilnom sofisticirano\u0161\u0107u, s eteri\u010dnim mjese\u010devim kamenom u duginim bojama u sredi\u0161tu. Stra\u017enja strana ovog dodatka od 14-karatnog \u017eutog zlata dizajnirana je za ljude koji cijene jednostavnost u ljepoti i luksuzu. Mo\u017eete biti sigurni da \u0107e svi va\u0161i klijenti cijeniti sustav igala od 25G, koji omogu\u0107uje jednostavnu ugradnju - izvrsno za profesionalce u piercingu koji \u017eele i eleganciju i funkcionalnost u svojim komadima.<\/p>\n<p>Njegov prirodni sjaj mjese\u010devog kamena \u010dini ga savr\u0161enim izborom za bilo koji piercing u obliku re\u017enja, ravnog ili spiralnog oblika. Kirsty je lagan, a opet zna\u010dajan; duhovna \u010darolija mjese\u010devog kamena nadopunjuje njegov suvremeni senzibilitet, \u010dine\u0107i ga po\u017eeljnim predmetom u premium studijima za piercing i kolekcijama nakita diljem svijeta.<\/p>","protected":false},"excerpt":{"rendered":"<ul>\n<li>Pribor za pribada\u010de<\/li>\n<li>Mjera\u010d: 25G<\/li>\n<li>Materijal: \u017duto zlato 14k<\/li>\n<li>Dragulj: Mjese\u010dev kamen duge<\/li>\n<\/ul>","protected":false},"featured_media":21098,"comment_status":"closed","ping_status":"closed","template":"","meta":{"_acf_changed":false},"product_brand":[],"product_cat":[400,337,463],"product_tag":[187,188,189,205,206,190,183,184,207],"class_list":{"0":"post-21097","1":"product","2":"type-product","3":"status-publish","4":"has-post-thumbnail","6":"product_cat-tremun","7":"product_cat-gold-jewelry","8":"product_cat-tops-gold-tremun","9":"product_tag-conch","10":"product_tag-ear","11":"product_tag-helix","12":"product_tag-lobe","13":"product_tag-lobulo","14":"product_tag-oreja","15":"product_tag-perforacion","16":"product_tag-piercing","17":"product_tag-tragus","19":"first","20":"instock","21":"taxable","22":"shipping-taxable","23":"purchasable","24":"product-type-simple"},"acf":[],"gallery_images":[29234,29235],"_links":{"self":[{"href":"https:\/\/tremunpiercing.com\/hr\/wp-json\/wp\/v2\/product\/21097","targetHints":{"allow":["GET"]}}],"collection":[{"href":"https:\/\/tremunpiercing.com\/hr\/wp-json\/wp\/v2\/product"}],"about":[{"href":"https:\/\/tremunpiercing.com\/hr\/wp-json\/wp\/v2\/types\/product"}],"replies":[{"embeddable":true,"href":"https:\/\/tremunpiercing.com\/hr\/wp-json\/wp\/v2\/comments?post=21097"}],"version-history":[{"count":1,"href":"https:\/\/tremunpiercing.com\/hr\/wp-json\/wp\/v2\/product\/21097\/revisions"}],"predecessor-version":[{"id":29238,"href":"https:\/\/tremunpiercing.com\/hr\/wp-json\/wp\/v2\/product\/21097\/revisions\/29238"}],"wp:featuredmedia":[{"embeddable":true,"href":"https:\/\/tremunpiercing.com\/hr\/wp-json\/wp\/v2\/media\/21098"}],"wp:attachment":[{"href":"https:\/\/tremunpiercing.com\/hr\/wp-json\/wp\/v2\/media?parent=21097"}],"wp:term":[{"taxonomy":"product_brand","embeddable":true,"href":"https:\/\/tremunpiercing.com\/hr\/wp-json\/wp\/v2\/product_brand?post=21097"},{"taxonomy":"product_cat","embeddable":true,"href":"https:\/\/tremunpiercing.com\/hr\/wp-json\/wp\/v2\/product_cat?post=21097"},{"taxonomy":"product_tag","embeddable":true,"href":"https:\/\/tremunpiercing.com\/hr\/wp-json\/wp\/v2\/product_tag?post=21097"}],"curies":[{"name":"radni list","href":"https:\/\/api.w.org\/{rel}","templated":true}]}}