{"id":21264,"date":"2025-09-08T14:51:35","date_gmt":"2025-09-08T13:51:35","guid":{"rendered":"https:\/\/tremunpiercing.com\/?post_type=product&#038;p=21264"},"modified":"2026-04-09T11:07:45","modified_gmt":"2026-04-09T10:07:45","slug":"tess","status":"publish","type":"product","link":"https:\/\/tremunpiercing.com\/hr\/product\/tess\/","title":{"rendered":"Tess"},"content":{"rendered":"<h2>Pribada\u010da Tess Rainbow Mjese\u010dev kamen<\/h2>\n<p>Tess privjesak s duginim mjese\u010devim kamenom i zatvaranjem prekrasan je komad nakita koji \u0107e privu\u0107i klijentice koje vole organsku ljepotu s da\u0161kom misterije. Izra\u0111en je od 14-karatnog \u017eutog zlata i odlikuje se blistavim prelijevanjem duginog mjese\u010devog kamena, poznatog po svojim mint bljeskovima plavih i duginih boja. Gusto\u0107a je 25G, \u0161to omogu\u0107uje precizno postavljanje i udobno pristajanje; tako\u0111er ima zatvaranje s pri\u010dvr\u0161\u0107iva\u010dem koje stvara samopouzdanje i prakti\u010dnost.<\/p>\n<p>Ovaj dizajn namijenjen je profesionalnim piercerima, kao i trgovcima nakitom koji \u017eele pru\u017eiti bogate dizajne s dragim kamenjem koje \u0107e zra\u010diti sjajem i blistavo\u0161\u0107u uz pa\u017eljivo odabrane projekte za u\u0161i. Eteri\u010dni izgled duginog mjese\u010devog kamena posebno je popularan me\u0111u klijentima koji \u017eele nositi vrhunsko drago kamenje koje je simboli\u010dno i elegantno. Tess igla s duginim mjese\u010devim kamenom omogu\u0107it \u0107e maloprodajnim klijentima zainteresiranim za vrhunski piercing da nose vrhunski luksuzni dizajn s izborom prekrasnog dragog kamenja.<\/p>","protected":false},"excerpt":{"rendered":"<ul>\n<li>Pribor za pribada\u010de<\/li>\n<li>Mjera\u010d: 25G<\/li>\n<li>Materijal: \u017duto zlato 14k<\/li>\n<li>Dragulj: Mjese\u010dev kamen duge<\/li>\n<\/ul>","protected":false},"featured_media":21265,"comment_status":"closed","ping_status":"closed","template":"","meta":{"_acf_changed":false},"product_brand":[],"product_cat":[400,337,463],"product_tag":[187,188,189,205,206,190,183,184,207],"class_list":{"0":"post-21264","1":"product","2":"type-product","3":"status-publish","4":"has-post-thumbnail","6":"product_cat-tremun","7":"product_cat-gold-jewelry","8":"product_cat-tops-gold-tremun","9":"product_tag-conch","10":"product_tag-ear","11":"product_tag-helix","12":"product_tag-lobe","13":"product_tag-lobulo","14":"product_tag-oreja","15":"product_tag-perforacion","16":"product_tag-piercing","17":"product_tag-tragus","19":"first","20":"instock","21":"taxable","22":"shipping-taxable","23":"purchasable","24":"product-type-simple"},"acf":[],"gallery_images":[21266,29226,29227],"_links":{"self":[{"href":"https:\/\/tremunpiercing.com\/hr\/wp-json\/wp\/v2\/product\/21264","targetHints":{"allow":["GET"]}}],"collection":[{"href":"https:\/\/tremunpiercing.com\/hr\/wp-json\/wp\/v2\/product"}],"about":[{"href":"https:\/\/tremunpiercing.com\/hr\/wp-json\/wp\/v2\/types\/product"}],"replies":[{"embeddable":true,"href":"https:\/\/tremunpiercing.com\/hr\/wp-json\/wp\/v2\/comments?post=21264"}],"version-history":[{"count":1,"href":"https:\/\/tremunpiercing.com\/hr\/wp-json\/wp\/v2\/product\/21264\/revisions"}],"predecessor-version":[{"id":29228,"href":"https:\/\/tremunpiercing.com\/hr\/wp-json\/wp\/v2\/product\/21264\/revisions\/29228"}],"wp:featuredmedia":[{"embeddable":true,"href":"https:\/\/tremunpiercing.com\/hr\/wp-json\/wp\/v2\/media\/21265"}],"wp:attachment":[{"href":"https:\/\/tremunpiercing.com\/hr\/wp-json\/wp\/v2\/media?parent=21264"}],"wp:term":[{"taxonomy":"product_brand","embeddable":true,"href":"https:\/\/tremunpiercing.com\/hr\/wp-json\/wp\/v2\/product_brand?post=21264"},{"taxonomy":"product_cat","embeddable":true,"href":"https:\/\/tremunpiercing.com\/hr\/wp-json\/wp\/v2\/product_cat?post=21264"},{"taxonomy":"product_tag","embeddable":true,"href":"https:\/\/tremunpiercing.com\/hr\/wp-json\/wp\/v2\/product_tag?post=21264"}],"curies":[{"name":"radni list","href":"https:\/\/api.w.org\/{rel}","templated":true}]}}