{"id":21283,"date":"2025-09-08T15:31:52","date_gmt":"2025-09-08T14:31:52","guid":{"rendered":"https:\/\/tremunpiercing.com\/?post_type=product&#038;p=21283"},"modified":"2026-04-16T14:18:59","modified_gmt":"2026-04-16T13:18:59","slug":"margot-amethyst","status":"publish","type":"product","link":"https:\/\/tremunpiercing.com\/hr\/product\/margot-amethyst\/","title":{"rendered":"Margot \u2013 Ametist"},"content":{"rendered":"<p>Margot Amethyst Pribada\u010da za push-up bro\u0161eve upe\u010datljiva je kombinacija kvalitetne izrade i ljepote prirodnog dragog kamenja. Ovaj sigurni komad, izra\u0111en od 14-karatnog \u017eutog zlata, sadr\u017ei bogati ametist, tamnoljubi\u010dasti dragulj povezan sa smireno\u0161\u0107u i kreativno\u0161\u0107u. Prekrasno nadopunjen s dva bijela Swarovski kamena za da\u0161ak sjaja i svjetlucanja, ametist sja jo\u0161 ja\u010de na bijelom kamenu, a istovremeno izgleda prirodno. Komadi su vrlo sigurno izra\u0111eni s debljinom od 25G i dizajnom igle za precizno postavljanje i udobnost, \u0161to ih \u010dini idealnim za profesionalne piercere.<\/p>\n<p>Dobro dizajnirana kop\u010da s pin zatvara\u010dem je izdr\u017eljiva, udobna, jednostavna za umetanje i uklanjanje te dizajnirana za sve potrebe piercera i klijenata. Mnogi smatraju ovaj dodatak jednim od svojih omiljenih za kurirane projekte s u\u0161ima, \u0161to ga \u010dini zanimljivom, ali luksuznom i zna\u010dajnom opcijom dragog kamenja za sljede\u0107i komad nakita. Dodatak s pin zatvara\u010dem prekrasan je dodatak kolekciji nakita svakog piercera, ali je i savr\u0161en dodatak za trgovca nakitom za tijelo. Postat \u0107e osnovni dio svake kolekcije piercinga, \u0161to ga \u010dini svestranim, sigurnim i visokokvalitetnim komadom nakita za tijelo koji \u0107e podi\u0107i svaku kolekciju piercinga.<\/p>","protected":false},"excerpt":{"rendered":"<ul>\n<li>Pribor za pribada\u010de<\/li>\n<li>Mjera\u010d: 25G<\/li>\n<li>Materijal: \u017duto zlato 14k<\/li>\n<li>Dragulj: Ametist + jugozapadno bijela<\/li>\n<\/ul>","protected":false},"featured_media":21284,"comment_status":"closed","ping_status":"closed","template":"","meta":{"_acf_changed":false},"product_brand":[],"product_cat":[400,337,463],"product_tag":[187,188,189,205,206,190,183,184,207],"class_list":{"0":"post-21283","1":"product","2":"type-product","3":"status-publish","4":"has-post-thumbnail","6":"product_cat-tremun","7":"product_cat-gold-jewelry","8":"product_cat-tops-gold-tremun","9":"product_tag-conch","10":"product_tag-ear","11":"product_tag-helix","12":"product_tag-lobe","13":"product_tag-lobulo","14":"product_tag-oreja","15":"product_tag-perforacion","16":"product_tag-piercing","17":"product_tag-tragus","19":"first","20":"instock","21":"taxable","22":"shipping-taxable","23":"purchasable","24":"product-type-simple"},"acf":[],"gallery_images":[29216,29217],"_links":{"self":[{"href":"https:\/\/tremunpiercing.com\/hr\/wp-json\/wp\/v2\/product\/21283","targetHints":{"allow":["GET"]}}],"collection":[{"href":"https:\/\/tremunpiercing.com\/hr\/wp-json\/wp\/v2\/product"}],"about":[{"href":"https:\/\/tremunpiercing.com\/hr\/wp-json\/wp\/v2\/types\/product"}],"replies":[{"embeddable":true,"href":"https:\/\/tremunpiercing.com\/hr\/wp-json\/wp\/v2\/comments?post=21283"}],"version-history":[{"count":1,"href":"https:\/\/tremunpiercing.com\/hr\/wp-json\/wp\/v2\/product\/21283\/revisions"}],"predecessor-version":[{"id":29218,"href":"https:\/\/tremunpiercing.com\/hr\/wp-json\/wp\/v2\/product\/21283\/revisions\/29218"}],"wp:featuredmedia":[{"embeddable":true,"href":"https:\/\/tremunpiercing.com\/hr\/wp-json\/wp\/v2\/media\/21284"}],"wp:attachment":[{"href":"https:\/\/tremunpiercing.com\/hr\/wp-json\/wp\/v2\/media?parent=21283"}],"wp:term":[{"taxonomy":"product_brand","embeddable":true,"href":"https:\/\/tremunpiercing.com\/hr\/wp-json\/wp\/v2\/product_brand?post=21283"},{"taxonomy":"product_cat","embeddable":true,"href":"https:\/\/tremunpiercing.com\/hr\/wp-json\/wp\/v2\/product_cat?post=21283"},{"taxonomy":"product_tag","embeddable":true,"href":"https:\/\/tremunpiercing.com\/hr\/wp-json\/wp\/v2\/product_tag?post=21283"}],"curies":[{"name":"radni list","href":"https:\/\/api.w.org\/{rel}","templated":true}]}}