{"id":21286,"date":"2025-09-08T15:37:04","date_gmt":"2025-09-08T14:37:04","guid":{"rendered":"https:\/\/tremunpiercing.com\/?post_type=product&#038;p=21286"},"modified":"2026-04-09T10:36:23","modified_gmt":"2026-04-09T09:36:23","slug":"margot-swiss-blue-topaz","status":"publish","type":"product","link":"https:\/\/tremunpiercing.com\/hr\/product\/margot-swiss-blue-topaz\/","title":{"rendered":"Margot \u2013 \u0160vicarski plavi topaz"},"content":{"rendered":"<h2 data-start=\"5461\" data-end=\"5516\">Margot Swiss Blue Topaz (dodatak za pribada\u010de)<\/h2>\n<p>Margot igla za piercing s plavim \u0161vicarskim topazom uljep\u0161ava va\u0161u kolekciju profesionalnih piercinga. Izra\u0111ena je od 14-karatnog \u017eutog zlata i isti\u010de dramati\u010dnu \u010disto\u0107u plavog \u0161vicarskog topaza, a bijeli Swarovski kamen dodaje sofisticirani sjaj. Klasi\u010dna plava boja bezvremenski je izbor, moderna i lako se kombinira u dizajniranom, pa\u017eljivo odabranom uhu.<\/p>\n<p>Dodatak ima 25G, dobro pristaje i slu\u017ei kao pribada\u010da, pru\u017eaju\u0107i siguran komad za piercere uz jednostavno postavljanje. Ovo je izvrsno za va\u0161 studio ili dobavlja\u010da nakita koji nude \u017eivotni ciklus luksuza s udobnim dizajnom nakita za tijelo za klijente koji vole fino drago kamenje. Margot Swiss Blue Topaz je zapanjuju\u0107i komad izrade i odva\u017ene boje; ovaj dodatak se primje\u0107uje u ponudi svakog iskustva piercinga.<\/p>","protected":false},"excerpt":{"rendered":"<ul>\n<li>Pribor za pribada\u010de<\/li>\n<li>Mjera\u010d: 25G<\/li>\n<li>Materijal: \u017duto zlato 14k<\/li>\n<li>Dragulj: \u0160vicarski plavi topaz + SW bijeli<\/li>\n<\/ul>","protected":false},"featured_media":21287,"comment_status":"closed","ping_status":"closed","template":"","meta":{"_acf_changed":false},"product_brand":[],"product_cat":[400,337,463],"product_tag":[187,188,189,205,206,190,183,184,207],"class_list":{"0":"post-21286","1":"product","2":"type-product","3":"status-publish","4":"has-post-thumbnail","6":"product_cat-tremun","7":"product_cat-gold-jewelry","8":"product_cat-tops-gold-tremun","9":"product_tag-conch","10":"product_tag-ear","11":"product_tag-helix","12":"product_tag-lobe","13":"product_tag-lobulo","14":"product_tag-oreja","15":"product_tag-perforacion","16":"product_tag-piercing","17":"product_tag-tragus","19":"first","20":"instock","21":"taxable","22":"shipping-taxable","23":"purchasable","24":"product-type-simple"},"acf":[],"gallery_images":[29213,29214],"_links":{"self":[{"href":"https:\/\/tremunpiercing.com\/hr\/wp-json\/wp\/v2\/product\/21286","targetHints":{"allow":["GET"]}}],"collection":[{"href":"https:\/\/tremunpiercing.com\/hr\/wp-json\/wp\/v2\/product"}],"about":[{"href":"https:\/\/tremunpiercing.com\/hr\/wp-json\/wp\/v2\/types\/product"}],"replies":[{"embeddable":true,"href":"https:\/\/tremunpiercing.com\/hr\/wp-json\/wp\/v2\/comments?post=21286"}],"version-history":[{"count":1,"href":"https:\/\/tremunpiercing.com\/hr\/wp-json\/wp\/v2\/product\/21286\/revisions"}],"predecessor-version":[{"id":29215,"href":"https:\/\/tremunpiercing.com\/hr\/wp-json\/wp\/v2\/product\/21286\/revisions\/29215"}],"wp:featuredmedia":[{"embeddable":true,"href":"https:\/\/tremunpiercing.com\/hr\/wp-json\/wp\/v2\/media\/21287"}],"wp:attachment":[{"href":"https:\/\/tremunpiercing.com\/hr\/wp-json\/wp\/v2\/media?parent=21286"}],"wp:term":[{"taxonomy":"product_brand","embeddable":true,"href":"https:\/\/tremunpiercing.com\/hr\/wp-json\/wp\/v2\/product_brand?post=21286"},{"taxonomy":"product_cat","embeddable":true,"href":"https:\/\/tremunpiercing.com\/hr\/wp-json\/wp\/v2\/product_cat?post=21286"},{"taxonomy":"product_tag","embeddable":true,"href":"https:\/\/tremunpiercing.com\/hr\/wp-json\/wp\/v2\/product_tag?post=21286"}],"curies":[{"name":"radni list","href":"https:\/\/api.w.org\/{rel}","templated":true}]}}