{"id":21289,"date":"2025-09-08T15:46:02","date_gmt":"2025-09-08T14:46:02","guid":{"rendered":"https:\/\/tremunpiercing.com\/?post_type=product&#038;p=21289"},"modified":"2026-04-09T10:42:38","modified_gmt":"2026-04-09T09:42:38","slug":"margot-mystic-topaz","status":"publish","type":"product","link":"https:\/\/tremunpiercing.com\/hr\/product\/margot-mystic-topaz\/","title":{"rendered":"Margot \u2013 Misti\u010dni topaz"},"content":{"rendered":"<h2>Margot Misti\u010dni Topaz (dodatak za pribada\u010de)<\/h2>\n<p>Margot privjesak s misti\u010dnim topazom pun je boja i izra\u0111en od luksuznog masivnog 14-karatnog \u017eutog zlata. Prate\u0107a svjetlucava boja je misti\u010dni topaz, vje\u0161to umotan u ovu prekrasnu kreaciju, koja ima iridescentnu igru boja koja pravilno pada na svjetlost; s pobolj\u0161anjem bijelih Swarovski kamen\u010di\u0107a, stvoren je da blista. S debljinom od 25G, namijenjen je za sigurnost i udobnost profesionalnog piercinga.<\/p>\n<p>Pritisna igla omogu\u0107uje bu\u0161ilici da izbjegne komplikacije, a istovremeno pru\u017ea sigurnost i izdr\u017eljivost. Ako ste studio ili maloprodajna jedinica, ovo je dobitni izbor za izlaganje i zadovoljavanje zahtjeva vrhunske kvalitete kupaca koji su svjesni stila. Margot Mystic Topaz ne samo da ima komponente izra\u0111ene od kvalitetnih materijala, ve\u0107 ima i kvalitete fasetiranja koje unose jedinstvenost i vibraciju u projekte izrade u\u0161iju. U kona\u010dnici, kombinira eleganciju s osvje\u017eavaju\u0107e osobnim zaokretom, \u0161to ga \u010dini neizostavnim za profesionalce koji tra\u017ee vrhunski nakit.<\/p>","protected":false},"excerpt":{"rendered":"<ul>\n<li>Pribor za pribada\u010de<\/li>\n<li>Mjera\u010d: 25G<\/li>\n<li>Materijal: \u017duto zlato 14k<\/li>\n<li>Dragulj: Misti\u010dni topaz + jugozapadno bijela<\/li>\n<\/ul>","protected":false},"featured_media":21290,"comment_status":"closed","ping_status":"closed","template":"","meta":{"_acf_changed":false},"product_brand":[],"product_cat":[400,337,463],"product_tag":[187,188,189,205,206,190,183,184,207],"class_list":{"0":"post-21289","1":"product","2":"type-product","3":"status-publish","4":"has-post-thumbnail","6":"product_cat-tremun","7":"product_cat-gold-jewelry","8":"product_cat-tops-gold-tremun","9":"product_tag-conch","10":"product_tag-ear","11":"product_tag-helix","12":"product_tag-lobe","13":"product_tag-lobulo","14":"product_tag-oreja","15":"product_tag-perforacion","16":"product_tag-piercing","17":"product_tag-tragus","19":"first","20":"instock","21":"taxable","22":"shipping-taxable","23":"purchasable","24":"product-type-simple"},"acf":[],"gallery_images":[29220,29219],"_links":{"self":[{"href":"https:\/\/tremunpiercing.com\/hr\/wp-json\/wp\/v2\/product\/21289","targetHints":{"allow":["GET"]}}],"collection":[{"href":"https:\/\/tremunpiercing.com\/hr\/wp-json\/wp\/v2\/product"}],"about":[{"href":"https:\/\/tremunpiercing.com\/hr\/wp-json\/wp\/v2\/types\/product"}],"replies":[{"embeddable":true,"href":"https:\/\/tremunpiercing.com\/hr\/wp-json\/wp\/v2\/comments?post=21289"}],"version-history":[{"count":1,"href":"https:\/\/tremunpiercing.com\/hr\/wp-json\/wp\/v2\/product\/21289\/revisions"}],"predecessor-version":[{"id":29221,"href":"https:\/\/tremunpiercing.com\/hr\/wp-json\/wp\/v2\/product\/21289\/revisions\/29221"}],"wp:featuredmedia":[{"embeddable":true,"href":"https:\/\/tremunpiercing.com\/hr\/wp-json\/wp\/v2\/media\/21290"}],"wp:attachment":[{"href":"https:\/\/tremunpiercing.com\/hr\/wp-json\/wp\/v2\/media?parent=21289"}],"wp:term":[{"taxonomy":"product_brand","embeddable":true,"href":"https:\/\/tremunpiercing.com\/hr\/wp-json\/wp\/v2\/product_brand?post=21289"},{"taxonomy":"product_cat","embeddable":true,"href":"https:\/\/tremunpiercing.com\/hr\/wp-json\/wp\/v2\/product_cat?post=21289"},{"taxonomy":"product_tag","embeddable":true,"href":"https:\/\/tremunpiercing.com\/hr\/wp-json\/wp\/v2\/product_tag?post=21289"}],"curies":[{"name":"radni list","href":"https:\/\/api.w.org\/{rel}","templated":true}]}}