{"id":21292,"date":"2025-09-08T15:56:07","date_gmt":"2025-09-08T14:56:07","guid":{"rendered":"https:\/\/tremunpiercing.com\/?post_type=product&#038;p=21292"},"modified":"2026-04-09T10:36:05","modified_gmt":"2026-04-09T09:36:05","slug":"margot-tsavorite","status":"publish","type":"product","link":"https:\/\/tremunpiercing.com\/hr\/product\/margot-tsavorite\/","title":{"rendered":"Margot \u2013 Tsavorite"},"content":{"rendered":"<h2>Margot Tsavorite (pribor za pribada\u010de)<\/h2>\n<p>Margot Tsavorite pribada\u010da spaja luksuz 14-karatnog \u017eutog zlata sa \u017eivahnim sjajem zelenog tsavorita. Sa \u017eivopisnim bojama kvalitete dragog kamenja, tsavorit trenutno podi\u017ee svaki ure\u0111eni izgled uha. Uparena sa Swarovski bijelim kamenjem, Margot pribada\u010da fantasti\u010dno spaja smjelost s da\u0161kom sjaja. Nje\u017ena debljina od 25G nudi udobno no\u0161enje uz sigurno dr\u017eanje, \u0161to je \u010dini izvrsnom opcijom i za nove i za ve\u0107 zacijeljene piercinge. Na\u0161 sustav pribada\u010da olak\u0161ava no\u0161enje, jam\u010di profesionalno dr\u017eanje i zadovoljava zahtjeve studija za piercing ili zlatara koji cijene luksuz i jednostavnost kori\u0161tenja. Margot pribada\u010da postala je omiljena me\u0111u klijentima koji tra\u017ee privla\u010dan komad nakita koji privla\u010di pa\u017enju i ne obi\u010dan je, a ipak u\u017eivaju u privla\u010dnom osje\u0107aju vrhunskog nakita. S Margotinom primamljivom jednostavno\u0161\u0107u, komplementarnim bojama i stru\u010dnom izradom, izvrstan je izbor za svaku profesionalnu trgovinu.<\/p>","protected":false},"excerpt":{"rendered":"<ul>\n<li>Pribor za pribada\u010de<\/li>\n<li>Mjera\u010d: 25G<\/li>\n<li>Materijal: \u017duto zlato 14k<\/li>\n<li>Dragulj: Tsavorit + SW bijela<\/li>\n<\/ul>","protected":false},"featured_media":21293,"comment_status":"closed","ping_status":"closed","template":"","meta":{"_acf_changed":false},"product_brand":[],"product_cat":[400,337,463],"product_tag":[187,188,189,205,206,190,183,184,207],"class_list":{"0":"post-21292","1":"product","2":"type-product","3":"status-publish","4":"has-post-thumbnail","6":"product_cat-tremun","7":"product_cat-gold-jewelry","8":"product_cat-tops-gold-tremun","9":"product_tag-conch","10":"product_tag-ear","11":"product_tag-helix","12":"product_tag-lobe","13":"product_tag-lobulo","14":"product_tag-oreja","15":"product_tag-perforacion","16":"product_tag-piercing","17":"product_tag-tragus","19":"first","20":"instock","21":"taxable","22":"shipping-taxable","23":"purchasable","24":"product-type-simple"},"acf":[],"gallery_images":[29210,29211],"_links":{"self":[{"href":"https:\/\/tremunpiercing.com\/hr\/wp-json\/wp\/v2\/product\/21292","targetHints":{"allow":["GET"]}}],"collection":[{"href":"https:\/\/tremunpiercing.com\/hr\/wp-json\/wp\/v2\/product"}],"about":[{"href":"https:\/\/tremunpiercing.com\/hr\/wp-json\/wp\/v2\/types\/product"}],"replies":[{"embeddable":true,"href":"https:\/\/tremunpiercing.com\/hr\/wp-json\/wp\/v2\/comments?post=21292"}],"version-history":[{"count":1,"href":"https:\/\/tremunpiercing.com\/hr\/wp-json\/wp\/v2\/product\/21292\/revisions"}],"predecessor-version":[{"id":29212,"href":"https:\/\/tremunpiercing.com\/hr\/wp-json\/wp\/v2\/product\/21292\/revisions\/29212"}],"wp:featuredmedia":[{"embeddable":true,"href":"https:\/\/tremunpiercing.com\/hr\/wp-json\/wp\/v2\/media\/21293"}],"wp:attachment":[{"href":"https:\/\/tremunpiercing.com\/hr\/wp-json\/wp\/v2\/media?parent=21292"}],"wp:term":[{"taxonomy":"product_brand","embeddable":true,"href":"https:\/\/tremunpiercing.com\/hr\/wp-json\/wp\/v2\/product_brand?post=21292"},{"taxonomy":"product_cat","embeddable":true,"href":"https:\/\/tremunpiercing.com\/hr\/wp-json\/wp\/v2\/product_cat?post=21292"},{"taxonomy":"product_tag","embeddable":true,"href":"https:\/\/tremunpiercing.com\/hr\/wp-json\/wp\/v2\/product_tag?post=21292"}],"curies":[{"name":"radni list","href":"https:\/\/api.w.org\/{rel}","templated":true}]}}