{"id":21295,"date":"2025-09-08T16:02:55","date_gmt":"2025-09-08T15:02:55","guid":{"rendered":"https:\/\/tremunpiercing.com\/?post_type=product&#038;p=21295"},"modified":"2026-04-09T10:18:15","modified_gmt":"2026-04-09T09:18:15","slug":"margot-moss-agate","status":"publish","type":"product","link":"https:\/\/tremunpiercing.com\/hr\/product\/margot-moss-agate\/","title":{"rendered":"Margot \u2013 mahovinski ahat"},"content":{"rendered":"<h2>Margot Moss Agate (dodatak za pribada\u010de)<\/h2>\n<p>Margot Moss Agate Push Pin dodatak je sofisticirani komad nakita za tijelo izra\u0111en od 14-karatnog \u017eutog zlata, s namjerom da pobolj\u0161a umjetni\u010dki stil suvremenog procesa piercinga. Izrada nagla\u0161ava organski oblik mahovine agata, istovremeno isti\u010du\u0107i organsku ljepotu dragulja: prirodne zelene inkluzije koje kamenu daju karakter. Swarovski bijeli detalji dodaju savr\u0161enu koli\u010dinu sjaja, a istovremeno ostaju mekani i nosivi. S preciznom gusto\u0107om od 25G, dodatak je udoban i napravljen za profesionalnu upotrebu u raznim polo\u017eajima piercinga uha.<\/p>\n<p>Zahvaljuju\u0107i zna\u010dajkama poput prirodnog zatvaranja na pritisak, ovaj komad nakita nudi idealnu kombinaciju sigurnosti, a istovremeno mo\u017eete biti sigurni da \u0107e se nositi svaki dan znaju\u0107i da \u0107e izdr\u017eati sve napore koje nudi samo jedan dodatak. Idealna je ponuda za piercing studio ili trgovinu nakitom. Margot Moss Agate savr\u0161en je odraz luksuzne umjetnosti koja susre\u0107e organski \u0161arm. Ova ponuda zasigurno \u0107e odu\u0161eviti va\u0161e klijente i postati njihov prvi izbor koji \u0107e im pru\u017eiti osje\u0107aj zemljane profinjenosti. Dodatak \u0107e se uklopiti u svaki kurativni projekt uha i ponuditi jedinstvenost koja \u0107e Margot Moss Agate Push pin dodatak u\u010diniti neizostavnim dodatkom svakoj profesionalnoj ili scenskoj kolekciji.<\/p>","protected":false},"excerpt":{"rendered":"<ul>\n<li>Pribor za pribada\u010de<\/li>\n<li>Mjera\u010d: 25G<\/li>\n<li>Materijal: \u017duto zlato 14k<\/li>\n<li>Dragulj: Mahovinski ahat + SW bijela<\/li>\n<\/ul>","protected":false},"featured_media":21296,"comment_status":"closed","ping_status":"closed","template":"","meta":{"_acf_changed":false},"product_brand":[],"product_cat":[400,337,463],"product_tag":[187,188,189,205,206,190,183,184,207],"class_list":{"0":"post-21295","1":"product","2":"type-product","3":"status-publish","4":"has-post-thumbnail","6":"product_cat-tremun","7":"product_cat-gold-jewelry","8":"product_cat-tops-gold-tremun","9":"product_tag-conch","10":"product_tag-ear","11":"product_tag-helix","12":"product_tag-lobe","13":"product_tag-lobulo","14":"product_tag-oreja","15":"product_tag-perforacion","16":"product_tag-piercing","17":"product_tag-tragus","19":"first","20":"instock","21":"taxable","22":"shipping-taxable","23":"purchasable","24":"product-type-simple"},"acf":[],"gallery_images":[29207,29208],"_links":{"self":[{"href":"https:\/\/tremunpiercing.com\/hr\/wp-json\/wp\/v2\/product\/21295","targetHints":{"allow":["GET"]}}],"collection":[{"href":"https:\/\/tremunpiercing.com\/hr\/wp-json\/wp\/v2\/product"}],"about":[{"href":"https:\/\/tremunpiercing.com\/hr\/wp-json\/wp\/v2\/types\/product"}],"replies":[{"embeddable":true,"href":"https:\/\/tremunpiercing.com\/hr\/wp-json\/wp\/v2\/comments?post=21295"}],"version-history":[{"count":1,"href":"https:\/\/tremunpiercing.com\/hr\/wp-json\/wp\/v2\/product\/21295\/revisions"}],"predecessor-version":[{"id":29209,"href":"https:\/\/tremunpiercing.com\/hr\/wp-json\/wp\/v2\/product\/21295\/revisions\/29209"}],"wp:featuredmedia":[{"embeddable":true,"href":"https:\/\/tremunpiercing.com\/hr\/wp-json\/wp\/v2\/media\/21296"}],"wp:attachment":[{"href":"https:\/\/tremunpiercing.com\/hr\/wp-json\/wp\/v2\/media?parent=21295"}],"wp:term":[{"taxonomy":"product_brand","embeddable":true,"href":"https:\/\/tremunpiercing.com\/hr\/wp-json\/wp\/v2\/product_brand?post=21295"},{"taxonomy":"product_cat","embeddable":true,"href":"https:\/\/tremunpiercing.com\/hr\/wp-json\/wp\/v2\/product_cat?post=21295"},{"taxonomy":"product_tag","embeddable":true,"href":"https:\/\/tremunpiercing.com\/hr\/wp-json\/wp\/v2\/product_tag?post=21295"}],"curies":[{"name":"radni list","href":"https:\/\/api.w.org\/{rel}","templated":true}]}}