{"id":21956,"date":"2025-09-17T16:26:13","date_gmt":"2025-09-17T15:26:13","guid":{"rendered":"https:\/\/tremunpiercing.com\/?post_type=product&#038;p=21956"},"modified":"2026-04-14T16:47:27","modified_gmt":"2026-04-14T15:47:27","slug":"prong-leaf-light-peony-opal","status":"publish","type":"product","link":"https:\/\/tremunpiercing.com\/hr\/product\/prong-leaf-light-peony-opal\/","title":{"rendered":"Opal od svijetlog bo\u017eura s listovima pronga"},"content":{"rendered":"<p>Nakit Prong Leaf Light Peony Opal ima meke opalescentne tonove koji nje\u017eno svjetlucaju u bilo kojem svjetlu. Izra\u0111en od titana implantatne kvalitete (F-136), ovaj ru\u010dno navojeni nakit za tijelo ima jedinstvene zna\u010dajke u obliku lista i svijetlo bo\u017eurno opal drago kamenje koje daje prirodan, ali luksuzan stil. S razli\u010ditim veli\u010dinama kuglica (4 mm \u2013 6 mm i 5 mm \u2013 8 mm i 11 mm), omogu\u0107uje profesionalnim piercerima da izrade jedinstveni nakit za svoje klijente i mo\u017ee se nositi u piercingu pupka, spirale ili \u0161koljke. Sigurnost navoja, kao i osje\u0107aj ovog nakita, osiguravaju vam udobnost pri svakodnevnom no\u0161enju.<\/p>\n<p>Ovaj ukrasni komad nakita za tijelo savr\u0161en je \u017eenstveni dodatak svakom odabranom uhu ili kolekciji, a vrlo je popularan zahtjev me\u0111u studijima za piercing i trgovcima nakitom u Europi, Velikoj Britaniji i SAD-u.<\/p>","protected":false},"excerpt":{"rendered":"<ul>\n<li>Unutarnji navoj<\/li>\n<li>Materijal: Titanij F-136 za implantate<\/li>\n<li>Veli\u010dina: 4,5 mm<\/li>\n<li>Mjera\u010d: 16G<\/li>\n<li>Dragulj: Svijetli bo\u017eur opal<\/li>\n<\/ul>","protected":false},"featured_media":22290,"comment_status":"closed","ping_status":"closed","template":"","meta":{"_acf_changed":false},"product_brand":[],"product_cat":[340,343],"product_tag":[187,179,180,188,209,189,210,211,212,199,190,183,213,184,214,185,207],"class_list":{"0":"post-21956","1":"product","2":"type-product","3":"status-publish","4":"has-post-thumbnail","6":"product_cat-titanium-jewelry","7":"product_cat-tops-titanium-jewelry","8":"product_tag-conch","9":"product_tag-cristal","10":"product_tag-cz","11":"product_tag-ear","12":"product_tag-faux-rook","13":"product_tag-helix","14":"product_tag-labret","15":"product_tag-lip","16":"product_tag-medusa","17":"product_tag-nostril","18":"product_tag-oreja","19":"product_tag-perforacion","20":"product_tag-philtrum","21":"product_tag-piercing","22":"product_tag-rook","23":"product_tag-shiny","24":"product_tag-tragus","26":"first","27":"instock","28":"taxable","29":"shipping-taxable","30":"purchasable","31":"product-type-simple"},"acf":[],"gallery_images":[27572,27571],"_links":{"self":[{"href":"https:\/\/tremunpiercing.com\/hr\/wp-json\/wp\/v2\/product\/21956","targetHints":{"allow":["GET"]}}],"collection":[{"href":"https:\/\/tremunpiercing.com\/hr\/wp-json\/wp\/v2\/product"}],"about":[{"href":"https:\/\/tremunpiercing.com\/hr\/wp-json\/wp\/v2\/types\/product"}],"replies":[{"embeddable":true,"href":"https:\/\/tremunpiercing.com\/hr\/wp-json\/wp\/v2\/comments?post=21956"}],"version-history":[{"count":1,"href":"https:\/\/tremunpiercing.com\/hr\/wp-json\/wp\/v2\/product\/21956\/revisions"}],"predecessor-version":[{"id":27575,"href":"https:\/\/tremunpiercing.com\/hr\/wp-json\/wp\/v2\/product\/21956\/revisions\/27575"}],"wp:featuredmedia":[{"embeddable":true,"href":"https:\/\/tremunpiercing.com\/hr\/wp-json\/wp\/v2\/media\/22290"}],"wp:attachment":[{"href":"https:\/\/tremunpiercing.com\/hr\/wp-json\/wp\/v2\/media?parent=21956"}],"wp:term":[{"taxonomy":"product_brand","embeddable":true,"href":"https:\/\/tremunpiercing.com\/hr\/wp-json\/wp\/v2\/product_brand?post=21956"},{"taxonomy":"product_cat","embeddable":true,"href":"https:\/\/tremunpiercing.com\/hr\/wp-json\/wp\/v2\/product_cat?post=21956"},{"taxonomy":"product_tag","embeddable":true,"href":"https:\/\/tremunpiercing.com\/hr\/wp-json\/wp\/v2\/product_tag?post=21956"}],"curies":[{"name":"radni list","href":"https:\/\/api.w.org\/{rel}","templated":true}]}}