{"id":21988,"date":"2025-09-17T19:20:38","date_gmt":"2025-09-17T18:20:38","guid":{"rendered":"https:\/\/tremunpiercing.com\/?post_type=product&#038;p=21988"},"modified":"2026-03-18T17:08:43","modified_gmt":"2026-03-18T16:08:43","slug":"lena-sw-lavender","status":"publish","type":"product","link":"https:\/\/tremunpiercing.com\/hr\/product\/lena-sw-lavender\/","title":{"rendered":"Lena \u2013 jugozapadna lavanda"},"content":{"rendered":"<p>Lena SW Lavender pru\u017ea le\u017eeran stil i decentnu sofisticiranost. Ove nau\u0161nice od 3 mm, 16G s unutarnjim navojem, izra\u0111ene od titana implantatne kvalitete F-136, krase nje\u017eni Swarovski lavandin kristal koji emitira nje\u017ene pastelne tonove. Prekrasne su u piercingu u obliku labreta, tragusa, helixa i lobe.<\/p>\n<p>U\u017eivajte u jednostavnoj ugradnji uz vrhunsku udobnost i za\u0161titu ko\u017ee. Savr\u0161en je za precizno izra\u0111ene piercere, pru\u017eaju\u0107i pouzdan i sofisticiran komad nakita. Umiruju\u0107i sjaj boje lavande savr\u0161en je izbor za klijente koji tra\u017ee ljepotu u decentnom luksuzu u svakodnevnim komadima nakita.<\/p>","protected":false},"excerpt":{"rendered":"<ul>\n<li>Unutarnji navoj<\/li>\n<li>Materijal: Titanij F-136 za implantate<\/li>\n<li>Veli\u010dina: 3 mm<\/li>\n<li>Dragulj: Swarovski kristal<\/li>\n<li>Mjera\u010d: 16G<\/li>\n<\/ul>","protected":false},"featured_media":21989,"comment_status":"closed","ping_status":"closed","template":"","meta":{"_acf_changed":false},"product_brand":[],"product_cat":[442,340,343],"product_tag":[187,188,189,210,211,199,190,183,184],"class_list":{"0":"post-21988","1":"product","2":"type-product","3":"status-publish","4":"has-post-thumbnail","6":"product_cat-sw","7":"product_cat-titanium-jewelry","8":"product_cat-tops-titanium-jewelry","9":"product_tag-conch","10":"product_tag-ear","11":"product_tag-helix","12":"product_tag-labret","13":"product_tag-lip","14":"product_tag-nostril","15":"product_tag-oreja","16":"product_tag-perforacion","17":"product_tag-piercing","19":"first","20":"instock","21":"taxable","22":"shipping-taxable","23":"purchasable","24":"product-type-simple"},"acf":[],"gallery_images":[27515,27514],"_links":{"self":[{"href":"https:\/\/tremunpiercing.com\/hr\/wp-json\/wp\/v2\/product\/21988","targetHints":{"allow":["GET"]}}],"collection":[{"href":"https:\/\/tremunpiercing.com\/hr\/wp-json\/wp\/v2\/product"}],"about":[{"href":"https:\/\/tremunpiercing.com\/hr\/wp-json\/wp\/v2\/types\/product"}],"replies":[{"embeddable":true,"href":"https:\/\/tremunpiercing.com\/hr\/wp-json\/wp\/v2\/comments?post=21988"}],"version-history":[{"count":1,"href":"https:\/\/tremunpiercing.com\/hr\/wp-json\/wp\/v2\/product\/21988\/revisions"}],"predecessor-version":[{"id":27517,"href":"https:\/\/tremunpiercing.com\/hr\/wp-json\/wp\/v2\/product\/21988\/revisions\/27517"}],"wp:featuredmedia":[{"embeddable":true,"href":"https:\/\/tremunpiercing.com\/hr\/wp-json\/wp\/v2\/media\/21989"}],"wp:attachment":[{"href":"https:\/\/tremunpiercing.com\/hr\/wp-json\/wp\/v2\/media?parent=21988"}],"wp:term":[{"taxonomy":"product_brand","embeddable":true,"href":"https:\/\/tremunpiercing.com\/hr\/wp-json\/wp\/v2\/product_brand?post=21988"},{"taxonomy":"product_cat","embeddable":true,"href":"https:\/\/tremunpiercing.com\/hr\/wp-json\/wp\/v2\/product_cat?post=21988"},{"taxonomy":"product_tag","embeddable":true,"href":"https:\/\/tremunpiercing.com\/hr\/wp-json\/wp\/v2\/product_tag?post=21988"}],"curies":[{"name":"radni list","href":"https:\/\/api.w.org\/{rel}","templated":true}]}}