{"id":21991,"date":"2025-09-17T19:36:05","date_gmt":"2025-09-17T18:36:05","guid":{"rendered":"https:\/\/tremunpiercing.com\/?post_type=product&#038;p=21991"},"modified":"2026-03-22T15:52:25","modified_gmt":"2026-03-22T14:52:25","slug":"lena-sw-purplish-pink","status":"publish","type":"product","link":"https:\/\/tremunpiercing.com\/hr\/product\/lena-sw-purplish-pink\/","title":{"rendered":"Lena \u2013 jugozapadno ljubi\u010dasto ru\u017ei\u010dasta"},"content":{"rendered":"<p>Lena SW ljubi\u010dasto-ru\u017ei\u010dasti predstavlja idealan spoj elegancije i moderne sofisticiranosti. Prikladno izra\u0111en od titana implantatne kvalitete F-136, to je komad od 16G, s unutarnjim navojem od 3 mm, koji krasi prekrasan Swarovski ljubi\u010dasto-ru\u017ei\u010dasti kristal, poznat po tome \u0161to sjaji briljantnom vatrom.<\/p>\n<p>Hipoalergena titanska baza pru\u017ea maksimalnu udobnost i dugotrajnost, \u0161to je \u010dini savr\u0161enom za tragus, helix, labret i flat piercing. Unutarnji navoj je siguran i poma\u017ee u smanjenju iritacije, a istovremeno jam\u010di savr\u0161eno pristajanje koje \u0107e profesionalci obo\u017eavati. Nje\u017ena ru\u017ei\u010dasta boja nje\u017ean je, ali samopouzdanje inspiriran dodatak svakom izgledu i omiljena je me\u0111u kupcima za &quot;high-end studio&quot; kolekcije.<\/p>","protected":false},"excerpt":{"rendered":"<ul>\n<li>Unutarnji navoj<\/li>\n<li>Materijal: Titanij F-136 za implantate<\/li>\n<li>Veli\u010dina: 3 mm<\/li>\n<li>Dragulj: Swarovski kristal<\/li>\n<li>Mjera\u010d: 16G<\/li>\n<\/ul>","protected":false},"featured_media":22380,"comment_status":"closed","ping_status":"closed","template":"","meta":{"_acf_changed":false},"product_brand":[],"product_cat":[442,340,343],"product_tag":[187,188,189,210,211,199,190,183,184],"class_list":{"0":"post-21991","1":"product","2":"type-product","3":"status-publish","4":"has-post-thumbnail","6":"product_cat-sw","7":"product_cat-titanium-jewelry","8":"product_cat-tops-titanium-jewelry","9":"product_tag-conch","10":"product_tag-ear","11":"product_tag-helix","12":"product_tag-labret","13":"product_tag-lip","14":"product_tag-nostril","15":"product_tag-oreja","16":"product_tag-perforacion","17":"product_tag-piercing","19":"first","20":"instock","21":"taxable","22":"shipping-taxable","23":"purchasable","24":"product-type-simple"},"acf":[],"gallery_images":[27505,27506],"_links":{"self":[{"href":"https:\/\/tremunpiercing.com\/hr\/wp-json\/wp\/v2\/product\/21991","targetHints":{"allow":["GET"]}}],"collection":[{"href":"https:\/\/tremunpiercing.com\/hr\/wp-json\/wp\/v2\/product"}],"about":[{"href":"https:\/\/tremunpiercing.com\/hr\/wp-json\/wp\/v2\/types\/product"}],"replies":[{"embeddable":true,"href":"https:\/\/tremunpiercing.com\/hr\/wp-json\/wp\/v2\/comments?post=21991"}],"version-history":[{"count":1,"href":"https:\/\/tremunpiercing.com\/hr\/wp-json\/wp\/v2\/product\/21991\/revisions"}],"predecessor-version":[{"id":27507,"href":"https:\/\/tremunpiercing.com\/hr\/wp-json\/wp\/v2\/product\/21991\/revisions\/27507"}],"wp:featuredmedia":[{"embeddable":true,"href":"https:\/\/tremunpiercing.com\/hr\/wp-json\/wp\/v2\/media\/22380"}],"wp:attachment":[{"href":"https:\/\/tremunpiercing.com\/hr\/wp-json\/wp\/v2\/media?parent=21991"}],"wp:term":[{"taxonomy":"product_brand","embeddable":true,"href":"https:\/\/tremunpiercing.com\/hr\/wp-json\/wp\/v2\/product_brand?post=21991"},{"taxonomy":"product_cat","embeddable":true,"href":"https:\/\/tremunpiercing.com\/hr\/wp-json\/wp\/v2\/product_cat?post=21991"},{"taxonomy":"product_tag","embeddable":true,"href":"https:\/\/tremunpiercing.com\/hr\/wp-json\/wp\/v2\/product_tag?post=21991"}],"curies":[{"name":"radni list","href":"https:\/\/api.w.org\/{rel}","templated":true}]}}